{"id":34414,"date":"2014-08-10T09:55:09","date_gmt":"2014-08-10T09:55:09","guid":{"rendered":"http:\/\/helseforhandleren.no\/butikk\/ukategorisert\/abschirmstoff-new-daylite-hf-260-cm\/"},"modified":"2026-03-19T19:44:11","modified_gmt":"2026-03-19T18:44:11","slug":"abschirmstoff-new-daylite-hf-260-cm","status":"publish","type":"product","link":"https:\/\/helseforhandleren.no\/de\/geschaeft\/abschirmung\/fabric-vorhang-de\/abschirmstoff-new-daylite-hf-260-cm\/","title":{"rendered":"Abschirmstoff NEW-DAYLITE, HF, 260 cm"},"content":{"rendered":"<div class=\"product--description\">\n<p>NEW-DAYLITE\u2122 von Swiss-Shield\u00ae ist ein hoch licht- und luftdurchl\u00e4ssiger Stoff aus Trevira\u00ae zur Abschirmung hochfrequenter elektromagnetischer Felder (HF). Typische Anwendung als Store oder zum N\u00e4hen eines Bettbaldachins. Nicht elektrisch leitf\u00e4hig.<\/p>\n<ul>\n<li>Sehr hohe Lichtdurchl\u00e4\u00dfigkeit<\/li>\n<li>Knitterarm durch Trevira\u00ae-Polyester<\/li>\n<li>Excellentes Preis-\/Leistungsverh\u00e4ltnis<\/li>\n<li>Textile Eigenschaften: Waschbar, b\u00fcgelbar, n\u00e4hbar<\/li>\n<li>Qualit\u00e4tseinstufung: Sehr hoch<\/li>\n<\/ul>\n<p>Technische Daten<\/p>\n<ul>\n<li>Breite: 260 cm, +\/- 2 cm<\/li>\n<li>L\u00e4nge: Meterware<\/li>\n<li>Schirmd\u00e4mpfung: 25 dB, zweilagig 34 dB<\/li>\n<li>Farbe: Wei\u00df<\/li>\n<li>Rohstoffe: 78 % Polyester (Trevira), 21 % Kupfer, 1 % Silber<\/li>\n<li>Fl\u00e4chengewicht: 65 g\/m\u00b2<\/li>\n<li>Dimensionsstabilit\u00e4t: +\/- 1 %<\/li>\n<li>Pr\u00fcfnormen: \u00d6ko-Tex Standard 100+1000<\/li>\n<\/ul>\n<div class=\"unterlinie\">Schirmd\u00e4mpfung: Alle angegebenen Schirmd\u00e4mpfungswerte gelten bei 1 GHz. Messung nach ASTM D4935-10 oder IEEE Std 299-2006 oder IEEEE Std 1128-1998 oder ASTM A698\/A698M-07. Das Messprotokoll finden Sie oben unter &#8222;Gutachten Schirmung&#8220;.<\/div>\n<div class=\"unterlinie\"><\/div>\n<div class=\"unterlinie\">Erdung: Elektrisch nicht leitf\u00e4hig. Keine Abschirmung von elektrischen Wechselfeldern (NF), diese m\u00fcssen durch erg\u00e4nzende Ma\u00dfnahmen reduziert werden. Wir empfehlen die Abschirmung mit NSF34, NCV95 oder die Freischaltung mit einem Netzabkoppler.<\/div>\n<\/div>\n","protected":false},"excerpt":{"rendered":"<p>NEW-DAYLITE\u2122 von Swiss-Shield\u00ae ist ein hoch licht- und luftdurchl\u00e4ssiger Stoff aus Trevira\u00ae zur Abschirmung hochfrequenter elektromagnetischer Felder (HF). Typische Anwendung als Store oder zum N\u00e4hen eines Bettbaldachins. Nicht elektrisch leitf\u00e4hig.<\/p>\n","protected":false},"featured_media":82061,"comment_status":"closed","ping_status":"closed","template":"","meta":[],"product_brand":[],"product_cat":[736],"product_tag":[1275,1293,572],"class_list":{"0":"post-34414","1":"product","2":"type-product","3":"status-publish","4":"has-post-thumbnail","6":"product_cat-fabric-vorhang-de","7":"product_tag-skjerming-2","8":"product_tag-stoff-2","9":"product_tag-straling-de","10":"pa_lengde-cm","12":"first","13":"instock","14":"purchasable","15":"product-type-simple"},"_links":{"self":[{"href":"https:\/\/helseforhandleren.no\/de\/wp-json\/wp\/v2\/product\/34414","targetHints":{"allow":["GET"]}}],"collection":[{"href":"https:\/\/helseforhandleren.no\/de\/wp-json\/wp\/v2\/product"}],"about":[{"href":"https:\/\/helseforhandleren.no\/de\/wp-json\/wp\/v2\/types\/product"}],"replies":[{"embeddable":true,"href":"https:\/\/helseforhandleren.no\/de\/wp-json\/wp\/v2\/comments?post=34414"}],"wp:featuredmedia":[{"embeddable":true,"href":"https:\/\/helseforhandleren.no\/de\/wp-json\/wp\/v2\/media\/82061"}],"wp:attachment":[{"href":"https:\/\/helseforhandleren.no\/de\/wp-json\/wp\/v2\/media?parent=34414"}],"wp:term":[{"taxonomy":"product_brand","embeddable":true,"href":"https:\/\/helseforhandleren.no\/de\/wp-json\/wp\/v2\/product_brand?post=34414"},{"taxonomy":"product_cat","embeddable":true,"href":"https:\/\/helseforhandleren.no\/de\/wp-json\/wp\/v2\/product_cat?post=34414"},{"taxonomy":"product_tag","embeddable":true,"href":"https:\/\/helseforhandleren.no\/de\/wp-json\/wp\/v2\/product_tag?post=34414"}],"curies":[{"name":"wp","href":"https:\/\/api.w.org\/{rel}","templated":true}]}}