{"id":34423,"date":"2014-08-10T09:59:55","date_gmt":"2014-08-10T09:59:55","guid":{"rendered":"http:\/\/helseforhandleren.no\/butikk\/ukategorisert\/abschirmstoff-silver-elastic-hfnf-160-cm\/"},"modified":"2024-04-05T09:30:48","modified_gmt":"2024-04-05T09:30:48","slug":"abschirmstoff-silver-elastic-hfnf-160-cm","status":"publish","type":"product","link":"https:\/\/helseforhandleren.no\/de\/geschaeft\/abschirmung\/fabric-vorhang-de\/abschirmstoff-silver-elastic-hfnf-160-cm\/","title":{"rendered":"Abschirmstoff SILVER-ELASTIC, HF\/NF, 160 cm"},"content":{"rendered":"<div class=\"product--description\">\n<p>SILVER-ELASTIC ist ein dichter vollversilberter Elastanstoff zur HF+NF Abschirmung. Typische Anwendung als Bekleidungsstoff. Aufgrund der hohen Elastizit\u00e4t perfekt als enganliegende W\u00e4sche. Unser derzeit bester Bekleidungsstoff.<\/p>\n<p>Besonderheit: Dieser Stoff ist elastisch, f\u00fcr Kleidung beachten Sie bitte Einlaufen und Dehnbarkeit, siehe &#8222;Technische Daten&#8220;.<\/p>\n<ul>\n<li>Hohe Schirmd\u00e4mpfung, auch bei hohen Frequenzen!<\/li>\n<li>Kontaktierbar (erdbar) zur Abschirmung von NF-Feldern<\/li>\n<li>Textil\u00e4hnliche Eigenschaften: Waschbar, einfach n\u00e4hbar.\u00a0 Ausnahme: Nicht b\u00fcgelbar!<\/li>\n<li>Qualit\u00e4tseinstufung: Sehr hoch<\/li>\n<\/ul>\n<p>Technische Daten<\/p>\n<ul>\n<li>Breite: 160 cm<\/li>\n<li>L\u00e4nge: Meterware<\/li>\n<li>Einlaufen beim ersten Waschen: 0 % Breite, 0 % L\u00e4nge<\/li>\n<li>Dehnbarkeit: 50 % Breite, 80 % L\u00e4nge<\/li>\n<li>Schirmd\u00e4mpfung: 50 dB<\/li>\n<li>Farbe: Silber<\/li>\n<li>Rohstoffe: 80 % Elastan, 20 % Silber<\/li>\n<li>Fl\u00e4chengewicht: 130 g\/m\u00b2<\/li>\n<li>Oberfl\u00e4chenleitf\u00e4higkeit: 0,5 Ohm \/ Inch (2,54 cm)<\/li>\n<\/ul>\n<div class=\"unterlinie\">Schirmd\u00e4mpfung: Alle angegebenen Schirmd\u00e4mpfungswerte gelten bei 1 GHz. Messung nach ASTM D4935-10 oder IEEE Std 299-2006 oder IEEEE Std 1128-1998 oder ASTM A698\/A698M-07. Das Messprotokoll finden Sie oben unter &#8222;Gutachten Schirmung&#8220;.<\/div>\n<div class=\"unterlinie\"><\/div>\n<div class=\"unterlinie\">Erdung: Elektrisch leitf\u00e4hig. Kann zur Abschirmung von elektrischen Wechselfeldern (NF) kontaktiert und geerdet werden! Wir empfehlen einen Stecker GP oder GD, mit einer Platte GM oder GS, plus ein Kabel GC.<\/div>\n<div class=\"unterlinie\"><\/div>\n<div class=\"unterlinie\">Stoffpflege: Waschen schonend bei 30\u00b0C | Nicht b\u00fcgeln | Nicht im Trockner trocknen | Nicht bleichen | Nicht chemisch reinigen<\/div>\n<div class=\"unterlinie\"><\/div>\n<div class=\"unterlinie\">Silberprodukte: 1) Silberprodukte verf\u00e4rben sich im Lauf der Zeit und haben sehr oft schon ab Werk Flecken! Wenn Sie keine Flecken oder Verf\u00e4rbungen akzeptieren k\u00f6nnen, w\u00e4hlen Sie bitte Stoffe von Swiss-Shield\u00ae., 2) Silberstoffe haben eine begrenzte Haltbarkeit, die Lebensdauer h\u00e4ngt von der H\u00e4ufigkeit der Bewegung ab., 3) Unsere Silberstoffe enthalten kein Nano-Silber, sondern eine dicke metallische Silberschicht.<\/div>\n<div class=\"unterlinie\"><\/div>\n<div class=\"unterlinie\">Stoffqualit\u00e4t: Wir verkaufen ausschliesslich Stoffe bester Qualit\u00e4t! Aufgrund der hohen Herstellungskosten und zugunsten eines vern\u00fcnftigen Verkaufspreises sind kleine Fehlstellen (z.B. eine Fadenkn\u00fcpfstelle) kein Reklamationsgrund.<\/div>\n<\/div>\n","protected":false},"excerpt":{"rendered":"<p>SILVER-ELASTIC ist ein dichter vollversilberter Elastanstoff zur HF+NF Abschirmung. Typische Anwendung als Bekleidungsstoff. Aufgrund der hohen Elastizit\u00e4t perfekt als enganliegende W\u00e4sche. Unser derzeit bester Bekleidungsstoff.<\/p>\n","protected":false},"featured_media":86540,"comment_status":"closed","ping_status":"closed","template":"","meta":[],"product_brand":[],"product_cat":[736],"product_tag":[1289,1290,1291,1292,1275,1293],"class_list":{"0":"post-34423","1":"product","2":"type-product","3":"status-publish","4":"has-post-thumbnail","6":"product_cat-fabric-vorhang-de","7":"product_tag-elastisk-2","8":"product_tag-klaer-2-2","9":"product_tag-personlig-2","10":"product_tag-skjermende-klaer-2","11":"product_tag-skjerming-2","12":"product_tag-stoff-2","14":"first","15":"onbackorder","16":"purchasable","17":"product-type-simple"},"_links":{"self":[{"href":"https:\/\/helseforhandleren.no\/de\/wp-json\/wp\/v2\/product\/34423","targetHints":{"allow":["GET"]}}],"collection":[{"href":"https:\/\/helseforhandleren.no\/de\/wp-json\/wp\/v2\/product"}],"about":[{"href":"https:\/\/helseforhandleren.no\/de\/wp-json\/wp\/v2\/types\/product"}],"replies":[{"embeddable":true,"href":"https:\/\/helseforhandleren.no\/de\/wp-json\/wp\/v2\/comments?post=34423"}],"wp:featuredmedia":[{"embeddable":true,"href":"https:\/\/helseforhandleren.no\/de\/wp-json\/wp\/v2\/media\/86540"}],"wp:attachment":[{"href":"https:\/\/helseforhandleren.no\/de\/wp-json\/wp\/v2\/media?parent=34423"}],"wp:term":[{"taxonomy":"product_brand","embeddable":true,"href":"https:\/\/helseforhandleren.no\/de\/wp-json\/wp\/v2\/product_brand?post=34423"},{"taxonomy":"product_cat","embeddable":true,"href":"https:\/\/helseforhandleren.no\/de\/wp-json\/wp\/v2\/product_cat?post=34423"},{"taxonomy":"product_tag","embeddable":true,"href":"https:\/\/helseforhandleren.no\/de\/wp-json\/wp\/v2\/product_tag?post=34423"}],"curies":[{"name":"wp","href":"https:\/\/api.w.org\/{rel}","templated":true}]}}