{"id":34428,"date":"2014-08-10T09:56:48","date_gmt":"2014-08-10T09:56:48","guid":{"rendered":"http:\/\/helseforhandleren.no\/de\/?post_type=product&#038;p=34428"},"modified":"2024-04-05T09:30:54","modified_gmt":"2024-04-05T09:30:54","slug":"abschirmbaldachin-kasten-doppelbett-voile-hf","status":"publish","type":"product","link":"https:\/\/helseforhandleren.no\/de\/geschaeft\/abschirmung\/abschirmung-bett-baldachine-canopy\/abschirmbaldachin-kasten-doppelbett-voile-hf\/","title":{"rendered":"Abschirmbaldachin, Kasten Doppelbett, VOILE, HF"},"content":{"rendered":"<p><strong>Stoff Voile:<\/strong> Unser Lieblingsstoff von Swiss Shield\u00ae mit guten Allroundeigenschaften, wenn Sie eine hohe Schirmd\u00e4mpfung ben\u00f6tigen! Gute Licht- und Luftdurchl\u00e4\u00dfigkeit, mechanisch stabil, knitterfrei. Die Durchsicht ist besser wie auf den Bildern erkennbar! Nachteil: Eigentlich keiner! Schirmd\u00e4mpfung 36 dB bei 1 GHz. Nicht erdbar.<\/p>\n<p><span data-mce-mark=\"1\"><strong>Kastenform f\u00fcr Doppelbetten:<\/strong><\/span> Bietet ein gro\u00dfz\u00fcgiges Raumgef\u00fchl f\u00fcr Doppelbetten. Zwei seitliche \u00fcberlappende Eing\u00e4nge. <strong>F\u00fcr Doppelbetten bis 220 cm Breite<\/strong>. Das Bettenmachen ist einfach ohne Wegheben m\u00f6glich. Nachteil: Aufh\u00e4ngung nicht bei Dachschr\u00e4gen m\u00f6glich. Ma\u00dfe: Breite 220 cm, Tiefe 220 cm, H\u00f6he 220 cm.\u00a0Alle Ma\u00dfe abh\u00e4ngig vom Stoff mit +\/- 10 % Toleranz! Eingang: Zwei \u00fcberlappende \u00d6ffnungen. Montage: Aufh\u00e4ngung vier Punkte an der Decke. Zur Stabilisierung der Kastenform k\u00f6nnen in die oben eingen\u00e4hten Laschen Stangen (nicht im Lieferumfang) eingeschoben werden. Lieferumfang: Baldachin, Befestigungmaterial.<\/p>\n<div class=\"unterlinie\"><strong>Schirmd\u00e4mpfung:<\/strong> Alle angegebenen Schirmd\u00e4mpfungswerte gelten bei 1 GHz. Messung nach ASTM D4935-10 oder IEEE Std 299-2006 oder IEEEE Std 1128-1998 oder ASTM A698\/A698M-07. Das Messprotokoll finden Sie oben unter &#8222;Gutachten Schirmung&#8220;.<\/div>\n<div class=\"unterlinie\"><\/div>\n<div class=\"unterlinie\"><strong>Stoffpflege:<\/strong> Waschen schonend bei 30\u00b0C | B\u00fcgeln ohne Dampf bei Stufe 1 | Trocknen bei geringer Temperatur | Nicht bleichen | Nicht chemisch reinigen<\/div>\n<div class=\"unterlinie\"><\/div>\n<div class=\"unterlinie\"><strong>SwissShield:<\/strong> Dieser Stoff wird von SwissShield\u00ae in der Schweiz mit einem patentierten, hauchd\u00fcnnen Hightech-Garn hergestellt. Wir bei YSHIELD sch\u00e4tzen die konstant hohe Qualit\u00e4t, nicht umsonst sind wir der weltweit gr\u00f6\u00dfte SwissShield\u00ae H\u00e4ndler!<\/div>\n","protected":false},"excerpt":{"rendered":"<p><strong>Stoff Voile:<\/strong> Unser Lieblingsstoff von Swiss Shield\u00ae mit guten Allroundeigenschaften, wenn Sie eine hohe Schirmd\u00e4mpfung ben\u00f6tigen! Gute Licht- und Luftdurchl\u00e4\u00dfigkeit, mechanisch stabil, knitterfrei. Die Durchsicht ist besser wie auf den Bildern erkennbar! Nachteil: Eigentlich keiner! Schirmd\u00e4mpfung 36 dB bei 1 GHz. Nicht erdbar.<\/p>\n","protected":false},"featured_media":85503,"comment_status":"closed","ping_status":"closed","template":"","meta":[],"product_brand":[],"product_cat":[1269,726],"product_tag":[1275,1276,1277,1278,572],"class_list":{"0":"post-34428","1":"product","2":"type-product","3":"status-publish","4":"has-post-thumbnail","6":"product_cat-baldachine","7":"product_cat-abschirmung-bett-baldachine-canopy","8":"product_tag-skjerming-2","9":"product_tag-soverommet-2","10":"product_tag-sovn-2","11":"product_tag-sovnkvalitet-2","12":"product_tag-straling-de","14":"first","15":"onbackorder","16":"taxable","17":"shipping-taxable","18":"purchasable","19":"product-type-simple"},"_links":{"self":[{"href":"https:\/\/helseforhandleren.no\/de\/wp-json\/wp\/v2\/product\/34428","targetHints":{"allow":["GET"]}}],"collection":[{"href":"https:\/\/helseforhandleren.no\/de\/wp-json\/wp\/v2\/product"}],"about":[{"href":"https:\/\/helseforhandleren.no\/de\/wp-json\/wp\/v2\/types\/product"}],"replies":[{"embeddable":true,"href":"https:\/\/helseforhandleren.no\/de\/wp-json\/wp\/v2\/comments?post=34428"}],"wp:featuredmedia":[{"embeddable":true,"href":"https:\/\/helseforhandleren.no\/de\/wp-json\/wp\/v2\/media\/85503"}],"wp:attachment":[{"href":"https:\/\/helseforhandleren.no\/de\/wp-json\/wp\/v2\/media?parent=34428"}],"wp:term":[{"taxonomy":"product_brand","embeddable":true,"href":"https:\/\/helseforhandleren.no\/de\/wp-json\/wp\/v2\/product_brand?post=34428"},{"taxonomy":"product_cat","embeddable":true,"href":"https:\/\/helseforhandleren.no\/de\/wp-json\/wp\/v2\/product_cat?post=34428"},{"taxonomy":"product_tag","embeddable":true,"href":"https:\/\/helseforhandleren.no\/de\/wp-json\/wp\/v2\/product_tag?post=34428"}],"curies":[{"name":"wp","href":"https:\/\/api.w.org\/{rel}","templated":true}]}}