{"id":34484,"date":"2014-08-10T09:55:29","date_gmt":"2014-08-10T09:55:29","guid":{"rendered":"http:\/\/helseforhandleren.no\/de\/?post_type=product&#038;p=34484"},"modified":"2024-04-05T09:31:26","modified_gmt":"2024-04-05T09:31:26","slug":"leitfaehiger-dispersionskleber-dkl90-nf-5-liter","status":"publish","type":"product","link":"https:\/\/helseforhandleren.no\/de\/geschaeft\/abschirmung\/abschirmende-gewebe-und-vliese\/leitfaehiger-dispersionskleber-dkl90-nf-5-liter\/","title":{"rendered":"Leitf\u00e4higer Dispersionskleber DKL90, NF, 5 Liter"},"content":{"rendered":"<div class=\"unterlinie\"><strong>Versandbeschr\u00e4nkung:<\/strong> Dieses Produkt ist nicht frostbest\u00e4ndig beim Versand. Im Winter bei starkem Frost kann sich deshalb der Versand um einige Tage verschieben. Eine frostbest\u00e4ndige Alternative w\u00e4re HSF54, die wir immer verschicken k\u00f6nnen.<\/div>\n<div class=\"unterlinie\"><strong>Schirmd\u00e4mpfung:<\/strong> Alle angegebenen Schirmd\u00e4mpfungswerte gelten bei 1 GHz. Messung nach ASTM D4935-10 oder IEEE Std 299-2006 oder IEEEE Std 1128-1998 oder ASTM A698\/A698M-07. Das Messprotokoll finden Sie oben unter &#8222;Gutachten Schirmung&#8220;.<\/div>\n<div class=\"unterlinie\"><strong>Anwendung:<\/strong> Wand Aussenbereich, Decke, Wand Innenbereich, Boden, Erdung<\/div>\n<div class=\"unterlinie\"><strong>Feldart:<\/strong> NF (Niederfrequente elektrische Wechselfelder)<\/div>\n<div class=\"unterlinie\"><strong>\u00d6kologie:<\/strong> Normal<\/div>\n<div class=\"unterlinie\"><strong>Farbe:<\/strong> Schwarz<\/div>\n<div class=\"product--description\">\n<p><strong>Speziell abgestimmter Dispersionskleber f\u00fcr Verklebungen unserer Fl\u00e4chenmaterialien<\/strong> auf W\u00e4nden, Decken, B\u00f6den, T\u00fcren, usw.. Hochwertiger Spezialkleber auf Acrylatbasis, atmungsaktiv, emissionsarm und l\u00f6semittelfrei.<\/p>\n<p><strong>Elektrisch leitf\u00e4hig, damit die Materialien zur Erdung elektrisch nicht isoliert werden.<\/strong><\/p>\n<p><strong>Verarbeitung<\/strong><\/p>\n<p>Verarbeitung identisch mit der eines Tapetenklebers! Vermeiden Sie beim Schneiden der Materialien Knicke und Falten! Die Wandfl\u00e4che und die R\u00fcckseite des zu verklebenden Materials werden mit einer Malerwalze vorgestrichen. Das Material Nass-auf-Nass einlegen und mit dem Roller oder mit einem Andr\u00fcckroller fixieren. Schnell und nur Bahn f\u00fcr Bahn arbeiten, damit der Kleber nicht antrocknet. DKL90 ist mittelviskos und bietet Dispersionsfarben\u00e4hnlich wenig Anfangshaftung, die hohe Klebkraft kommt erst mit dem Trocknen!<\/p>\n<p><strong>Technische Daten<br \/>\n<\/strong><\/p>\n<ul>\n<li><strong>Speziell f\u00fcr folgende Materialien: HNG80, HNG100, HNV80, NCV95.<\/strong><\/li>\n<li><strong>Gebindegr\u00f6\u00dfe: 5 Liter<\/strong>.<\/li>\n<li><strong>Ergiebigkeit: 17,5 m\u00b2 &#8211; 25 m\u00b2<\/strong>, abh\u00e4ngig vom Untergrund.<\/li>\n<li>Inhaltsstoffe: Acrylatdispersion, Wasser, Kohlenstoffschwarz, Additive, Konservierungsmittel.<\/li>\n<li>Farbe: Schwarz.<\/li>\n<li>Oberfl\u00e4chenleitf\u00e4higkeit: 400 Ohm (Quadratwiderstand)<\/li>\n<\/ul>\n<\/div>\n","protected":false},"excerpt":{"rendered":"<p>Elektrisch leitf\u00e4higer Dispersionskleber f\u00fcr Verklebungen unserer Fl\u00e4chenmaterialien auf W\u00e4nden, Decken, B\u00f6den, T\u00fcren, usw&#8230;<\/p>\n","protected":false},"featured_media":82111,"comment_status":"closed","ping_status":"closed","template":"","meta":[],"product_brand":[],"product_cat":[1037],"product_tag":[1338,1345,1346,1347,1348,1349,572],"class_list":{"0":"post-34484","1":"product","2":"type-product","3":"status-publish","4":"has-post-thumbnail","6":"product_cat-abschirmende-gewebe-und-vliese","7":"product_tag-emf-de","8":"product_tag-maling-de","9":"product_tag-mobilstraling-de","10":"product_tag-skjermende-de","11":"product_tag-skjermende-maling-2-de","12":"product_tag-skjermende-veggmaling-de","13":"product_tag-straling-de","15":"first","16":"instock","17":"taxable","18":"shipping-taxable","19":"purchasable","20":"product-type-simple"},"_links":{"self":[{"href":"https:\/\/helseforhandleren.no\/de\/wp-json\/wp\/v2\/product\/34484","targetHints":{"allow":["GET"]}}],"collection":[{"href":"https:\/\/helseforhandleren.no\/de\/wp-json\/wp\/v2\/product"}],"about":[{"href":"https:\/\/helseforhandleren.no\/de\/wp-json\/wp\/v2\/types\/product"}],"replies":[{"embeddable":true,"href":"https:\/\/helseforhandleren.no\/de\/wp-json\/wp\/v2\/comments?post=34484"}],"wp:featuredmedia":[{"embeddable":true,"href":"https:\/\/helseforhandleren.no\/de\/wp-json\/wp\/v2\/media\/82111"}],"wp:attachment":[{"href":"https:\/\/helseforhandleren.no\/de\/wp-json\/wp\/v2\/media?parent=34484"}],"wp:term":[{"taxonomy":"product_brand","embeddable":true,"href":"https:\/\/helseforhandleren.no\/de\/wp-json\/wp\/v2\/product_brand?post=34484"},{"taxonomy":"product_cat","embeddable":true,"href":"https:\/\/helseforhandleren.no\/de\/wp-json\/wp\/v2\/product_cat?post=34484"},{"taxonomy":"product_tag","embeddable":true,"href":"https:\/\/helseforhandleren.no\/de\/wp-json\/wp\/v2\/product_tag?post=34484"}],"curies":[{"name":"wp","href":"https:\/\/api.w.org\/{rel}","templated":true}]}}