{"id":34485,"date":"2015-09-17T12:19:34","date_gmt":"2015-09-17T12:19:34","guid":{"rendered":"http:\/\/helseforhandleren.no\/de\/?post_type=product&#038;p=34485"},"modified":"2024-04-05T09:31:27","modified_gmt":"2024-04-05T09:31:27","slug":"farbruehrer-ar40","status":"publish","type":"product","link":"https:\/\/helseforhandleren.no\/de\/geschaeft\/abschirmung\/abschirmfarbe\/farbruehrer-ar40\/","title":{"rendered":"Farbr\u00fchrer AR40"},"content":{"rendered":"<p>Farbr\u00fchrer zum <strong>Aufr\u00fchren unserer Abschirmfarben<\/strong>. Da in unsere <strong>1-Liter-Gebinde<\/strong> mit 40 mm \u00d6ffnung kein k\u00e4uflicher Farbr\u00fchrer passt, haben wir selbst einen entwickelt. Dieser Farbr\u00fchrer r\u00fchrt unsere Abschirmfarben in den schlanken und hohen Farbgebinden schnell und gleichm\u00e4\u00dfig auf.<\/p>\n<p>Seit 2014 haben unsere Abschirmfarben eine neue Pigmentierung die besser abschirmt, sich aber auch schneller am Boden absetzt. Verwenden Sie diesen R\u00fchrquirl mit einer Bohrmaschine oder einem Akkuschrauber.<\/p>\n<p><strong>Technische Daten<\/strong><\/p>\n<ul>\n<li><strong>Durchmesser<\/strong>: 2 x 4 cm<\/li>\n<li><strong>Stabl\u00e4nge<\/strong>: 33 cm<\/li>\n<\/ul>\n","protected":false},"excerpt":{"rendered":"<p>Farbr\u00fchrer speziell f\u00fcr unsere 1-Liter-Gebinde.<\/p>\n","protected":false},"featured_media":82784,"comment_status":"closed","ping_status":"closed","template":"","meta":[],"product_brand":[],"product_cat":[1036],"product_tag":[],"class_list":{"0":"post-34485","1":"product","2":"type-product","3":"status-publish","4":"has-post-thumbnail","6":"product_cat-abschirmfarbe","8":"first","9":"instock","10":"taxable","11":"shipping-taxable","12":"purchasable","13":"product-type-simple"},"_links":{"self":[{"href":"https:\/\/helseforhandleren.no\/de\/wp-json\/wp\/v2\/product\/34485","targetHints":{"allow":["GET"]}}],"collection":[{"href":"https:\/\/helseforhandleren.no\/de\/wp-json\/wp\/v2\/product"}],"about":[{"href":"https:\/\/helseforhandleren.no\/de\/wp-json\/wp\/v2\/types\/product"}],"replies":[{"embeddable":true,"href":"https:\/\/helseforhandleren.no\/de\/wp-json\/wp\/v2\/comments?post=34485"}],"wp:featuredmedia":[{"embeddable":true,"href":"https:\/\/helseforhandleren.no\/de\/wp-json\/wp\/v2\/media\/82784"}],"wp:attachment":[{"href":"https:\/\/helseforhandleren.no\/de\/wp-json\/wp\/v2\/media?parent=34485"}],"wp:term":[{"taxonomy":"product_brand","embeddable":true,"href":"https:\/\/helseforhandleren.no\/de\/wp-json\/wp\/v2\/product_brand?post=34485"},{"taxonomy":"product_cat","embeddable":true,"href":"https:\/\/helseforhandleren.no\/de\/wp-json\/wp\/v2\/product_cat?post=34485"},{"taxonomy":"product_tag","embeddable":true,"href":"https:\/\/helseforhandleren.no\/de\/wp-json\/wp\/v2\/product_tag?post=34485"}],"curies":[{"name":"wp","href":"https:\/\/api.w.org\/{rel}","templated":true}]}}