{"id":34489,"date":"2014-08-10T10:00:00","date_gmt":"2014-08-10T10:00:00","guid":{"rendered":"http:\/\/helseforhandleren.no\/de\/?post_type=product&#038;p=34489"},"modified":"2024-04-05T09:31:30","modified_gmt":"2024-04-05T09:31:30","slug":"faser-additiv-af3-009-liter","status":"publish","type":"product","link":"https:\/\/helseforhandleren.no\/de\/geschaeft\/abschirmung\/abschirmfarbe\/faser-additiv-af3-009-liter\/","title":{"rendered":"Faser-Additiv AF3, 0,09 Liter"},"content":{"rendered":"<p><strong>Anwendung:<\/strong> Erdung<\/p>\n<p><strong>\u00d6kologie:<\/strong> Normal<\/p>\n<p><strong>Farbe:<\/strong> Schwarz<\/p>\n<p><strong>Spezielles Additiv zum Vermischen mit unseren Abschirmfarben.<\/strong> Alle unsere Abschirmfarben sind ohne riss\u00fcberbr\u00fcckende Carbonfasern formuliert, damit sie Airless spritzbar sind. <strong>Dieses Additiv enth\u00e4lt lange, elektrisch leitf\u00e4hige Carbonfasern<\/strong>, die im Fall von Rissen im Untergrund die Erdung auch ohne Erdungsband \u00fcberbr\u00fccken.<\/p>\n<p><strong>Verarbeitung<\/strong><\/p>\n<p>Das Additiv (90 ml) in 5 Liter Abschirmfarbe einr\u00fchren. Unbedingt einen Elektromischer verwenden und mindestens eine Minute lang r\u00fchren, damit sich alles homogen vermischt.<\/p>\n<p><strong>Technische Daten<\/strong><\/p>\n<ul>\n<li><strong>F\u00fcr folgende Abschirmfarben: HSF44, HSF54, HSF64, HSF74, NSF34<\/strong><\/li>\n<li><strong>Gebindegr\u00f6\u00dfe: 90 ml<\/strong><\/li>\n<li><strong>Ergiebigkeit: Zum Vermischen mit 5 Liter Abschirmfarbe<\/strong><\/li>\n<li>Inhaltsstoffe: Wasser, Kohlenstoffschwarz, Carbonfasern, Tensid, Entsch\u00e4umer, Konservierungsmittel (MIT, BIT).<\/li>\n<li>Farbe: Schwarz<\/li>\n<li>Frostbest\u00e4ndig (3 Frost-\/Tauzyklen), ganzj\u00e4hrig versendbar.<\/li>\n<\/ul>\n","protected":false},"excerpt":{"rendered":"<p>Riss\u00fcberbr\u00fcckendes Additiv zum Vermischen mit unseren Abschirmfarben.<\/p>\n","protected":false},"featured_media":82116,"comment_status":"closed","ping_status":"closed","template":"","meta":[],"product_brand":[],"product_cat":[1036],"product_tag":[],"class_list":{"0":"post-34489","1":"product","2":"type-product","3":"status-publish","4":"has-post-thumbnail","6":"product_cat-abschirmfarbe","8":"first","9":"instock","10":"taxable","11":"shipping-taxable","12":"purchasable","13":"product-type-simple"},"_links":{"self":[{"href":"https:\/\/helseforhandleren.no\/de\/wp-json\/wp\/v2\/product\/34489","targetHints":{"allow":["GET"]}}],"collection":[{"href":"https:\/\/helseforhandleren.no\/de\/wp-json\/wp\/v2\/product"}],"about":[{"href":"https:\/\/helseforhandleren.no\/de\/wp-json\/wp\/v2\/types\/product"}],"replies":[{"embeddable":true,"href":"https:\/\/helseforhandleren.no\/de\/wp-json\/wp\/v2\/comments?post=34489"}],"wp:featuredmedia":[{"embeddable":true,"href":"https:\/\/helseforhandleren.no\/de\/wp-json\/wp\/v2\/media\/82116"}],"wp:attachment":[{"href":"https:\/\/helseforhandleren.no\/de\/wp-json\/wp\/v2\/media?parent=34489"}],"wp:term":[{"taxonomy":"product_brand","embeddable":true,"href":"https:\/\/helseforhandleren.no\/de\/wp-json\/wp\/v2\/product_brand?post=34489"},{"taxonomy":"product_cat","embeddable":true,"href":"https:\/\/helseforhandleren.no\/de\/wp-json\/wp\/v2\/product_cat?post=34489"},{"taxonomy":"product_tag","embeddable":true,"href":"https:\/\/helseforhandleren.no\/de\/wp-json\/wp\/v2\/product_tag?post=34489"}],"curies":[{"name":"wp","href":"https:\/\/api.w.org\/{rel}","templated":true}]}}