{"id":34512,"date":"2014-10-23T11:56:44","date_gmt":"2014-10-23T11:56:44","guid":{"rendered":"http:\/\/helseforhandleren.no\/de\/?post_type=product&#038;p=34512"},"modified":"2024-04-05T09:31:50","modified_gmt":"2024-04-05T09:31:50","slug":"erdungsstab-gr-50","status":"publish","type":"product","link":"https:\/\/helseforhandleren.no\/de\/geschaeft\/abschirmung\/erdung-accessoires\/erdungsstab-gr-50\/","title":{"rendered":"Erdungsstab GR-50"},"content":{"rendered":"<p><strong>Edelstahl-Erdungsstab zum Anschluss anderer Erdungskomponenten<\/strong>. In vielen L\u00e4ndern ohne die Netzformen TT oder TNS, oder wenn die Erdung nicht &#8222;sauber&#8220; ist, ist eine Erdung innerhalb eines Hauses nur schlecht m\u00f6glich. Als L\u00f6sung wird dieser Erdungsstab in das Erdreich vor dem Haus geschlagen.<\/p>\n<p>Edelstahlstab T-Form in 2 L\u00e4ngen: GR-50 mit L\u00e4nge 50 cm (nur Mobil zu empfehlen) und GR-100 mit L\u00e4nge 100 cm (f\u00fcr dauerhafte Montage). 2 Anschl\u00fcsse (Buchse f\u00fcr Kabel GC, Schraube M6 f\u00fcr eigene Erdungskabel).<\/p>\n<ul>\n<li>Lieferumfang: Edelstahlstab, Schrumpfschlauch mit Kleber innen zur wasserdichten Versiegelung nach der Montage, Kabelschuh;<\/li>\n<li>Kein Kabel im Lieferumfang, wir empfehlen unsere fertig konfektionierten Kabel GC.<\/li>\n<\/ul>\n<p><strong>Anwendung:<\/strong> Erdung<\/p>\n<p><strong>Farbe:<\/strong> Metallisch<\/p>\n","protected":false},"excerpt":{"rendered":"<p>Edelstahl-Erdungsstab zum Anschluss anderer Erdungskomponenten.<\/p>\n<h4>Downloads<br \/>\n<a href=\"http:\/\/helseforhandleren.no\/wp-content\/uploads\/2014\/10\/y-Erdung-TMB.pdf\">Technisches Merkblatt<br \/>\n<\/a><a href=\"http:\/\/helseforhandleren.no\/wp-content\/uploads\/2017\/01\/y-Katalogseiten-Erdung.pdf\">Katalogseiten<\/a><a href=\"http:\/\/helseforhandleren.no\/wp-content\/uploads\/2014\/10\/y-Erdung-TMB.pdf\"><\/a><\/h4>\n","protected":false},"featured_media":82128,"comment_status":"closed","ping_status":"closed","template":"","meta":[],"product_brand":[],"product_cat":[1030,330],"product_tag":[306,1345,307,39],"class_list":{"0":"post-34512","1":"product","2":"type-product","3":"status-publish","4":"has-post-thumbnail","6":"product_cat-erdung-accessoires","7":"product_cat-jordingstilbehor","8":"product_tag-jording","9":"product_tag-maling-de","10":"product_tag-maling","11":"product_tag-skjerming","13":"first","14":"instock","15":"taxable","16":"shipping-taxable","17":"purchasable","18":"product-type-variable"},"_links":{"self":[{"href":"https:\/\/helseforhandleren.no\/de\/wp-json\/wp\/v2\/product\/34512","targetHints":{"allow":["GET"]}}],"collection":[{"href":"https:\/\/helseforhandleren.no\/de\/wp-json\/wp\/v2\/product"}],"about":[{"href":"https:\/\/helseforhandleren.no\/de\/wp-json\/wp\/v2\/types\/product"}],"replies":[{"embeddable":true,"href":"https:\/\/helseforhandleren.no\/de\/wp-json\/wp\/v2\/comments?post=34512"}],"wp:featuredmedia":[{"embeddable":true,"href":"https:\/\/helseforhandleren.no\/de\/wp-json\/wp\/v2\/media\/82128"}],"wp:attachment":[{"href":"https:\/\/helseforhandleren.no\/de\/wp-json\/wp\/v2\/media?parent=34512"}],"wp:term":[{"taxonomy":"product_brand","embeddable":true,"href":"https:\/\/helseforhandleren.no\/de\/wp-json\/wp\/v2\/product_brand?post=34512"},{"taxonomy":"product_cat","embeddable":true,"href":"https:\/\/helseforhandleren.no\/de\/wp-json\/wp\/v2\/product_cat?post=34512"},{"taxonomy":"product_tag","embeddable":true,"href":"https:\/\/helseforhandleren.no\/de\/wp-json\/wp\/v2\/product_tag?post=34512"}],"curies":[{"name":"wp","href":"https:\/\/api.w.org\/{rel}","templated":true}]}}