{"id":34520,"date":"2014-10-23T11:14:02","date_gmt":"2014-10-23T11:14:02","guid":{"rendered":"http:\/\/helseforhandleren.no\/de\/?post_type=product&#038;p=34520"},"modified":"2024-04-05T09:31:45","modified_gmt":"2024-04-05T09:31:45","slug":"erdungsstecker-gp","status":"publish","type":"product","link":"https:\/\/helseforhandleren.no\/de\/geschaeft\/abschirmung\/erdung-accessoires\/erdungsstecker-gp\/","title":{"rendered":"Erdungsstecker GP"},"content":{"rendered":"<p><strong>Erdungsstecker f\u00fcr CEE-7\/4 und CEE-7\/7 Steckdosen. F\u00fcr Deutsches und Franz\u00f6sisches Schuko-System.<\/strong> Der Stecker kann lose eingesteckt werden, sollte aber besser mit der Steckdosenabdeckung fest verschraubt werden. 4 Anschlussbuchsen.<\/p>\n<ul>\n<li>Lieferumfang: Erdungsstecker 38 x 26 mm, Abdeckkappe 55 x 42 x 8 mm, 2 Schrauben f\u00fcr g\u00e4ngige Steckdosen, 4 L\u00f6tstecker;<\/li>\n<li>Kein Kabel im Lieferumfang, wir empfehlen unsere fertig konfektionierten Kabel GC.<\/li>\n<\/ul>\n<p><strong>Anwendung:<\/strong> Erdung<\/p>\n<p><strong>In folgenden L\u00e4ndern verwendbar:<\/strong> CEE-7\/4 (Deutsches System) und CEE-7\/7 (Franz\u00f6sisches System): Afghanistan, Algerien, Andorra, Belgien, Bosnien-Herzegowina, Bulgarien, Deutschland, Estland, Finnland, Frankreich, Griechenland, Indonesien, Island, Italien, Korea, Kroatien, Lettland, Litauen, Luxemburg, Marokko, Mazedonien, Monaco, Montenegro, Moldawien, Niederlande, Norwegen, \u00d6sterreich, Polen, Portugal, Rum\u00e4nien, Russland, Schweden, Serbien, Slowakei, Slowenien, Spanien, S\u00fcdkorea, Tschechien, Tunesien, T\u00fcrkei, Ukraine, Ungarn.<\/p>\n<p><strong>Farbe:<\/strong> Silber, Weiss<\/p>\n","protected":false},"excerpt":{"rendered":"<p>Erdungsstecker f\u00fcr CEE-7\/4 und CEE-7\/7 Steckdosen. Verschraubt auch f\u00fcr ortsfeste Produkte.<\/p>\n<h4>Downloads<br \/>\n<a href=\"http:\/\/helseforhandleren.no\/wp-content\/uploads\/2014\/10\/y-Erdung-TMB.pdf\">Technisches Merkblatt<br \/>\n<\/a><a href=\"http:\/\/helseforhandleren.no\/wp-content\/uploads\/2017\/01\/y-Katalogseiten-Erdung.pdf\">Katalogseiten<\/a><a href=\"http:\/\/helseforhandleren.no\/wp-content\/uploads\/2014\/10\/y-Erdung-TMB.pdf\"><\/a><\/h4>\n","protected":false},"featured_media":82134,"comment_status":"closed","ping_status":"closed","template":"","meta":[],"product_brand":[],"product_cat":[1030],"product_tag":[1339,1345,1275],"class_list":{"0":"post-34520","1":"product","2":"type-product","3":"status-publish","4":"has-post-thumbnail","6":"product_cat-erdung-accessoires","7":"product_tag-jording-de","8":"product_tag-maling-de","9":"product_tag-skjerming-2","11":"first","12":"instock","13":"taxable","14":"shipping-taxable","15":"purchasable","16":"product-type-simple"},"_links":{"self":[{"href":"https:\/\/helseforhandleren.no\/de\/wp-json\/wp\/v2\/product\/34520","targetHints":{"allow":["GET"]}}],"collection":[{"href":"https:\/\/helseforhandleren.no\/de\/wp-json\/wp\/v2\/product"}],"about":[{"href":"https:\/\/helseforhandleren.no\/de\/wp-json\/wp\/v2\/types\/product"}],"replies":[{"embeddable":true,"href":"https:\/\/helseforhandleren.no\/de\/wp-json\/wp\/v2\/comments?post=34520"}],"wp:featuredmedia":[{"embeddable":true,"href":"https:\/\/helseforhandleren.no\/de\/wp-json\/wp\/v2\/media\/82134"}],"wp:attachment":[{"href":"https:\/\/helseforhandleren.no\/de\/wp-json\/wp\/v2\/media?parent=34520"}],"wp:term":[{"taxonomy":"product_brand","embeddable":true,"href":"https:\/\/helseforhandleren.no\/de\/wp-json\/wp\/v2\/product_brand?post=34520"},{"taxonomy":"product_cat","embeddable":true,"href":"https:\/\/helseforhandleren.no\/de\/wp-json\/wp\/v2\/product_cat?post=34520"},{"taxonomy":"product_tag","embeddable":true,"href":"https:\/\/helseforhandleren.no\/de\/wp-json\/wp\/v2\/product_tag?post=34520"}],"curies":[{"name":"wp","href":"https:\/\/api.w.org\/{rel}","templated":true}]}}