{"id":34531,"date":"2014-08-10T09:54:01","date_gmt":"2014-08-10T09:54:01","guid":{"rendered":"http:\/\/helseforhandleren.no\/de\/?post_type=product&#038;p=34531"},"modified":"2025-04-25T22:17:18","modified_gmt":"2025-04-25T20:17:18","slug":"netzabkoppler-comfort-na7-mit-vde","status":"publish","type":"product","link":"https:\/\/helseforhandleren.no\/de\/geschaeft\/strahlung-emf-de\/elektro-de\/netzabkoppler\/netzabkoppler-comfort-na7-mit-vde\/","title":{"rendered":"Netzabkoppler Comfort NA7 mit VDE"},"content":{"rendered":"<p><strong>Unser Meistverkaufter Netzabkoppler mit VDE-Zeichen und 16 A Belastbarkeit.<\/strong><\/p>\n<ul>\n<li>Zuverl\u00e4ssige Funktion auch mit Drehdimmern, Leuchtstoff- und Energiesparlampen, Halogenstrahlern und Ger\u00e4ten mit Anlaufelektronik wie z.B. Staubsauger, usw.<\/li>\n<li>Orientierungslichter in Lichtschaltern und Babynachtlichter funktionieren auch im abgekoppelten Zustand.<\/li>\n<li>Verpolungssicher und \u00fcberspannungsfest.<\/li>\n<li>LED-Anzeige f\u00fcr den Schaltzustand &#8222;abgekoppelt&#8220;.<\/li>\n<li><strong>VDE-Zeichen<\/strong>.<\/li>\n<\/ul>\n<p><strong>Technische Daten<\/strong><\/p>\n<ul>\n<li><strong>Nennspannung \/ -belastbarkeit: 16 A, 230 VAC \/- 10%, 2300 Watt Gl\u00fchlampenlast.<\/strong><\/li>\n<li>Mechanische Lebensdauer des Relais: ca. 15.000.000 Schaltspiele.<\/li>\n<li>1-polige Abschaltung: f\u00fcr optimalen Personenschutz und minimale Restwelligkeit.<\/li>\n<li>Restwelligkeit: &lt; 2 mV \/ &lt; 4 mV \/ &lt; 8 mV (nominal\/typisch\/maximal).<\/li>\n<li>\u00dcberwachungsspannung: Baubiologisch vertr\u00e4gliche Niederstrom-Gleichspannung (max. 8 mA \/ 230 VDC).<\/li>\n<li>Sicherheit: \u00dcberspannungsfest gem\u00e4\u00df IEC 1000-4-4 (Burst) und IEC 1000-4-5 (Surge) Luft- und Kriechstrecken gem\u00e4\u00df EN 600065 \/ VDE0860 werden eingehalten.<\/li>\n<li>Geh\u00e4use: Tragschienenmontage nach DIN-EN 50 022 f\u00fcr den Haussicherungskasten, 35 mm = 2 PE.<\/li>\n<li>Garantie: Zwei Jahre.<\/li>\n<li>Lieferumfang: Netzabkoppler, <strong>Netzfilter x21<\/strong>,Systemkontrollleuchte, ausf\u00fchrliche Bedienungsanleitung.<\/li>\n<\/ul>\n<p><strong>Wie ein Netzabkoppler funktioniert<\/strong><\/p>\n<p>Das Haushaltsstromnetz verursacht magnetische und elektrische Wechselfelder. W\u00e4hrend die magnetischen Felder mit dem Ausschalten der Verbraucher \u201everschwinden\u201c, bleiben die elektrischen Felder im gesamten Stromnetz bestehen. Hier setzt der Netzabkoppler an: <strong>Er wird im Sicherungskasten eingebaut und trennt den Stromkreis, f\u00fcr den er vorgesehen ist, automatisch vom Netz, sobald der letzte Verbraucher ausgeschaltet wurde.<\/strong> Sobald wieder ein Verbraucher eingeschaltet wird, erkennt der Netzabkoppler dies und schaltet automatisch und ohne Verz\u00f6gerung wieder die Versorgungsspannung auf die Leitung. <strong>Im Alltag bemerkt man die Netzabkopplung nicht<\/strong>.<\/p>\n<p><strong>Anwendung:<\/strong> Reduzierung von NF-Feldern<\/p>\n<p><strong>Feldart:<\/strong> NF (Niederfrequente elektrische Wechselfelder)<\/p>\n","protected":false},"excerpt":{"rendered":"<p>Der Meistverkaufte mit VDE-Zeichen. Wie Comfort NA1. Zus\u00e4tzlich: Restwelligkeit nur 4 mV (perfekt f\u00fcr elektrosensible Personen), Belastbarkeit 16 A, LED-Funktionsdiagnose.<\/p>\n","protected":false},"featured_media":82141,"comment_status":"closed","ping_status":"closed","template":"","meta":[],"product_brand":[],"product_cat":[1053],"product_tag":[],"class_list":{"0":"post-34531","1":"product","2":"type-product","3":"status-publish","4":"has-post-thumbnail","6":"product_cat-netzabkoppler","8":"first","9":"instock","10":"taxable","11":"shipping-taxable","12":"purchasable","13":"product-type-simple"},"_links":{"self":[{"href":"https:\/\/helseforhandleren.no\/de\/wp-json\/wp\/v2\/product\/34531","targetHints":{"allow":["GET"]}}],"collection":[{"href":"https:\/\/helseforhandleren.no\/de\/wp-json\/wp\/v2\/product"}],"about":[{"href":"https:\/\/helseforhandleren.no\/de\/wp-json\/wp\/v2\/types\/product"}],"replies":[{"embeddable":true,"href":"https:\/\/helseforhandleren.no\/de\/wp-json\/wp\/v2\/comments?post=34531"}],"wp:featuredmedia":[{"embeddable":true,"href":"https:\/\/helseforhandleren.no\/de\/wp-json\/wp\/v2\/media\/82141"}],"wp:attachment":[{"href":"https:\/\/helseforhandleren.no\/de\/wp-json\/wp\/v2\/media?parent=34531"}],"wp:term":[{"taxonomy":"product_brand","embeddable":true,"href":"https:\/\/helseforhandleren.no\/de\/wp-json\/wp\/v2\/product_brand?post=34531"},{"taxonomy":"product_cat","embeddable":true,"href":"https:\/\/helseforhandleren.no\/de\/wp-json\/wp\/v2\/product_cat?post=34531"},{"taxonomy":"product_tag","embeddable":true,"href":"https:\/\/helseforhandleren.no\/de\/wp-json\/wp\/v2\/product_tag?post=34531"}],"curies":[{"name":"wp","href":"https:\/\/api.w.org\/{rel}","templated":true}]}}