{"id":34755,"date":"2015-09-17T12:22:12","date_gmt":"2015-09-17T12:22:12","guid":{"rendered":"http:\/\/helseforhandleren.no\/butikk\/uncategorized\/musterset-hf-abschirmfarben-4-x-100-ml\/"},"modified":"2024-04-05T09:32:13","modified_gmt":"2024-04-05T09:32:13","slug":"musterset-hf-abschirmfarben-4-x-100-ml","status":"publish","type":"product","link":"https:\/\/helseforhandleren.no\/de\/geschaeft\/abschirmung\/abschirmfarbe\/musterset-hf-abschirmfarben-4-x-100-ml\/","title":{"rendered":"Musterset HF-Abschirmfarben | 4 x 100 ml"},"content":{"rendered":"<div class=\"unterlinie\"><strong>Anwendung:<\/strong> Decke, Wand Innenbereich, Boden, Wand Aussenbereich<\/div>\n<div class=\"unterlinie\"><strong>Feldart:<\/strong> NF (Niederfrequente elektrische Wechselfelder), HF (Hochfrequente elektromagnetische Felder)<\/div>\n<div class=\"unterlinie\"><strong>\u00d6kologie:<\/strong> Hoch, Sehr hoch, Normal<\/div>\n<div class=\"unterlinie\"><strong>Farbe:<\/strong> Schwarz<\/div>\n<div class=\"product--description\">\n<p><strong>Musterset unserer HF-Abschirmfarben HSF44, HSF54, HSF64, HSF74.<\/strong><\/p>\n<p>Unsere Abschirmfarben sind alle schwarz und auf den ersten Blick nur schwer zu unterscheiden. Dennoch gibt es chemisch gro\u00dfe Unterschiede beim Bindemittel, dem Geruch, der Viskosit\u00e4t, dem Verhalten beim Verarbeiten. Mit diesem Set k\u00f6nnen Sie die Haftung auf kleinen Untergr\u00fcnden testen oder die Haftung von Beschichtungen darauf.<\/p>\n<p><strong>Lieferumfang:<\/strong> Jeweils 100 ml von HSF 44, HSF54, HSF64, HSF74<\/p>\n<\/div>\n","protected":false},"excerpt":{"rendered":"<p>Musterset unserer HF-Abschirmfarben zum Ausprobieren.<\/p>\n<h4>Downloads<br \/>\n<a href=\"http:\/\/helseforhandleren.no\/wp-content\/uploads\/2015\/04\/y-Farben-TMB.pdf\">Technisches Merkblatt<\/a><\/h4>\n","protected":false},"featured_media":82178,"comment_status":"closed","ping_status":"closed","template":"","meta":[],"product_brand":[],"product_cat":[1036],"product_tag":[],"class_list":{"0":"post-34755","1":"product","2":"type-product","3":"status-publish","4":"has-post-thumbnail","6":"product_cat-abschirmfarbe","8":"first","9":"onbackorder","10":"taxable","11":"shipping-taxable","12":"purchasable","13":"product-type-simple"},"_links":{"self":[{"href":"https:\/\/helseforhandleren.no\/de\/wp-json\/wp\/v2\/product\/34755","targetHints":{"allow":["GET"]}}],"collection":[{"href":"https:\/\/helseforhandleren.no\/de\/wp-json\/wp\/v2\/product"}],"about":[{"href":"https:\/\/helseforhandleren.no\/de\/wp-json\/wp\/v2\/types\/product"}],"replies":[{"embeddable":true,"href":"https:\/\/helseforhandleren.no\/de\/wp-json\/wp\/v2\/comments?post=34755"}],"wp:featuredmedia":[{"embeddable":true,"href":"https:\/\/helseforhandleren.no\/de\/wp-json\/wp\/v2\/media\/82178"}],"wp:attachment":[{"href":"https:\/\/helseforhandleren.no\/de\/wp-json\/wp\/v2\/media?parent=34755"}],"wp:term":[{"taxonomy":"product_brand","embeddable":true,"href":"https:\/\/helseforhandleren.no\/de\/wp-json\/wp\/v2\/product_brand?post=34755"},{"taxonomy":"product_cat","embeddable":true,"href":"https:\/\/helseforhandleren.no\/de\/wp-json\/wp\/v2\/product_cat?post=34755"},{"taxonomy":"product_tag","embeddable":true,"href":"https:\/\/helseforhandleren.no\/de\/wp-json\/wp\/v2\/product_tag?post=34755"}],"curies":[{"name":"wp","href":"https:\/\/api.w.org\/{rel}","templated":true}]}}