{"id":34848,"date":"2014-08-10T09:58:20","date_gmt":"2014-08-10T09:58:20","guid":{"rendered":"http:\/\/helseforhandleren.no\/butikk\/uncategorized\/baldron-mistletreeessences-circle-of-life-set-30ml-3\/"},"modified":"2024-04-05T09:33:56","modified_gmt":"2024-04-05T09:33:56","slug":"baldron-mistletreeessences-circle-of-life-set","status":"publish","type":"product","link":"https:\/\/helseforhandleren.no\/de\/geschaeft\/gesundheit-de\/bluetenessenzen-de\/baldron-essenzen-de\/baldron-mistletreeessences-circle-of-life-set\/","title":{"rendered":"BALDRON MistleTreeEssences Circle of Life Set"},"content":{"rendered":"<p>BALDRON MistleTreeEssences Circle of Life Set<\/p>\n","protected":false},"excerpt":{"rendered":"<p><strong>Beschreibung<\/strong><br \/>\n12 ausgew\u00e4hlte Essenzen f\u00fcr die wichtigsten Bereiche und Lebensphasen, die wir \u201eCircle of Life Essences\u201c genannt haben. Sie werden oft individuell in Bezug auf ein spezielles Grundthema bearbeitet: 1. Essenz des Anfangs: F\u00fcr Geburten und alle Anf\u00e4nge 2. Essenz der St\u00e4rke: F\u00fcr St\u00e4rke und Vitalit\u00e4t (der \u00c4therleib) 3. Essenz des ICH BIN: F\u00fcr menschliches Erwachen und gesundes Selbstwertgef\u00fchl 4.Essenz und Mutter: F\u00fcr die Kraft der Mutterschaft und die weibliche und spirituelle W\u00e4rme. 5.Essenz der Schmetterlinge: F\u00fcr die Freuden und Farben des Lebens; Pinealchakra 6.Essenz der Harmonie: F\u00fcr den Atem und das Gleichgewicht zwischen Geben und Nehmen 7.Essenz des Herz: F\u00fcr das Herz und die Verbindung mit der Kraft der Liebe 8.Essenz des Schaffens: F\u00fcr den Mutterleib und Kreativit\u00e4t 9.Essenz des Vaters: Zur Verankerung das Verh\u00e4ltnis zu Autorit\u00e4ten und M\u00e4nnlichkeit. 10.Essenz des Vertrauens: F\u00fcr das urspr\u00fcngliche Vertrauen in das Leben, es zu wagen, die Fr\u00fcchte des Lebens zu genie\u00dfen. 11.Essenz des Schutzes: Zum Schutz, wenn ich einem Druck ausgesetzt bin; Ich stehe zuversichtlich und bin nie allein. 12.Essenz der Erf\u00fcllung: Wenn etwas freigegeben werden soll, damit etwas Neues hereinkommt; Ich gebe den Engeln meine Erfahrungen als Nahrung.<\/p>\n","protected":false},"featured_media":80812,"comment_status":"closed","ping_status":"closed","template":"","meta":[],"product_brand":[],"product_cat":[945,911,1838],"product_tag":[],"class_list":{"0":"post-34848","1":"product","2":"type-product","3":"status-publish","4":"has-post-thumbnail","6":"product_cat-baldron-essenzen-de","7":"product_cat-circle-of-life-de","8":"product_cat-circle-of-life-set-de","9":"pa_volum-10-ml-de","10":"pa_volum-30-ml-de","12":"first","13":"instock","14":"taxable","15":"shipping-taxable","16":"purchasable","17":"product-type-variable"},"_links":{"self":[{"href":"https:\/\/helseforhandleren.no\/de\/wp-json\/wp\/v2\/product\/34848","targetHints":{"allow":["GET"]}}],"collection":[{"href":"https:\/\/helseforhandleren.no\/de\/wp-json\/wp\/v2\/product"}],"about":[{"href":"https:\/\/helseforhandleren.no\/de\/wp-json\/wp\/v2\/types\/product"}],"replies":[{"embeddable":true,"href":"https:\/\/helseforhandleren.no\/de\/wp-json\/wp\/v2\/comments?post=34848"}],"wp:featuredmedia":[{"embeddable":true,"href":"https:\/\/helseforhandleren.no\/de\/wp-json\/wp\/v2\/media\/80812"}],"wp:attachment":[{"href":"https:\/\/helseforhandleren.no\/de\/wp-json\/wp\/v2\/media?parent=34848"}],"wp:term":[{"taxonomy":"product_brand","embeddable":true,"href":"https:\/\/helseforhandleren.no\/de\/wp-json\/wp\/v2\/product_brand?post=34848"},{"taxonomy":"product_cat","embeddable":true,"href":"https:\/\/helseforhandleren.no\/de\/wp-json\/wp\/v2\/product_cat?post=34848"},{"taxonomy":"product_tag","embeddable":true,"href":"https:\/\/helseforhandleren.no\/de\/wp-json\/wp\/v2\/product_tag?post=34848"}],"curies":[{"name":"wp","href":"https:\/\/api.w.org\/{rel}","templated":true}]}}