{"id":34876,"date":"2014-08-10T09:58:21","date_gmt":"2014-08-10T09:58:21","guid":{"rendered":"http:\/\/helseforhandleren.no\/butikk\/uncategorized\/baldron-mistletreeessences-terapeutsett-59x10ml-2\/"},"modified":"2024-04-05T09:34:43","modified_gmt":"2024-04-05T09:34:43","slug":"baldron-mistletreeessences-terapeutsett-60","status":"publish","type":"product","link":"https:\/\/helseforhandleren.no\/de\/geschaeft\/gesundheit-de\/bluetenessenzen-de\/baldron-essenzen-de\/baldron-mistletreeessences-terapeutsett-60\/","title":{"rendered":"BALDRON MistleTreeEssences PRO-Set (60 Stk inkl G-Essenz)"},"content":{"rendered":"<p id=\"tw-target-text\" class=\"tw-data-text tw-text-large XcVN5d tw-ta\" dir=\"ltr\" data-placeholder=\"\u00dcbersetzung\"><span lang=\"de\">Beschreibung<br \/>\nNach 8 Jahren Forschung zu Mistelessenzen haben wir nun ein einzigartiges System verschiedener mit Mistel-Essenzen verschiedener B\u00e4ume zusammengestellt. Es hat sich gezeigt, dass die Mistel je nach Baumart einen unterschiedlichen Charakter hat. Die Symbiose zwischen Baum und Mistel verleiht sowohl dem Baum als auch der Mistel eine neue Qualit\u00e4t. Die Mistel ist nicht nur eine parasit\u00e4re Pflanze, die ihrem Wirt Lebenskraft entzieht. Sie gibt dem Baum eine h\u00f6here Form der Entwicklung zur\u00fcck. Aus der krebsmedizinischen Forschung wissen wir, dass die Mistel eine heilende und lebensspendende Wirkung hat, und es ist bekannt, dass sie die Aktivit\u00e4t in den Zellen erh\u00f6ht und die K\u00f6rper-Temperatur erh\u00f6ht. Wir sehen, dass die Essenzen auch eine w\u00e4rmende Wirkung haben. Nach unserer Erfahrung ist die heilende Wirkung sowohl f\u00fcr B\u00e4ume als auch f\u00fcr Menschen vorhanden. Unsere Mistel-Essenzen werden nicht aus (der m\u00e4\u00dfig giftigen) Beere hergestellt, sondern aus (der duftenden und ungiftigen) Bl\u00fcte. Es ist kein hom\u00f6opathisches Arzneimittel, sondern energetisches Wasser ohne physikalische Mistelsubstanz. Die Essenzen werden nach Dr. Bachs Herstellungsverfahren f\u00fcr Bl\u00fctenessenzen hergestellt.<\/p>\n<p>Wir haben eine Zusammenstellung von Essenzen zusammengestellt, die zusammen eine Gesamtheit von Essenzen f\u00fcr den Lebensverlauf und die menschlichen Entwicklungsprozesse bilden. Sie bilden einen ganzheitlichen Lebenszyklus, und jeder Mensch erh\u00e4lt seine Essenzmischung basierend auf einer pers\u00f6nlichen Komposition, die wie ein Horoskop zusammengestellt ist. Die Essenzen haben unterschiedliche Wirkungen, je nachdem welcher Baum die Wirtspflanze ist. B\u00e4ume sind besonders mit planetarischen Kr\u00e4ften verbunden, und einige der Essenzen werden auch unter besonderer Ber\u00fccksichtigung dieser hergestellt, wobei die Vorbereitung unter besonderen Konstellationen und Zeiten erfolgt. Alle Bl\u00fctenessenzen funktionieren am besten, wenn sie mit unserer bewussten Teilnahme verwendet werden. W\u00e4hrend wir mit uns selbst zusammenarbeiten, um uns als Menschen zu entwickeln und den Weg zu einem ges\u00fcnderen und gl\u00fccklicheren Leben zu finden, k\u00f6nnen uns die Essenzen bei den Prozessen helfen. Daher folgt auf die Behandlung vorzugsweise ein Gespr\u00e4ch, das Hinweise und Einsichten f\u00fcr die eigene bewusste Arbeit liefern kann. Wir k\u00f6nnen mit einer einzigen Essenz oder einer Zusammensetzung verschiedener Essenzen arbeiten. Das gesamte Set wird zusammen mit einer Einf\u00fchrung in die Verwendung der Essenzen und einem Feedback-Formular verkauft. Nachdem wir diese einzigartigen Essenzen verkauft haben, betrachten wir sie als Teil eines fortlaufenden Forschungsprojekts. In \u00dcbereinstimmung mit der Praxis der Flower Essence Society verkaufen wir das komplette Set nur in Verbindung mit ernsthafter therapeutischer Praxis und Zusammenarbeit innerhalb der internationalen Bl\u00fctenessenzforschung. Alle Bl\u00fctenessenzen wirken am besten, wenn sie mit unserer bewussten Teilnahme verwendet werden. W\u00e4hrend wir mit uns selbst zusammenarbeiten, um uns als Menschen zu entwickeln und den Weg zu einem ges\u00fcnderen und gl\u00fccklicheren Leben zu finden, k\u00f6nnen uns die Essenzen bei den Prozessen helfen. Daher folgt auf die Behandlung vorzugsweise ein Gespr\u00e4ch, das Hinweise und Einsichten f\u00fcr die eigene bewusste Arbeit liefern kann. Wir k\u00f6nnen mit einer einzigen Essenz oder einer Zusammensetzung verschiedener Essenzen arbeiten. Das gesamte Set wird zusammen mit einer Einf\u00fchrung in die Verwendung der Essenzen und einem Feedback-Formular verkauft. Nachdem wir diese einzigartigen Essenzen verkauft haben, betrachten wir sie als Teil eines fortlaufenden Forschungsprojekts. In \u00dcbereinstimmung mit der Praxis der Flower Essence Society verkaufen wir das komplette Set nur in Verbindung mit ernsthafter therapeutischer Praxis und Zusammenarbeit innerhalb der internationalen Bl\u00fctenessenzforschung.<\/p>\n<p>Baldron Mistel Drei Essenzen besteht aus drei unteren und drei oberen S\u00e4tzen, insgesamt 60 Essenzen:<\/p>\n<p>Die Balder-Essenzen sind ein Satz von 12 Essenzen, die in Bezug auf den Inkarnationsprozess wirken. Wir nennen sie daher auch die Essenzen der Kindheit. Es beginnt mit der Empf\u00e4ngnis und Geburt und geht bis an die Schwelle des Erwachsenenalters. In diesem Zusammenhang kann Geburt auch ein bildlicher Prozess im \u00fcbertragenen Sinne sein, wenn etwas Neues ins Leben treten soll: Alle Anf\u00e4nge. Die Balderessenzen folgen dem Weg des Ichs in den irdischen K\u00f6rper. Hier ist auch die Entwicklung des Sinnesorganismus und des Astralk\u00f6rpers (Gef\u00fchlsleben), des \u00c4therk\u00f6rpers (Lebenskraft) und des physischen K\u00f6rpers. B 1-12<\/p>\n<p>Odin \u2013 die Essenzen sind ein Satz von 12 Essenzen, die mehr auf die Organprozesse, auf Lebensprozesse und das Chakra-System wirken. Sie tragen den Einfluss unserer Erfahrungen und Erfahrungen auf die Organe des K\u00f6rpers. Wir k\u00f6nnen sie auch Lebensessenzen oder Transformationsessenzen nennen. Die Odin-Essenzen sind mit den Transformationen des Seelenlebens verbunden. D 1-12<\/p>\n<p>Die Vidar-Essenzen sind ein Satz von 12 Essenzen, die in Bezug auf karmische Muster und Situationen wirken. Sie arbeiten auch an Armen und Beinen und auf dem Weg, auf dem wir gehen. Wir nennen sie Erdessenzen. Die Vidar-Erde-Essenzen haben eine Art Janus-Gesicht; Sie wirken auf unsere Muster in beide Richtungen. Sie tr\u00f6sten und konfrontieren, sie helfen sowohl dort, wo wir Opfer sind, als auch dort, wo wir selbst negative Auswirkungen haben. Sie helfen uns, Muster zu l\u00f6sen und mit ihren Auswirkungen umzugehen. In gleicher Weise helfen die Essenzen dem Boden selbst und den Pflanzen durch Landschafts- und Erl\u00f6sungsarbeiten. V 1-12<\/p>\n<p>Into the Light Essenzen sind ein Set von 7 Essenzen. die aus Mistel auf Linde hergestellt wurden \u2013 am Abend in Bezug auf die Eigenschaften des Planeten, eine Art Essenz einer Essenz. Hier sind alle unsere Erfahrungen vom Leben gesammelt, und die Arbeit hoher spiritueller Wesen. Sie unterst\u00fctzen auch das Wirken dieser Wesen in die Sterblichkeit. i1-7<\/p>\n<p>Down to the Earth Essenzen sind ein Set von 7 Essenzen, die aus Mistel auf Linde hergestellt werden und am Morgen in Bezug auf die Eigenschaften des Planeten hergestellt werden, eine Art Essenz einer Essenz. Sie tragen die urspr\u00fcnglichen Bilder und Absichten, die ich bei mir habe, ins Leben. Sie st\u00e4rken die Verbindung zu unseren Lebensmotiven und Urbildern, sorgen f\u00fcr Neuorientierung. e 1-7<\/p>\n<p>Die Omega-Essenzen sind ein Satz von 9 Essenzen, die im Laufe des Jahres von Ostern bis Pfingsten als Essenz der Essenz hergestellt werden (Mistel auf Linde). Die Omega-Essenzen wirken in Bezug auf das Soziale und sind selten pers\u00f6nliche Essenzen. Dies sind Essenzen f\u00fcr die Entwicklung neuer sozialer Gemeinschaften. O 1-9<\/p>\n<p>Verwendung der Essenzen Die Essenzen werden wie andere Bl\u00fctenessenzen verwendet; 3-7 Tropfen in ein Glas Wasser oder unter die Zunge. Essenzen k\u00f6nnen intern und extern eingenommen werden, auch als Spr\u00fchflaschen, m\u00f6glicherweise gemischt mit einigen Tropfen \u00e4therischem \u00d6l.<\/p>\n<p>Sie k\u00f6nnen auch vorteilhafterweise in \u00d6l gemischt und zur Massage oder als Zusatz in Badewasser verwendet werden. Besonders vorteilhaft ist die Kombination von Essenzen und \u00d6ldispersionsbad (Jungebad\u00ae).<\/p>\n<p>Was die Mistelessenzen im Vergleich zu anderen Essenzen besonders macht, ist neben der Kombination von Baum und Mistel das besondere Ganze im Set. Die Essenzen arbeiten so in Beziehung zueinander, dass Sie auf mehreren Ebenen arbeiten k\u00f6nnen. Es ist durchaus m\u00f6glich, mit einer Essenz zu arbeiten, aber Sie k\u00f6nnen auch eine Komposition erstellen. Eine Komposition arbeitet auf der Ich-Ebene, auf der spirituellen Ebene und in der \u00e4therischen \/ physischen Ebene, gleichzeitig mit der Arbeit in Bezug auf Muster und karmische Situationen. Ebenso wie die biodynamischen Pr\u00e4parate wirken sie auch neu orientierend, sie helfen, die Beziehung zu Urbildern und Lebensimpulsen wiederherzustellen. Eine solche pers\u00f6nliche Komposition wird vorzugsweise von einem Gespr\u00e4ch begleitet, damit sich der Benutzer bewusst mit dem Prozess verbinden kann. Wir empfehlen, die Essenzen in einem Ring anzuordnen, mit Balder 1-12 von 2 Uhr im Kreis, Odin 1-12 vorne mit D6 und D7 in der Mitte vorne und Vidar 1-12 oben links. Im oberen Teil des Kreises befinden sich die drei oberen S\u00e4tze, wobei der Omega-Satz als kleinerer Kreis im gro\u00dfen, e7 und i7 am oberen Rand des Kreises zusammentrifft. So entsteht ein Muster beim Zeichnen von Linien zwischen den Essenzen. Dieses Muster wird schlie\u00dflich seine eigene Sprache sprechen.<\/span><\/p>\n<p dir=\"ltr\" data-placeholder=\"\u00dcbersetzung\">\n","protected":false},"excerpt":{"rendered":"<p>BALDRON MistleTreeEssences PRo Set ink. G-Essenz<\/p>\n","protected":false},"featured_media":82304,"comment_status":"closed","ping_status":"closed","template":"","meta":[],"product_brand":[],"product_cat":[945,1854],"product_tag":[1695,1922,2058,1694],"class_list":{"0":"post-34876","1":"product","2":"type-product","3":"status-publish","4":"has-post-thumbnail","6":"product_cat-baldron-essenzen-de","7":"product_cat-prosett-de","8":"product_tag-baldron-de","9":"product_tag-mbe-de","10":"product_tag-mistelessenzen-de","11":"product_tag-mte-de","12":"pa_volum-10-ml-de","13":"pa_volum-30-ml-de","15":"first","16":"instock","17":"taxable","18":"shipping-taxable","19":"purchasable","20":"product-type-variable"},"_links":{"self":[{"href":"https:\/\/helseforhandleren.no\/de\/wp-json\/wp\/v2\/product\/34876","targetHints":{"allow":["GET"]}}],"collection":[{"href":"https:\/\/helseforhandleren.no\/de\/wp-json\/wp\/v2\/product"}],"about":[{"href":"https:\/\/helseforhandleren.no\/de\/wp-json\/wp\/v2\/types\/product"}],"replies":[{"embeddable":true,"href":"https:\/\/helseforhandleren.no\/de\/wp-json\/wp\/v2\/comments?post=34876"}],"wp:featuredmedia":[{"embeddable":true,"href":"https:\/\/helseforhandleren.no\/de\/wp-json\/wp\/v2\/media\/82304"}],"wp:attachment":[{"href":"https:\/\/helseforhandleren.no\/de\/wp-json\/wp\/v2\/media?parent=34876"}],"wp:term":[{"taxonomy":"product_brand","embeddable":true,"href":"https:\/\/helseforhandleren.no\/de\/wp-json\/wp\/v2\/product_brand?post=34876"},{"taxonomy":"product_cat","embeddable":true,"href":"https:\/\/helseforhandleren.no\/de\/wp-json\/wp\/v2\/product_cat?post=34876"},{"taxonomy":"product_tag","embeddable":true,"href":"https:\/\/helseforhandleren.no\/de\/wp-json\/wp\/v2\/product_tag?post=34876"}],"curies":[{"name":"wp","href":"https:\/\/api.w.org\/{rel}","templated":true}]}}