{"id":34877,"date":"2014-08-10T09:58:20","date_gmt":"2014-08-10T09:58:20","guid":{"rendered":"http:\/\/helseforhandleren.no\/butikk\/uncategorized\/baldron-mistletreeessences-balder-set-12x30ml-2\/"},"modified":"2024-04-05T09:34:43","modified_gmt":"2024-04-05T09:34:43","slug":"baldron-mistletreeessences-balder-set","status":"publish","type":"product","link":"https:\/\/helseforhandleren.no\/de\/geschaeft\/gesundheit-de\/bluetenessenzen-de\/baldron-essenzen-de\/baldron-mistletreeessences-balder-set\/","title":{"rendered":"BALDRON MistleTreeEssences, Balder Set"},"content":{"rendered":"<p>Die Balder-Essenzen sind ein Satz von 12 Essenzen, die in Bezug auf den Inkarnationsprozess wirken. Wir nennen sie daher auch die Essenzen der Kindheit. Es beginnt mit der Empf\u00e4ngnis und Geburt und geht bis an die Schwelle des Erwachsenenalters. In diesem Zusammenhang kann Geburt auch ein bildlicher Prozess im \u00fcbertragenen Sinne sein, wenn etwas Neues ins Leben treten soll: Alle Anf\u00e4nge. Die Balderessenzen folgt dem Weg des Ichs in den irdischen K\u00f6rper. Hier ist auch die Entwicklung des Sinnesorganismus und des Astralk\u00f6rpers (Gef\u00fchlsleben), des \u00c4therk\u00f6rpers (Lebenskraft) und des physischen K\u00f6rpers. B 1-12<\/p>\n","protected":false},"excerpt":{"rendered":"<p>BALDRON MistleTreeEssences, Balder Set (12)<\/p>\n","protected":false},"featured_media":82308,"comment_status":"closed","ping_status":"closed","template":"","meta":[],"product_brand":[],"product_cat":[945,1854],"product_tag":[],"class_list":{"0":"post-34877","1":"product","2":"type-product","3":"status-publish","4":"has-post-thumbnail","6":"product_cat-baldron-essenzen-de","7":"product_cat-prosett-de","8":"pa_volum-10-ml-de","9":"pa_volum-30-ml-de","11":"first","12":"instock","13":"taxable","14":"shipping-taxable","15":"purchasable","16":"product-type-variable"},"_links":{"self":[{"href":"https:\/\/helseforhandleren.no\/de\/wp-json\/wp\/v2\/product\/34877","targetHints":{"allow":["GET"]}}],"collection":[{"href":"https:\/\/helseforhandleren.no\/de\/wp-json\/wp\/v2\/product"}],"about":[{"href":"https:\/\/helseforhandleren.no\/de\/wp-json\/wp\/v2\/types\/product"}],"replies":[{"embeddable":true,"href":"https:\/\/helseforhandleren.no\/de\/wp-json\/wp\/v2\/comments?post=34877"}],"wp:featuredmedia":[{"embeddable":true,"href":"https:\/\/helseforhandleren.no\/de\/wp-json\/wp\/v2\/media\/82308"}],"wp:attachment":[{"href":"https:\/\/helseforhandleren.no\/de\/wp-json\/wp\/v2\/media?parent=34877"}],"wp:term":[{"taxonomy":"product_brand","embeddable":true,"href":"https:\/\/helseforhandleren.no\/de\/wp-json\/wp\/v2\/product_brand?post=34877"},{"taxonomy":"product_cat","embeddable":true,"href":"https:\/\/helseforhandleren.no\/de\/wp-json\/wp\/v2\/product_cat?post=34877"},{"taxonomy":"product_tag","embeddable":true,"href":"https:\/\/helseforhandleren.no\/de\/wp-json\/wp\/v2\/product_tag?post=34877"}],"curies":[{"name":"wp","href":"https:\/\/api.w.org\/{rel}","templated":true}]}}