{"id":34883,"date":"2014-08-10T09:57:47","date_gmt":"2014-08-10T09:57:47","guid":{"rendered":"http:\/\/helseforhandleren.no\/butikk\/uncategorized\/quickzap-manual-paa-tysk\/"},"modified":"2024-04-26T16:48:08","modified_gmt":"2024-04-26T14:48:08","slug":"quickzap-handbuch","status":"publish","type":"product","link":"https:\/\/helseforhandleren.no\/de\/geschaeft\/gesundheit-de\/quickzap-de\/teile-und-zubehoer-fuer-quickzap\/quickzap-handbuch\/","title":{"rendered":"QuickZap Handbuch"},"content":{"rendered":"<p>Bok p\u00e5 tysk om QuickZap, med beskrivelse av virkningsm\u00e5te og brukerveiledning. Dieses Buch weist auf die Notwendigkeit und Wichtigkeit einer effektiven Gesundheitsvorsorge hin.<br \/>\nDa wir best\u00e4ndig mit Viren,Bakterien,Parasiten,Keimen und anderen Kleinlebewesen konfrontiert werden,stellt sich immer mehr die Frage,wie wir dieser Bedrohung begegnen k\u00f6nnen. Dank den Frequenzger\u00e4ten von Martin Frischknecht l\u00e4sst eine generierte Schwingungskombination,welche den K\u00f6rper auf allen Ebenen homogenisiert,r Erreger keinen Raum mehr. Dadurch wird die K\u00f6rperenergie mikroprozessorgesteuert angehoben,k\u00f6rpereigenen Regenerationskr\u00e4fte werden neu mobilisiert sowie die molekularen Zell-Strukturen des K\u00f6rpers ganzheitlich ins Lot gebracht. So finden Fremdk\u00f6rper kein geeignetes Milieu mehr und k\u00f6nnen ausgeschieden werden. Mit ausf\u00fchrlichen Anwendungsbeispielen,ahrungsberichten zu den Ger\u00e4ten,Ern\u00e4hrungstipps und leicht verst\u00e4ndlichen Erkl\u00e4rungen \u00fcber die Verdauung des Menschen.<\/p>\n","protected":false},"excerpt":{"rendered":"<p>Bok p\u00e5 tysk om QuickZap, med beskrivelse av virkningsm\u00e5te og brukerveiledning. Dieses Buch weist auf die Notwendigkeit und Wichtigkeit einer effektiven Gesundheitsvorsorge hin.<\/p>\n","protected":false},"featured_media":85015,"comment_status":"closed","ping_status":"closed","template":"","meta":[],"product_brand":[],"product_cat":[1763],"product_tag":[2499,2498,2500],"class_list":{"0":"post-34883","1":"product","2":"type-product","3":"status-publish","4":"has-post-thumbnail","6":"product_cat-teile-und-zubehoer-fuer-quickzap","7":"product_tag-manual-de","8":"product_tag-quickzap-de","9":"product_tag-tysk-de","11":"first","12":"instock","13":"taxable","14":"shipping-taxable","15":"purchasable","16":"product-type-simple"},"_links":{"self":[{"href":"https:\/\/helseforhandleren.no\/de\/wp-json\/wp\/v2\/product\/34883","targetHints":{"allow":["GET"]}}],"collection":[{"href":"https:\/\/helseforhandleren.no\/de\/wp-json\/wp\/v2\/product"}],"about":[{"href":"https:\/\/helseforhandleren.no\/de\/wp-json\/wp\/v2\/types\/product"}],"replies":[{"embeddable":true,"href":"https:\/\/helseforhandleren.no\/de\/wp-json\/wp\/v2\/comments?post=34883"}],"wp:featuredmedia":[{"embeddable":true,"href":"https:\/\/helseforhandleren.no\/de\/wp-json\/wp\/v2\/media\/85015"}],"wp:attachment":[{"href":"https:\/\/helseforhandleren.no\/de\/wp-json\/wp\/v2\/media?parent=34883"}],"wp:term":[{"taxonomy":"product_brand","embeddable":true,"href":"https:\/\/helseforhandleren.no\/de\/wp-json\/wp\/v2\/product_brand?post=34883"},{"taxonomy":"product_cat","embeddable":true,"href":"https:\/\/helseforhandleren.no\/de\/wp-json\/wp\/v2\/product_cat?post=34883"},{"taxonomy":"product_tag","embeddable":true,"href":"https:\/\/helseforhandleren.no\/de\/wp-json\/wp\/v2\/product_tag?post=34883"}],"curies":[{"name":"wp","href":"https:\/\/api.w.org\/{rel}","templated":true}]}}