{"id":35165,"date":"2016-11-14T15:22:50","date_gmt":"2016-11-14T15:22:50","guid":{"rendered":"http:\/\/helseforhandleren.no\/butikk\/uncategorized\/g9-leuchtmittel\/"},"modified":"2024-04-05T09:34:56","modified_gmt":"2024-04-05T09:34:56","slug":"g9-leuchtmittel","status":"publish","type":"product","link":"https:\/\/helseforhandleren.no\/de\/geschaeft\/licht-farbe-de-de\/gluhbirnen-de\/g9-leuchtmittel\/","title":{"rendered":"G9-Leuchtmittel"},"content":{"rendered":"<p>G9-Leuchtmittel:<br \/>\nhohe Lichtqualit\u00e4t  mit h\u00f6heren Lumenwerten (lm) f\u00fcr mehr Licht bei gleichzeitig geringeren  Wattzahlen (W) f\u00fcr niedrigeren Stromverbrauch. Dies ergibt effektive lm\/W-Werte.<br \/>\nDas G9-Leuchtmittel:<br \/>\n&#8211; \u00d6konomisch:<br \/>\n30-50 % Stromersparnis gegen\u00fcber herk\u00f6mmlichen Gl\u00fchlampen<br \/>\n&#8211; \u00d6kologisch:<br \/>\nKleine Bauform = wenig M\u00fcll<br \/>\n&#8211; Farrbwiededergabe:<br \/>\nRA = 100%, f\u00fcr authentische und augenschonende Farben<br \/>\n&#8211; Farbtemperatur:<br \/>\n2700-2800 K, f\u00fcr warmwei\u00dfes Licht<br \/>\n&#8211; Gesundheitlich unbedenklich:<br \/>\n&#8211; Frei von Quecksilber<br \/>\n&#8211; Ohne    Elektronik<br \/>\n&#8211; Flimmerfrei<br \/>\n&#8211; Schutz:<br \/>\nIntegrierter UV-Filter<\/p>\n<p>Durchschnittliche Lebensdauer:<br \/>\n2.000 Stunden (2 Jahre bei ca. 2,7 Std.\/Tag)<br \/>\nAlltagstauglich:<br \/>\nKann im Hausm\u00fcll entsorgt werden<br \/>\nUnkompliziert:<br \/>\nGleiches Leuchtmittel f\u00fcr E14- und E27-Fassungen<br \/>\nPraktisch:<br \/>\nEinfacher Austausch durch Ziehen und Stecken.<\/p>\n<p>Montage:<br \/>\nNicht vergessen: Netzstecker ziehen!<br \/>\nLeuchtmittel generell nur mit Handschuh oder Tuch einstecken, nicht mit blo\u00dfen H\u00e4nden anfassen<\/p>\n<p>1.       Adapter E14 oder E27 in Fassung einschrauben<\/p>\n<p>2.       G9-Leuchtmittel mittels Tuch oder Handschuh einstecken<\/p>\n<p>3.       Ggf. Schirmkorb aufschrauben (nur bei geerdeter Metallfassung)<br \/>\nFertig<\/p>\n<p>EEK (Energieeffizienzklasse): Einteilung aller Haushaltslampen (Gl\u00fchlampen, Halogenlampen, LED-Lampen und Leuchtstofflampen); ber\u00fccksichtigt werden Watt, Lumen und Brennstunden. Die Einteilung erfolgt in der EU-Richtlinie 98\/11\/EG und umfasst die Klassen G (wenig effizient) bis A++ (sehr effizient).<\/p>\n","protected":false},"excerpt":{"rendered":"<p>G9-Leuchtmittel<br \/>\nDie EU-Verordnung zum Gl\u00fchlampenausstieg (Gl\u00fchlampenverbot) hat die Ausnahme f\u00fcr das besonders kleine G9-Leuchtmittel vorgesehen, da in verschiedene filigrane Leuchten die klobigen Kompaktleuchtstofflampen nicht passen.<br \/>\nSie d\u00fcrfen weiterhin (auch nach 2018) produziert werden.<br \/>\nDaher k\u00f6nnen auch in Zukunft mit Hilfe der Adapter 41-7104 und 41-7126 die 230V-Halogenlampen in Danell-Leuchten (und in anderen Leuchten<br \/>\nmit E14- oder E27-Fassung) eingesetzt werden.<\/p>\n","protected":false},"featured_media":82315,"comment_status":"closed","ping_status":"closed","template":"","meta":[],"product_brand":[],"product_cat":[740,844],"product_tag":[],"class_list":{"0":"post-35165","1":"product","2":"type-product","3":"status-publish","4":"has-post-thumbnail","6":"product_cat-gluhbirnen-de","7":"product_cat-licht-farbe-de-de","9":"first","10":"instock","11":"taxable","12":"shipping-taxable","13":"purchasable","14":"product-type-variable"},"_links":{"self":[{"href":"https:\/\/helseforhandleren.no\/de\/wp-json\/wp\/v2\/product\/35165","targetHints":{"allow":["GET"]}}],"collection":[{"href":"https:\/\/helseforhandleren.no\/de\/wp-json\/wp\/v2\/product"}],"about":[{"href":"https:\/\/helseforhandleren.no\/de\/wp-json\/wp\/v2\/types\/product"}],"replies":[{"embeddable":true,"href":"https:\/\/helseforhandleren.no\/de\/wp-json\/wp\/v2\/comments?post=35165"}],"wp:featuredmedia":[{"embeddable":true,"href":"https:\/\/helseforhandleren.no\/de\/wp-json\/wp\/v2\/media\/82315"}],"wp:attachment":[{"href":"https:\/\/helseforhandleren.no\/de\/wp-json\/wp\/v2\/media?parent=35165"}],"wp:term":[{"taxonomy":"product_brand","embeddable":true,"href":"https:\/\/helseforhandleren.no\/de\/wp-json\/wp\/v2\/product_brand?post=35165"},{"taxonomy":"product_cat","embeddable":true,"href":"https:\/\/helseforhandleren.no\/de\/wp-json\/wp\/v2\/product_cat?post=35165"},{"taxonomy":"product_tag","embeddable":true,"href":"https:\/\/helseforhandleren.no\/de\/wp-json\/wp\/v2\/product_tag?post=35165"}],"curies":[{"name":"wp","href":"https:\/\/api.w.org\/{rel}","templated":true}]}}