{"id":35218,"date":"2016-11-18T10:02:19","date_gmt":"2016-11-18T10:02:19","guid":{"rendered":"http:\/\/helseforhandleren.no\/butikk\/uncategorized\/edelstahlgewebe-v4a10-hfnf-breite-100-cm\/"},"modified":"2024-04-05T09:35:03","modified_gmt":"2024-04-05T09:35:03","slug":"edelstahlgewebe-v4a10-hfnf-breite-100-cm","status":"publish","type":"product","link":"https:\/\/helseforhandleren.no\/de\/geschaeft\/abschirmung\/abschirmende-gewebe-und-vliese\/edelstahlgewebe-v4a10-hfnf-breite-100-cm\/","title":{"rendered":"Edelstahlgewebe V4A10, HF+NF, Breite 100 cm"},"content":{"rendered":"<div class=\"unterlinie\"><strong>Bestellmenge:<\/strong> In Schritten von 1,0 Laufmeter. Wird kundenspezifisch abgeschnitten, R\u00fccknahme oder Widerruf sind nicht m\u00f6glich. Fordern Sie vor der Bestellung ein kostenloses Muster an.<\/div>\n<div class=\"unterlinie\"><strong>Schirmd\u00e4mpfung:<\/strong> Alle angegebenen Schirmd\u00e4mpfungswerte gelten bei 1 GHz. Messung nach ASTM D4935-10 oder IEEE Std 299-2006 oder IEEEE Std 1128-1998 oder ASTM A698\/A698M-07. Das Messprotokoll finden Sie oben unter &#8222;Gutachten Abchirmung&#8220;.<\/div>\n<div class=\"unterlinie\"><strong>Erdung:<\/strong> Elektrisch leitf\u00e4hig. Kann zur Abschirmung von elektrischen Wechselfeldern (NF) kontaktiert und geerdet werden! Passende Komponenten finden Sie unter &#8222;Erdung&#8220;. Eine Empfehlung hier ist schwierig weil abh\u00e4ngig von der Anwendung. Fragen Sie uns!<\/div>\n<div class=\"unterlinie\"><strong>Anwendung:<\/strong> Boden, Decke, Wand Innenbereich, Wand Aussenbereich<\/div>\n<div class=\"unterlinie\"><strong>Feldart:<\/strong> NF (Niederfrequente elektrische Wechselfelder), HF (Hochfrequente elektromagnetische Felder)<\/div>\n<div class=\"unterlinie\"><strong>\u00d6kologie:<\/strong> Sehr hoch<\/div>\n<div class=\"unterlinie\"><strong>Farbe:<\/strong> Silber<\/div>\n<div class=\"product--description\">\n<p>V4A10 ist ein feinmaschiges, <strong>korrosionsbest\u00e4ndiges Edelstahlgewebe<\/strong> zur Abschirmung hochfrequenter elektromagnetischer Strahlung (HF) und niederfrequenter elektrischer Wechselfelder (NF).<\/p>\n<p>Typische Anwendung im <strong>Innen- und Au\u00dfenbereich<\/strong> unter Putz im <strong>Vollw\u00e4rmeschutz<\/strong>, im <strong>Dachbereich<\/strong>, im <strong>Trockenbau<\/strong>, als stabiles <strong>Fliegengitter<\/strong>, zur <strong>losen Verlegung<\/strong>, usw.<\/p>\n<p><strong>V4A (AISI 316) ist gegen Wasser, Wasserdampf, Luftfeuchtigkeit, schwache S\u00e4uren und in K\u00fcstenn\u00e4he bei salzigem Seewasser sehr gut best\u00e4ndig!<\/strong><\/p>\n<p>Technische Daten<\/p>\n<ul>\n<li><strong>Breite: 100 cm<\/strong><\/li>\n<li><strong>L\u00e4nge: 25 m Rolle \/ Meterware<\/strong><\/li>\n<li><strong>Schirmd\u00e4mpfung: 40 dB<\/strong>, zweilagig 60 dB<\/li>\n<li>Maschenweite: 1,0 mm<\/li>\n<li>Drahtdurchmesser: 0,16 mm<\/li>\n<li>Materialst\u00e4rke: 0,32 mm<\/li>\n<li>Offene Fl\u00e4che: 70 %<\/li>\n<li>Fl\u00e4chengewicht: 260 g\/m\u00b2<\/li>\n<li>Farbe: Silber<\/li>\n<li>Nicht brennbarer Baustoff, A1 nach DIN 4102:1994<\/li>\n<li>Oberfl\u00e4chenleitf\u00e4higkeit: 0,1 Ohm (Quadratwiderstand)<\/li>\n<\/ul>\n<p>Verarbeitung<\/p>\n<p>Bei Verarbeitung unter Putz sollte V4A10 mit m\u00f6glichst feiner organischer Spachtelmasse verklebt werden. Bei Verarbeitung unter Fu\u00dfbodenbel\u00e4gen (Laminat, Parkett, PVC-Bel\u00e4gen, usw.) wird V4A10 zusammen mit dem Kleber verklebt. Bei Verarbeitung im Trockenbau und im Dachbereich die Bahnen nach Bedarf verschrauben oder vertackern. <strong>Immer gilt:<\/strong> Die Bahnen werden 5 cm \u00fcberlappend verlegt. Zur Erdung wird das Edelstahl-Lochband ELB quer \u00fcber allen Bahnen fest mit dem Untergrund \/ den Bahnen verschraubt.<\/p>\n<\/div>\n","protected":false},"excerpt":{"rendered":"<p>Halbtransparentes V4A Edelstahlgewebe, 40 dB Schirmd\u00e4mpfung.<\/p>\n","protected":false},"featured_media":85801,"comment_status":"closed","ping_status":"closed","template":"","meta":[],"product_brand":[],"product_cat":[1037],"product_tag":[],"class_list":{"0":"post-35218","1":"product","2":"type-product","3":"status-publish","4":"has-post-thumbnail","6":"product_cat-abschirmende-gewebe-und-vliese","8":"first","9":"instock","10":"taxable","11":"shipping-taxable","12":"purchasable","13":"product-type-variable"},"_links":{"self":[{"href":"https:\/\/helseforhandleren.no\/de\/wp-json\/wp\/v2\/product\/35218","targetHints":{"allow":["GET"]}}],"collection":[{"href":"https:\/\/helseforhandleren.no\/de\/wp-json\/wp\/v2\/product"}],"about":[{"href":"https:\/\/helseforhandleren.no\/de\/wp-json\/wp\/v2\/types\/product"}],"replies":[{"embeddable":true,"href":"https:\/\/helseforhandleren.no\/de\/wp-json\/wp\/v2\/comments?post=35218"}],"wp:featuredmedia":[{"embeddable":true,"href":"https:\/\/helseforhandleren.no\/de\/wp-json\/wp\/v2\/media\/85801"}],"wp:attachment":[{"href":"https:\/\/helseforhandleren.no\/de\/wp-json\/wp\/v2\/media?parent=35218"}],"wp:term":[{"taxonomy":"product_brand","embeddable":true,"href":"https:\/\/helseforhandleren.no\/de\/wp-json\/wp\/v2\/product_brand?post=35218"},{"taxonomy":"product_cat","embeddable":true,"href":"https:\/\/helseforhandleren.no\/de\/wp-json\/wp\/v2\/product_cat?post=35218"},{"taxonomy":"product_tag","embeddable":true,"href":"https:\/\/helseforhandleren.no\/de\/wp-json\/wp\/v2\/product_tag?post=35218"}],"curies":[{"name":"wp","href":"https:\/\/api.w.org\/{rel}","templated":true}]}}