{"id":35336,"date":"2016-11-18T13:17:54","date_gmt":"2016-11-18T13:17:54","guid":{"rendered":"http:\/\/helseforhandleren.no\/butikk\/uncategorized\/erdungsstecker-gx-ef-typ-ef-cee-77\/"},"modified":"2024-04-05T09:35:52","modified_gmt":"2024-04-05T09:35:52","slug":"erdungsstecker-gx-ef-typ-ef-cee-77","status":"publish","type":"product","link":"https:\/\/helseforhandleren.no\/de\/geschaeft\/abschirmung\/erdung-accessoires\/erdungsstecker-gx-ef-typ-ef-cee-77\/","title":{"rendered":"Erdungsstecker GX-EF (Typ EF, CEE 7\/7)"},"content":{"rendered":"<div class=\"unterlinie\"><strong>Anwendung:<\/strong> Erdung<\/div>\n<div class=\"unterlinie\"><strong>Farbe:<\/strong> Weiss, Silber<\/div>\n<div class=\"unterlinie\"><strong>Sicherheitshinweis:<\/strong> Lebensgefahr bei falscher Erdung! \u00dcberpr\u00fcfung und Installation\u00a0nur von einer autorisierten Elektrofachkraft in geerdeten 3-poligen Netzen mit einem Fehlerstromschutzschalter kleiner 30 mA.<\/div>\n<div class=\"product--description\">\n<p><strong>Erdungsstecker f\u00fcr erdbare Stoffprodukte wie Earthing-Produkte, Baldachine, Schlafsack, Bettw\u00e4sche usw..<\/strong> Dieser Stecker eignet sich f\u00fcr ortsver\u00e4nderliche Produkte (Baldachine Bxx, Earthing-Produkte Exx, usw.). Ortsfeste Abschirmprodukte (Farben, Gewebe, Vliese, Tapeten, usw.) d\u00fcrfen damit nicht geerdet werden.<\/p>\n<p><strong>Verwendbar in folgenden L\u00e4ndern, bitte beachten Sie, dass in einigen L\u00e4ndern mehrere Typen parallel verwendet werden, die L\u00e4ndernamen sind in Englisch:<\/strong>\u00a0Afghanistan, Albania, Algeria, American Samoa, Andorra, Armenia, Aruba, <strong>Austria<\/strong>, Azerbaijan, Belarus, <strong>Belgium<\/strong>, Benin, Bhutan, Bosnia and Herzegovina, <strong>Bulgaria<\/strong>, Burkina Faso, Burundi, Cameroon, Cape Verde, Chad, Comoros, Congo, <strong>Croatia<\/strong>, <strong>Czech Republic<\/strong>, <strong>Denmark<\/strong>, Djibouti, Egypt, Equatorial Guinea, <strong>Estonia<\/strong>, Ethiopia, <strong>Finland<\/strong>, <strong>France<\/strong>, French Guiana, French Polynesia, Georgia, <strong>Germany<\/strong>, <strong>Greece<\/strong>, Greenland, Guadeloupe, Guinea, <strong>Hungary<\/strong>, Iceland, Indonesia, Iran, <strong>Italy<\/strong>, Jordan, Kazakhstan, Kosovo, Kyrgyzstan, Laos, Latvia, Liberia, Libya, Lithuania, Luxembourg, Macau, Macedonia, Madagascar, Mali, Martinique, Moldova, <strong>Monaco<\/strong>, Mongolia, Montenegro, Morocco, Mozambique, Myanmar, <strong>Netherlands<\/strong>, New Caledonia, Niger, North Korea, <strong>Norway<\/strong>, Portugal, Romania, <strong>Russia<\/strong>, Senegal, Serbia, Slovakia, Slovenia, South Africa, South Korea, <strong>Spain<\/strong>, Suriname, <strong>Sweden<\/strong>, Syria, Tajikistan, Thailand, Tunisia, Turkey, Turkmenistan, Ukraine, Uruguay.<\/p>\n<ul>\n<li>Lieferumfang: Erdungsstecker mit 4 Anschlussbuchsen, 4 L\u00f6tstecker;<\/li>\n<li>F\u00fcr eine <strong>Erdung mit unserem Klettsystem<\/strong> ben\u00f6tigen Sie zus\u00e4tzlich ein Kabel GC und den Klettanschluss GV.<\/li>\n<\/ul>\n<\/div>\n","protected":false},"excerpt":{"rendered":"<p>Erdungsstecker f\u00fcr ortsver\u00e4nderliche Produkte. Typ EF (CEE 7\/7).<\/p>\n<h4>Downloads<br \/>\n<a href=\"http:\/\/helseforhandleren.no\/wp-content\/uploads\/2014\/10\/y-Erdung-TMB.pdf\">Technisches Merkblatt<br \/>\n<\/a><a href=\"http:\/\/helseforhandleren.no\/wp-content\/uploads\/2017\/01\/y-Katalogseiten-Erdung.pdf\">Katalogseiten<\/a><a href=\"http:\/\/helseforhandleren.no\/wp-content\/uploads\/2014\/10\/y-Erdung-TMB.pdf\"><br \/>\n<\/a><\/h4>\n<h4><\/h4>\n<h4><a href=\"http:\/\/helseforhandleren.no\/wp-content\/uploads\/2014\/10\/y-Erdung-TMB.pdf\"><\/a><\/h4>\n","protected":false},"featured_media":82392,"comment_status":"closed","ping_status":"closed","template":"","meta":[],"product_brand":[],"product_cat":[1030],"product_tag":[],"class_list":{"0":"post-35336","1":"product","2":"type-product","3":"status-publish","4":"has-post-thumbnail","6":"product_cat-erdung-accessoires","8":"first","9":"instock","10":"taxable","11":"shipping-taxable","12":"purchasable","13":"product-type-simple"},"_links":{"self":[{"href":"https:\/\/helseforhandleren.no\/de\/wp-json\/wp\/v2\/product\/35336","targetHints":{"allow":["GET"]}}],"collection":[{"href":"https:\/\/helseforhandleren.no\/de\/wp-json\/wp\/v2\/product"}],"about":[{"href":"https:\/\/helseforhandleren.no\/de\/wp-json\/wp\/v2\/types\/product"}],"replies":[{"embeddable":true,"href":"https:\/\/helseforhandleren.no\/de\/wp-json\/wp\/v2\/comments?post=35336"}],"wp:featuredmedia":[{"embeddable":true,"href":"https:\/\/helseforhandleren.no\/de\/wp-json\/wp\/v2\/media\/82392"}],"wp:attachment":[{"href":"https:\/\/helseforhandleren.no\/de\/wp-json\/wp\/v2\/media?parent=35336"}],"wp:term":[{"taxonomy":"product_brand","embeddable":true,"href":"https:\/\/helseforhandleren.no\/de\/wp-json\/wp\/v2\/product_brand?post=35336"},{"taxonomy":"product_cat","embeddable":true,"href":"https:\/\/helseforhandleren.no\/de\/wp-json\/wp\/v2\/product_cat?post=35336"},{"taxonomy":"product_tag","embeddable":true,"href":"https:\/\/helseforhandleren.no\/de\/wp-json\/wp\/v2\/product_tag?post=35336"}],"curies":[{"name":"wp","href":"https:\/\/api.w.org\/{rel}","templated":true}]}}