{"id":35376,"date":"2016-11-18T14:46:14","date_gmt":"2016-11-18T14:46:14","guid":{"rendered":"http:\/\/helseforhandleren.no\/butikk\/uncategorized\/abschirmstoff-silver-grid-nf-breite-150-cm-1-laufmeter\/"},"modified":"2024-04-05T09:36:01","modified_gmt":"2024-04-05T09:36:01","slug":"abschirmstoff-silver-grid-nf-breite-150-cm-1-laufmeter","status":"publish","type":"product","link":"https:\/\/helseforhandleren.no\/de\/geschaeft\/abschirmung\/erdung\/abschirmstoff-silver-grid-nf-breite-150-cm-1-laufmeter\/","title":{"rendered":"Abschirmstoff SILVER-GRID NF, Breite 150 cm, 1 Laufmeter"},"content":{"rendered":"<div class=\"unterlinie\"><strong>Bestellmenge:<\/strong> In Schritten von 1,0 Laufmeter. Wird kundenspezifisch abgeschnitten, R\u00fccknahme oder Widerruf sind nicht m\u00f6glich. Fordern Sie vor der Bestellung ein kostenloses Muster an.<\/div>\n<div class=\"unterlinie\"><strong>Erdung:<\/strong> Elektrisch leitf\u00e4hig. Kann zur Abschirmung von elektrischen Wechselfeldern (NF) kontaktiert und geerdet werden! Passende Komponenten finden Sie unter &#8222;Erdung&#8220;. Eine Empfehlung hier ist schwierig weil abh\u00e4ngig von der Anwendung. Fragen Sie uns!<\/div>\n<div class=\"unterlinie\"><strong>Stoffpflege:<\/strong> Waschen schonend bei 30\u00b0C | B\u00fcgeln ohne Dampf bei Stufe 1 | Nicht im Trockner trocknen | Nicht bleichen | Nicht chemisch reinigen | F\u00fcr Allergiker: Jeder neue Stoff riecht, vor dem ersten Gebrauch waschen!<\/div>\n<div class=\"unterlinie\"><strong>Anwendung:<\/strong> Erdung, Earthing, Reduzierung von NF-Feldern<\/div>\n<div class=\"unterlinie\"><strong>Feldart:<\/strong> NF (Niederfrequente elektrische Wechselfelder)<\/div>\n<div class=\"unterlinie\"><strong>\u00d6kologie:<\/strong> Sehr hoch<\/div>\n<div class=\"unterlinie\"><strong>Farbe:<\/strong> Weiss<\/div>\n<div class=\"product--description\">\n<p><strong>SILVER-GRID ist ein Baumwollstoff mit Silberfaden zur NF Abschirmung<\/strong>. Der perfekte Stoff f\u00fcr\u00a0<strong>erdbare Produkte, sogenanntes \u201eEarthing\u201c<\/strong>. F\u00fcr Bettw\u00e4sche, Bettlaken, Matratzenbez\u00fcge, Decken, Stuhlunterlagen, usw.. Mit 13 dB nur eingeschr\u00e4nkt zur HF-Abschirmung geeignet.\u00a0Im Vergleich zu einem Wettbewerberprodukt hat SILVER-GRID ein engmaschigeres Silbernetz, mit einem geringeren Widerstand, f\u00fcr eine bessere Erdung.<\/p>\n<ul>\n<li>Textile Eigenschaften: Waschbar, b\u00fcgelbar, n\u00e4hbar<\/li>\n<li>Qualit\u00e4tseinstufung: Sehr hoch<\/li>\n<\/ul>\n<p>Technische Daten<\/p>\n<ul>\n<li><strong>Breite: 150 cm, +\/- 2 cm<\/strong><\/li>\n<li>L\u00e4nge: Meterware<\/li>\n<li><strong>Schirmd\u00e4mpfung NF: 40 dB (99 %)<br \/>\n<\/strong>Schirmd\u00e4mpfung HF: 13 dB<\/li>\n<li>Farbe: Wei\u00df<\/li>\n<li>Rohstoffe: 95 % Baumwolle, 4 % Polyester, 1 % Silber<\/li>\n<li>Fl\u00e4chengewicht: 130 g\/m\u00b2<\/li>\n<li>Leitf\u00e4higkeit: 15 Ohm \/ 100 cm<\/li>\n<\/ul>\n<\/div>\n","protected":false},"excerpt":{"rendered":"<p>Baumwollstoff zur NF-Abschirmung (Earthing), 40 dB Schirmd\u00e4mpfung (99 %).<\/p>\n","protected":false},"featured_media":82405,"comment_status":"closed","ping_status":"closed","template":"","meta":[],"product_brand":[],"product_cat":[1028],"product_tag":[],"class_list":{"0":"post-35376","1":"product","2":"type-product","3":"status-publish","4":"has-post-thumbnail","6":"product_cat-erdung","8":"first","9":"instock","10":"taxable","11":"shipping-taxable","12":"purchasable","13":"product-type-simple"},"_links":{"self":[{"href":"https:\/\/helseforhandleren.no\/de\/wp-json\/wp\/v2\/product\/35376","targetHints":{"allow":["GET"]}}],"collection":[{"href":"https:\/\/helseforhandleren.no\/de\/wp-json\/wp\/v2\/product"}],"about":[{"href":"https:\/\/helseforhandleren.no\/de\/wp-json\/wp\/v2\/types\/product"}],"replies":[{"embeddable":true,"href":"https:\/\/helseforhandleren.no\/de\/wp-json\/wp\/v2\/comments?post=35376"}],"wp:featuredmedia":[{"embeddable":true,"href":"https:\/\/helseforhandleren.no\/de\/wp-json\/wp\/v2\/media\/82405"}],"wp:attachment":[{"href":"https:\/\/helseforhandleren.no\/de\/wp-json\/wp\/v2\/media?parent=35376"}],"wp:term":[{"taxonomy":"product_brand","embeddable":true,"href":"https:\/\/helseforhandleren.no\/de\/wp-json\/wp\/v2\/product_brand?post=35376"},{"taxonomy":"product_cat","embeddable":true,"href":"https:\/\/helseforhandleren.no\/de\/wp-json\/wp\/v2\/product_cat?post=35376"},{"taxonomy":"product_tag","embeddable":true,"href":"https:\/\/helseforhandleren.no\/de\/wp-json\/wp\/v2\/product_tag?post=35376"}],"curies":[{"name":"wp","href":"https:\/\/api.w.org\/{rel}","templated":true}]}}