{"id":35413,"date":"2016-11-18T15:11:19","date_gmt":"2016-11-18T15:11:19","guid":{"rendered":"http:\/\/helseforhandleren.no\/butikk\/uncategorized\/abschirmstoff-ultima-hf-breite-250-cm-1-laufmeter\/"},"modified":"2024-04-05T09:36:13","modified_gmt":"2024-04-05T09:36:13","slug":"abschirmstoff-ultima-hf-breite-250-cm-1-laufmeter","status":"publish","type":"product","link":"https:\/\/helseforhandleren.no\/de\/geschaeft\/abschirmung\/fabric-vorhang-de\/abschirmstoff-ultima-hf-breite-250-cm-1-laufmeter\/","title":{"rendered":"Abschirmstoff ULTIMA\u2122 HF, Breite 250 cm, 1 Laufmeter"},"content":{"rendered":"<div class=\"unterlinie\"><strong>Bestellmenge:<\/strong> In Schritten von 1,0 Laufmeter. Wird kundenspezifisch abgeschnitten, R\u00fccknahme oder Widerruf sind nicht m\u00f6glich. Fordern Sie vor der Bestellung ein kostenloses Muster an.<\/div>\n<div class=\"unterlinie\"><strong>Schirmd\u00e4mpfung:<\/strong> Alle angegebenen Schirmd\u00e4mpfungswerte gelten bei 1 GHz. Messung nach ASTM D4935-10 oder IEEE Std 299-2006 oder IEEEE Std 1128-1998 oder ASTM A698\/A698M-07. Das Messprotokoll finden Sie oben unter &#8222;Gutachten Abchirmung&#8220;.<\/div>\n<div class=\"unterlinie\"><strong>Erdung:<\/strong> Elektrisch nicht leitf\u00e4hig. Keine Abschirmung von elektrischen Wechselfeldern (NF), diese m\u00fcssen durch erg\u00e4nzende Ma\u00dfnahmen reduziert werden. Wir empfehlen die Abschirmung mit NSF34, NCV95 oder die Freischaltung mit einem Netzabkoppler.<\/div>\n<div class=\"unterlinie\"><strong>Stoffpflege:<\/strong> Waschen schonend bei 30\u00b0C | B\u00fcgeln ohne Dampf bei Stufe 1 | Nicht im Trockner trocknen | Nicht bleichen | Nicht chemisch reinigen | F\u00fcr Allergiker: Jeder neue Stoff riecht, vor dem ersten Gebrauch waschen!<\/div>\n<div class=\"unterlinie\"><strong>SwissShield:<\/strong> Dieser Stoff wird von SwissShield\u00ae in der Schweiz mit einem patentierten, hauchd\u00fcnnen Hightech-Garn hergestellt. Wir bei YSHIELD sch\u00e4tzen die konstant hohe Qualit\u00e4t, nicht umsonst sind wir der weltweit gr\u00f6\u00dfte SwissShield\u00ae H\u00e4ndler!<\/div>\n<div class=\"unterlinie\"><strong>Anwendung:<\/strong> Vorhang, Fenster, Baldachin<\/div>\n<div class=\"unterlinie\"><strong>Feldart:<\/strong> HF (Hochfrequente elektromagnetische Felder)<\/div>\n<div class=\"unterlinie\"><strong>\u00d6kologie:<\/strong> Sehr hoch<\/div>\n<div class=\"unterlinie\"><strong>Farbe:<\/strong> Ecru<\/div>\n<div class=\"product--description\">\n<p>ULTIMA\u2122 von Swiss-Shield\u00ae ist ein<strong> fein gewebter Baumwollstoff<\/strong> zur Abschirmung hochfrequenter elektromagnetischer Felder (HF). <strong>Typische Anwendung als Vorhangstoff.<\/strong> Nicht elektrisch leitf\u00e4hig.<\/p>\n<ul>\n<li>Baumwollgewebe nach \u00d6ko-Tex 100 + 1000<\/li>\n<li>Hohe Schirmd\u00e4mpfung f\u00fcr einen\u00a0 Baumwollstoff<\/li>\n<li>Excellentes Preis-\/Leistungsverh\u00e4ltnis<\/li>\n<li>Textile Eigenschaften: Waschbar, b\u00fcgelbar, n\u00e4hbar<\/li>\n<li>Qualit\u00e4tseinstufung: Sehr hoch<\/li>\n<\/ul>\n<p>Technische Daten<\/p>\n<ul>\n<li><strong>Breite: 250 cm, +\/- 2 cm<\/strong><\/li>\n<li>L\u00e4nge: Meterware<\/li>\n<li><strong>Schirmd\u00e4mpfung: 41 dB<\/strong>, zweilagig 54 dB<\/li>\n<li>Farbe: Ecru-Wei\u00df.<\/li>\n<li>Rohstoffe: 82 % Baumwolle, 17 % Kupfer, 1 % Silber<\/li>\n<li>Fl\u00e4chengewicht: 85 g\/m\u00b2<\/li>\n<li>Dimensionsstabilit\u00e4t: +\/- 3 %<\/li>\n<li>Pr\u00fcfnormen: \u00d6ko-Tex Standard 100+1000<\/li>\n<\/ul>\n<\/div>\n","protected":false},"excerpt":{"rendered":"<p>Baumwolle. 41 dB Schirmd\u00e4mpfung. Von Swiss-Shield\u00ae. Die Luxusversion von NATURELL\u2122.<\/p>\n","protected":false},"featured_media":86649,"comment_status":"closed","ping_status":"closed","template":"","meta":[],"product_brand":[],"product_cat":[736],"product_tag":[],"class_list":{"0":"post-35413","1":"product","2":"type-product","3":"status-publish","4":"has-post-thumbnail","6":"product_cat-fabric-vorhang-de","7":"pa_lengde-cm-de","9":"first","10":"instock","11":"taxable","12":"shipping-taxable","13":"purchasable","14":"product-type-simple"},"_links":{"self":[{"href":"https:\/\/helseforhandleren.no\/de\/wp-json\/wp\/v2\/product\/35413","targetHints":{"allow":["GET"]}}],"collection":[{"href":"https:\/\/helseforhandleren.no\/de\/wp-json\/wp\/v2\/product"}],"about":[{"href":"https:\/\/helseforhandleren.no\/de\/wp-json\/wp\/v2\/types\/product"}],"replies":[{"embeddable":true,"href":"https:\/\/helseforhandleren.no\/de\/wp-json\/wp\/v2\/comments?post=35413"}],"wp:featuredmedia":[{"embeddable":true,"href":"https:\/\/helseforhandleren.no\/de\/wp-json\/wp\/v2\/media\/86649"}],"wp:attachment":[{"href":"https:\/\/helseforhandleren.no\/de\/wp-json\/wp\/v2\/media?parent=35413"}],"wp:term":[{"taxonomy":"product_brand","embeddable":true,"href":"https:\/\/helseforhandleren.no\/de\/wp-json\/wp\/v2\/product_brand?post=35413"},{"taxonomy":"product_cat","embeddable":true,"href":"https:\/\/helseforhandleren.no\/de\/wp-json\/wp\/v2\/product_cat?post=35413"},{"taxonomy":"product_tag","embeddable":true,"href":"https:\/\/helseforhandleren.no\/de\/wp-json\/wp\/v2\/product_tag?post=35413"}],"curies":[{"name":"wp","href":"https:\/\/api.w.org\/{rel}","templated":true}]}}