{"id":35415,"date":"2016-11-18T15:14:42","date_gmt":"2016-11-18T15:14:42","guid":{"rendered":"http:\/\/helseforhandleren.no\/butikk\/uncategorized\/abschirmstoff-naturell-ultra-hfnf-breite-250-cm-1-laufmeter\/"},"modified":"2024-04-05T09:36:16","modified_gmt":"2024-04-05T09:36:16","slug":"abschirmstoff-naturell-ultra-hfnf-breite-250-cm-1-laufmeter","status":"publish","type":"product","link":"https:\/\/helseforhandleren.no\/de\/geschaeft\/abschirmung\/fabric-vorhang-de\/abschirmstoff-naturell-ultra-hfnf-breite-250-cm-1-laufmeter\/","title":{"rendered":"Abschirmstoff NATURELL ULTRA\u2122 HF+NF Breite 250 cm 1 Laufmeter"},"content":{"rendered":"<div class=\"unterlinie\"><strong>Bestellmenge:<\/strong> In Schritten von 1,0 Laufmeter. Wird kundenspezifisch abgeschnitten, R\u00fccknahme oder Widerruf sind nicht m\u00f6glich. Fordern Sie vor der Bestellung ein kostenloses Muster an.<\/div>\n<div class=\"unterlinie\"><strong>Schirmd\u00e4mpfung:<\/strong> Alle angegebenen Schirmd\u00e4mpfungswerte gelten bei 1 GHz. Messung nach ASTM D4935-10 oder IEEE Std 299-2006 oder IEEEE Std 1128-1998 oder ASTM A698\/A698M-07. Das Messprotokoll finden Sie oben unter &#8222;Gutachten Abchirmung&#8220;.<\/div>\n<div class=\"unterlinie\"><strong>Erdung:<\/strong> Elektrisch leitf\u00e4hig. Kann zur Abschirmung von elektrischen Wechselfeldern (NF) kontaktiert und geerdet werden! Wir empfehlen einen Stecker GP oder GD, mit einer Platte GM oder GS, plus ein Kabel GC.<\/div>\n<div class=\"unterlinie\"><strong>Stoffpflege:<\/strong> Waschen schonend bei 30\u00b0C | B\u00fcgeln ohne Dampf bei Stufe 1 | Nicht im Trockner trocknen | Nicht bleichen | Nicht chemisch reinigen | F\u00fcr Allergiker: Jeder neue Stoff riecht, vor dem ersten Gebrauch waschen!<\/div>\n<div class=\"unterlinie\"><strong>SwissShield:<\/strong> Dieser Stoff wird von SwissShield\u00ae in der Schweiz mit einem patentierten, hauchd\u00fcnnen Hightech-Garn hergestellt. Wir bei YSHIELD sch\u00e4tzen die konstant hohe Qualit\u00e4t, nicht umsonst sind wir der weltweit gr\u00f6\u00dfte SwissShield\u00ae H\u00e4ndler!<\/div>\n<div class=\"unterlinie\"><strong>Anwendung:<\/strong> Fenster, Vorhang, Baldachin<\/div>\n<div class=\"unterlinie\"><strong>Feldart:<\/strong> NF (Niederfrequente elektrische Wechselfelder), HF (Hochfrequente elektromagnetische Felder)<\/div>\n<div class=\"unterlinie\"><strong>\u00d6kologie:<\/strong> Sehr hoch<\/div>\n<div class=\"unterlinie\"><strong>Farbe:<\/strong> Ecru<\/div>\n<div class=\"product--description\">\n<p>NATURELL ULTRA\u2122 von Swiss-Shield\u00ae ist ein <strong>halbtransparenter Baumwollstoff<\/strong> zur Abschirmung hochfrequenter elektromagnetischer Felder (HF) und niederfrequenter elektrischer Felder (NF). <strong>Typische Anwendung als Vorhang oder zum N\u00e4hen eines Bettbaldachins<\/strong>. Elektrisch leitf\u00e4hig und deshalb erdbar.<\/p>\n<p>NATURELL ULTRA\u2122 ist der zweite Stoff einer <strong>neuen Produktserie<\/strong> von Swiss Shield\u00ae. In der neuen ULTRA-Serie ist das Silber-\/Kupfer-Filament mit Carbon beschichtet, weshalb diese Stoffe<strong> elektrisch leitf\u00e4hig<\/strong> sind um niederfrequenter elektrischer Felder (NF) abzuschirmen. Perfekt f\u00fcr Bettbaldachine.<\/p>\n<ul>\n<li>Baumwollgewebe nach \u00d6ko-Tex 100 + 1000<\/li>\n<li>Excellentes Preis-\/Leistungsverh\u00e4ltnis<\/li>\n<li>Textile Eigenschaften: Waschbar, b\u00fcgelbar, n\u00e4hbar<\/li>\n<li>Qualit\u00e4tseinstufung: Sehr hoch<\/li>\n<\/ul>\n<h2>Technische Daten<\/h2>\n<ul>\n<li><strong>Breite: 250 cm, +\/- 2 cm<\/strong><\/li>\n<li>L\u00e4nge: Meterware<\/li>\n<li><strong>Schirmd\u00e4mpfung: 40 dB<\/strong>, zweilagig 54 dB<\/li>\n<li>Farbe: Ecru-Wei\u00df.<\/li>\n<li>Rohstoffe: 81 % Baumwolle, 17 % Kupfer, 1 % Silber, 1 % Carbon<\/li>\n<li>Fl\u00e4chengewicht: 115 g\/m\u00b2<\/li>\n<li>Dimensionsstabilit\u00e4t: +\/- 3 %<\/li>\n<li>Pr\u00fcfnormen: \u00d6ko-Tex Standard 100+1000<\/li>\n<\/ul>\n<\/div>\n","protected":false},"excerpt":{"rendered":"<ul class=\"product--base-info list--unstyled\">Baumwolle. 40 dB Schirmd\u00e4mpfung. Von Swiss-Shield\u00ae. F\u00fcr Bettbaldachine und Vorh\u00e4nge. Erdbar.<\/ul>\n<p>&nbsp;<\/p>\n","protected":false},"featured_media":86631,"comment_status":"closed","ping_status":"closed","template":"","meta":[],"product_brand":[],"product_cat":[736],"product_tag":[],"class_list":{"0":"post-35415","1":"product","2":"type-product","3":"status-publish","4":"has-post-thumbnail","6":"product_cat-fabric-vorhang-de","8":"first","9":"instock","10":"taxable","11":"shipping-taxable","12":"purchasable","13":"product-type-simple"},"_links":{"self":[{"href":"https:\/\/helseforhandleren.no\/de\/wp-json\/wp\/v2\/product\/35415","targetHints":{"allow":["GET"]}}],"collection":[{"href":"https:\/\/helseforhandleren.no\/de\/wp-json\/wp\/v2\/product"}],"about":[{"href":"https:\/\/helseforhandleren.no\/de\/wp-json\/wp\/v2\/types\/product"}],"replies":[{"embeddable":true,"href":"https:\/\/helseforhandleren.no\/de\/wp-json\/wp\/v2\/comments?post=35415"}],"wp:featuredmedia":[{"embeddable":true,"href":"https:\/\/helseforhandleren.no\/de\/wp-json\/wp\/v2\/media\/86631"}],"wp:attachment":[{"href":"https:\/\/helseforhandleren.no\/de\/wp-json\/wp\/v2\/media?parent=35415"}],"wp:term":[{"taxonomy":"product_brand","embeddable":true,"href":"https:\/\/helseforhandleren.no\/de\/wp-json\/wp\/v2\/product_brand?post=35415"},{"taxonomy":"product_cat","embeddable":true,"href":"https:\/\/helseforhandleren.no\/de\/wp-json\/wp\/v2\/product_cat?post=35415"},{"taxonomy":"product_tag","embeddable":true,"href":"https:\/\/helseforhandleren.no\/de\/wp-json\/wp\/v2\/product_tag?post=35415"}],"curies":[{"name":"wp","href":"https:\/\/api.w.org\/{rel}","templated":true}]}}