{"id":35462,"date":"2016-11-19T09:36:33","date_gmt":"2016-11-19T09:36:33","guid":{"rendered":"http:\/\/helseforhandleren.no\/butikk\/uncategorized\/erdung-bettbezug-ed1-nf\/"},"modified":"2024-04-05T09:36:30","modified_gmt":"2024-04-05T09:36:30","slug":"erdung-bettbezug-ed1-nf","status":"publish","type":"product","link":"https:\/\/helseforhandleren.no\/de\/geschaeft\/abschirmung\/erdung\/erdung-bettbezug-ed1-nf\/","title":{"rendered":"Erdung Bettbezug &#8211; ED1 NF"},"content":{"rendered":"<div class=\"unterlinie\">Fabric Care: vorsichtig bei 30 \u00b0 C waschen | B\u00fcgeln ohne Dampf bei Stufe 1 | Nicht im Trockner | Nicht Bleach | Nicht chemisch reinigen | F\u00fcr Allergiker: Jeder neue Stoff riecht, waschen Sie vor dem ersten Gebrauch!<br \/>\nAnwendung: Erdung<br \/>\nFeldtyp: NF (Dissipation kapazitive K\u00f6rper Kopplungsspannung)<br \/>\n\u00d6kologie: Sehr hoch<br \/>\nFarbe: wei\u00df mit einem silbernen Plaid<br \/>\nBettbez\u00fcge f\u00fcr normal gro\u00dfe Quilts. Unten gen\u00e4ht Rei\u00dfverschluss sind.<\/p>\n<p>Spezifikationen<\/p>\n<p>Gr\u00f6\u00dfe: 135 x 200 cm<br \/>\nLieferumfang Bettbezug mit 2 Erdanschlussklemmen<br \/>\nWei\u00df mit Silber karierten<br \/>\nRohstoffe: 95% Baumwolle, 4% Polyester, 1% Silber<br \/>\nGram: 130 g \/ m\u00b2<br \/>\nLeitf\u00e4higkeit: 15 Ohm \/ 100 cm<br \/>\nErdung &#8211; Hintergrund<\/p>\n<p>Ein neuer Trend in den USA ist es, den K\u00f6rper auf die Erde zu verbinden, die so genannte Erdung. Da wir uns ausdr\u00fccken als technische Unternehmen nicht \u00fcber die gesundheitlichen Aspekte, empfehlen wir Literatur Clinton Ober, Stephen Sinatra oder Martin Zucker.<\/p>\n<p>Erdung &#8211; Stoff Silber Grid<\/p>\n<p>Wir nutzen unser Stoff Silber Grid, im Vergleich zu Konkurrenzprodukten eine engere Silber mit weniger Widerstand Netz haben, so dass der Boden ist besser. Silber Gitter, bestehend aus 95% ungebleichten Baumwolle und 5% Silberfaden.<\/p>\n<p>Erdung &#8211; Eine ordnungsgem\u00e4\u00dfe Erdung<\/p>\n<p>Die beste und &#8222;nat\u00fcrlichste Kontakt mit der Erde&#8220; durch Erdspie\u00df GR-40, erreicht werden, die vor dem Haus auf den Boden gesetzt. Alternativ Einsatz von Erdungsstecker GX-Buchsen.<br \/>\nRod oder Stecker an das Erdungskabel GC verbunden. Zur Erdung Stecker GX kurz Kabel sind zB GC-500, Stange GR-40 Erdung au\u00dferhalb des Hauses l\u00e4ngeren Kabeln 1-2 GC-1000 Plus Kabelverteiler GC-E ben\u00f6tigen.<br \/>\nAlle Erdungs Produkte haben zwei versilberten Velcro gen\u00e4ht. Von Kabel Klett ben\u00f6tigen Sie einen Klett GV Erdungsplatte.<br \/>\nWichtig:. Unter ung\u00fcnstigen Bedingungen, elektrische Felder (Nachttischlampe, Radiowecker, etc.) verbunden ist und die Feldsituation verschlechtert, empfehlen wir eine messtechnische Untersuchung mit einem LF-Messvorrichtung (zB ME3030B).<br \/>\nDie entsprechenden Komponenten k\u00f6nnen der nachfolgenden Produktempfehlungen &#8222;Erdung&#8220; zu finden.<\/p><\/div>\n","protected":false},"excerpt":{"rendered":"<p>Bettbez\u00fcge Silber Gitter f\u00fcr &#8222;Erdung&#8220;.<\/p>\n","protected":false},"featured_media":82445,"comment_status":"closed","ping_status":"closed","template":"","meta":[],"product_brand":[],"product_cat":[1028],"product_tag":[],"class_list":{"0":"post-35462","1":"product","2":"type-product","3":"status-publish","4":"has-post-thumbnail","6":"product_cat-erdung","8":"first","9":"instock","10":"taxable","11":"shipping-taxable","12":"purchasable","13":"product-type-simple"},"_links":{"self":[{"href":"https:\/\/helseforhandleren.no\/de\/wp-json\/wp\/v2\/product\/35462","targetHints":{"allow":["GET"]}}],"collection":[{"href":"https:\/\/helseforhandleren.no\/de\/wp-json\/wp\/v2\/product"}],"about":[{"href":"https:\/\/helseforhandleren.no\/de\/wp-json\/wp\/v2\/types\/product"}],"replies":[{"embeddable":true,"href":"https:\/\/helseforhandleren.no\/de\/wp-json\/wp\/v2\/comments?post=35462"}],"wp:featuredmedia":[{"embeddable":true,"href":"https:\/\/helseforhandleren.no\/de\/wp-json\/wp\/v2\/media\/82445"}],"wp:attachment":[{"href":"https:\/\/helseforhandleren.no\/de\/wp-json\/wp\/v2\/media?parent=35462"}],"wp:term":[{"taxonomy":"product_brand","embeddable":true,"href":"https:\/\/helseforhandleren.no\/de\/wp-json\/wp\/v2\/product_brand?post=35462"},{"taxonomy":"product_cat","embeddable":true,"href":"https:\/\/helseforhandleren.no\/de\/wp-json\/wp\/v2\/product_cat?post=35462"},{"taxonomy":"product_tag","embeddable":true,"href":"https:\/\/helseforhandleren.no\/de\/wp-json\/wp\/v2\/product_tag?post=35462"}],"curies":[{"name":"wp","href":"https:\/\/api.w.org\/{rel}","templated":true}]}}