{"id":35524,"date":"2016-11-19T18:34:26","date_gmt":"2016-11-19T18:34:26","guid":{"rendered":"http:\/\/helseforhandleren.no\/butikk\/uncategorized\/earthing-decke-esb-nf\/"},"modified":"2024-04-05T09:36:46","modified_gmt":"2024-04-05T09:36:46","slug":"earthing-decke-esb-nf","status":"publish","type":"product","link":"https:\/\/helseforhandleren.no\/de\/geschaeft\/abschirmung\/erdung\/earthing-decke-esb-nf\/","title":{"rendered":"Earthing | Decke &#8211; ESB | NF"},"content":{"rendered":"<div class=\"unterlinie\"><strong>Stoffpflege:<\/strong> Waschen schonend bei 30\u00b0C | B\u00fcgeln ohne Dampf bei Stufe 1 | Nicht im Trockner trocknen | Nicht bleichen | Nicht chemisch reinigen | F\u00fcr Allergiker: Jeder neue Stoff riecht, vor dem ersten Gebrauch waschen!<\/div>\n<div class=\"unterlinie\"><strong>Anwendung:<\/strong> Earthing<\/div>\n<div class=\"unterlinie\"><strong>Feldart:<\/strong> NF (Ableitung kapazitiver K\u00f6rperankopplungsspannung)<\/div>\n<div class=\"unterlinie\"><strong>\u00d6kologie:<\/strong> Sehr hoch<\/div>\n<div class=\"unterlinie\"><strong>Farbe:<\/strong> Wei\u00df mit silbernem Karomuster<\/div>\n<div class=\"product--description\">\n<p><strong>Decke.<\/strong>\u00a0 Auf der Couch, im Bett, im Urlaub oder auf Gesch\u00e4ftsreisen.<\/p>\n<h2>Technische Daten<\/h2>\n<ul>\n<li><strong>Gr\u00f6\u00dfe: 140 x 200 cm<\/strong><\/li>\n<li><strong>Lieferumfang: Decke mit 2 Erdungsanschl\u00fcssen<\/strong><\/li>\n<li>Farbe: Wei\u00df mit silberfarbenem Karomuster<\/li>\n<li>Rohstoffe: 95 % Baumwolle, 4 % Polyester, 1 % Silber<\/li>\n<li>Fl\u00e4chengewicht: 130 g\/m\u00b2<\/li>\n<li>Leitf\u00e4higkeit: 15 Ohm \/ 100 cm<\/li>\n<\/ul>\n<h2>Earthing &#8211; Hintergrund<\/h2>\n<p>Ein neuer Trend aus den USA ist das\u00a0<strong>Verbinden des K\u00f6rpers mit der Erde<\/strong>, sogenanntes Earthing. Da wir uns als technische Firma nicht \u00fcber gesundheitliche Aspekte \u00e4u\u00dfern, empfehlen wir Fachliteratur von Clinton Ober, Stephen Sinatra oder Martin Zucker.<\/p>\n<h2>Earthing &#8211; Stoff Silver-Grid<\/h2>\n<p>Wir verwenden unseren Stoff Silver-Grid, der im Vergleich zu Wettbewerberprodukten ein engeres Silbernetz mit geringerem Widerstand hat, weshalb die Erdung besser ist. Silver-Grid besteht aus\u00a0<strong>95 % ungebleichter\u00a0Baumwolle und 5 % Silberfaden<\/strong>.<\/p>\n<h2>Earthing &#8211; Die richtige Erdung<\/h2>\n<ol>\n<li><strong>Den besten und &#8222;nat\u00fcrlichsten Kontakt zur Erde&#8220; erreichen Sie mit dem Erdungsstab GR-40, der vor dem Haus in den Boden gesteckt wird.<\/strong>\u00a0Alternativ verwenden Sie Erdungsstecker GX f\u00fcr Steckdosen.<\/li>\n<li>Stab oder Stecker werden \u00fcber Erdungskabel GC weiter verbunden. F\u00fcr die Erdungsstecker GX eignen sich kurze Kabel z.B.\u00a0<strong>GC-500<\/strong>, f\u00fcr den Erdungsstab GR-40 ausserhalb des Hauses ben\u00f6tigen Sie 1-2 l\u00e4ngere Kabel\u00a0<strong>GC-1000<\/strong>\u00a0plus Kabelverteiler\u00a0<strong>GC-E<\/strong>.<\/li>\n<li>Alle Earthing-Produkte haben zwei versilberte Klettverschl\u00fcsse aufgen\u00e4ht. Vom Kabel zum Klettverschluss ben\u00f6tigen Sie eine\u00a0<strong>Erdungsplatte Klett GV<\/strong>.<\/li>\n<li>Wichtig: Unter ung\u00fcnstigen Umst\u00e4nden k\u00f6nnen elektrische Felder (Nachttischlampe, Radiowecker, usw.) ankoppeln und die Feldsituation verschlechtern.\u00a0<strong>Wir empfehlen eine messtechnische \u00dcberpr\u00fcfung mit einem NF-Messger\u00e4t<\/strong>\u00a0(z.B. ME3030B).<\/li>\n<li>Die passenden Komponenten finden Sie unten bei den Produktempfehlungen &#8222;Erdung:&#8220;.<\/li>\n<\/ol>\n<\/div>\n","protected":false},"excerpt":{"rendered":"<ul class=\"product--base-info list--unstyled\">Decke aus Silver-Grid f\u00fcr &#8222;Earthing&#8220;.<\/ul>\n","protected":false},"featured_media":85178,"comment_status":"closed","ping_status":"closed","template":"","meta":[],"product_brand":[],"product_cat":[1028],"product_tag":[],"class_list":{"0":"post-35524","1":"product","2":"type-product","3":"status-publish","4":"has-post-thumbnail","6":"product_cat-erdung","8":"first","9":"instock","10":"taxable","11":"shipping-taxable","12":"purchasable","13":"product-type-simple"},"_links":{"self":[{"href":"https:\/\/helseforhandleren.no\/de\/wp-json\/wp\/v2\/product\/35524","targetHints":{"allow":["GET"]}}],"collection":[{"href":"https:\/\/helseforhandleren.no\/de\/wp-json\/wp\/v2\/product"}],"about":[{"href":"https:\/\/helseforhandleren.no\/de\/wp-json\/wp\/v2\/types\/product"}],"replies":[{"embeddable":true,"href":"https:\/\/helseforhandleren.no\/de\/wp-json\/wp\/v2\/comments?post=35524"}],"wp:featuredmedia":[{"embeddable":true,"href":"https:\/\/helseforhandleren.no\/de\/wp-json\/wp\/v2\/media\/85178"}],"wp:attachment":[{"href":"https:\/\/helseforhandleren.no\/de\/wp-json\/wp\/v2\/media?parent=35524"}],"wp:term":[{"taxonomy":"product_brand","embeddable":true,"href":"https:\/\/helseforhandleren.no\/de\/wp-json\/wp\/v2\/product_brand?post=35524"},{"taxonomy":"product_cat","embeddable":true,"href":"https:\/\/helseforhandleren.no\/de\/wp-json\/wp\/v2\/product_cat?post=35524"},{"taxonomy":"product_tag","embeddable":true,"href":"https:\/\/helseforhandleren.no\/de\/wp-json\/wp\/v2\/product_tag?post=35524"}],"curies":[{"name":"wp","href":"https:\/\/api.w.org\/{rel}","templated":true}]}}