{"id":35575,"date":"2016-11-21T10:05:43","date_gmt":"2016-11-21T10:05:43","guid":{"rendered":"http:\/\/helseforhandleren.no\/butikk\/uncategorized\/pneumatit-2\/"},"modified":"2024-04-05T09:37:17","modified_gmt":"2024-04-05T09:37:17","slug":"pneumatit-2","status":"publish","type":"product","link":"https:\/\/helseforhandleren.no\/de\/geschaeft\/ukategorisert\/pneumatit-2\/","title":{"rendered":"Pneumatit\u00ae"},"content":{"rendered":"<p>Pneumatit\u00ae: ein brandneues biogenen Additiv, das Beton verbessert (und M\u00f6rtel), der den Anker auf einer gro\u00dfen Vitalit\u00e4t drin.<\/p>\n<p>Pneumatit\u00ae Beton ist anders. Es hat eine Wirkung auf die Physiologie. Deshalb ist es von vielen Menschen sehr \u00e4hnlich und beschrieben, wie warm, weich, breit, beruhigenden Atemzug wahrgenommen wird. Alle wissenschaftlichen Untersuchungen durchgef\u00fchrt , best\u00e4tigen diese Wirkung.<\/p>\n<p>Physikalisch und chemisch, sind der Baustoff nicht in irgendeiner Weise beeintr\u00e4chtigt wird. Pneumatit\u00ae ist einfach zu bedienen. Und Kosten-Nutzen-Verh\u00e4ltnis stimmt.<\/p>\n","protected":false},"excerpt":{"rendered":"<p>Pneumatic\u00ae: ein brandneues biogenen Additiv, das Beton verbessert (und M\u00f6rtel), der den Anker auf einer gro\u00dfen Vitalit\u00e4t drin.<\/p>\n","protected":false},"featured_media":82523,"comment_status":"closed","ping_status":"closed","template":"","meta":[],"product_brand":[],"product_cat":[1397],"product_tag":[],"class_list":{"0":"post-35575","1":"product","2":"type-product","3":"status-publish","4":"has-post-thumbnail","6":"product_cat-ukategorisert","8":"first","9":"instock","10":"taxable","11":"shipping-taxable","12":"product-type-variable"},"_links":{"self":[{"href":"https:\/\/helseforhandleren.no\/de\/wp-json\/wp\/v2\/product\/35575","targetHints":{"allow":["GET"]}}],"collection":[{"href":"https:\/\/helseforhandleren.no\/de\/wp-json\/wp\/v2\/product"}],"about":[{"href":"https:\/\/helseforhandleren.no\/de\/wp-json\/wp\/v2\/types\/product"}],"replies":[{"embeddable":true,"href":"https:\/\/helseforhandleren.no\/de\/wp-json\/wp\/v2\/comments?post=35575"}],"wp:featuredmedia":[{"embeddable":true,"href":"https:\/\/helseforhandleren.no\/de\/wp-json\/wp\/v2\/media\/82523"}],"wp:attachment":[{"href":"https:\/\/helseforhandleren.no\/de\/wp-json\/wp\/v2\/media?parent=35575"}],"wp:term":[{"taxonomy":"product_brand","embeddable":true,"href":"https:\/\/helseforhandleren.no\/de\/wp-json\/wp\/v2\/product_brand?post=35575"},{"taxonomy":"product_cat","embeddable":true,"href":"https:\/\/helseforhandleren.no\/de\/wp-json\/wp\/v2\/product_cat?post=35575"},{"taxonomy":"product_tag","embeddable":true,"href":"https:\/\/helseforhandleren.no\/de\/wp-json\/wp\/v2\/product_tag?post=35575"}],"curies":[{"name":"wp","href":"https:\/\/api.w.org\/{rel}","templated":true}]}}