{"id":35761,"date":"2016-11-25T12:29:16","date_gmt":"2016-11-25T12:29:16","guid":{"rendered":"http:\/\/helseforhandleren.no\/butikk\/uncategorized\/abschirmfarbe-pro54-hfnf-1-liter-2\/"},"modified":"2024-04-05T09:37:38","modified_gmt":"2024-04-05T09:37:38","slug":"abschirmfarbe-pro54-hfnf-1-liter-2","status":"publish","type":"product","link":"https:\/\/helseforhandleren.no\/de\/geschaeft\/abschirmung\/abschirmfarbe\/abschirmfarbe-pro54-hfnf-1-liter-2\/","title":{"rendered":"Abschirmfarbe PRO54 HF+NF 1 Liter"},"content":{"rendered":"<div class=\"unterlinie\"><strong>Schirmd\u00e4mpfung:<\/strong> Alle angegebenen Schirmd\u00e4mpfungswerte gelten bei 1 GHz. Messung nach ASTM D4935-10 oder IEEE Std 299-2006 oder IEEEE Std 1128-1998 oder ASTM A698\/A698M-07. Das Messprotokoll finden Sie oben unter &#8222;Gutachten Abchirmung&#8220;.<\/div>\n<div class=\"unterlinie\"><strong>Brandschutz:<\/strong> Dieses Produkt ist schwerentflammbar und erf\u00fcllt damit die Anforderungen an Brandschutzklasse B1 nach DIN 4102-1. Den Testbericht finden Sie oben unter &#8222;Gutachten Brandschutz B1&#8220;.<\/div>\n<div class=\"unterlinie\"><strong>Anwendung:<\/strong> Wand Aussenbereich, Wand Innenbereich, Decke, Boden<\/div>\n<div class=\"unterlinie\"><strong>Feldart:<\/strong> HF (Hochfrequente elektromagnetische Felder), NF (Niederfrequente elektrische Wechselfelder)<\/div>\n<div class=\"unterlinie\"><strong>\u00d6kologie:<\/strong> Normal<\/div>\n<div class=\"unterlinie\"><strong>Farbe:<\/strong> Schwarz<\/div>\n<div class=\"product--description\">\n<p><strong>Technisch unsere beste Farbe, die erstmals ohne Graphit formuliert ist.\u00a0Eine Farbe f\u00fcr Alles, wenn Sie hohe Anforderungen haben.\u00a0<\/strong>Auf Basis eines hochwertigen\u00a0<strong>Reinacrylatbindemittels<\/strong>. Diese Farbe ist\u00a0<strong>frostbest\u00e4ndig\u00a0<\/strong>f\u00fcr Paketversand im Winter oder auf Palette in Schiffscontainern.\u00a0Atmungsaktiv, l\u00f6semittelfrei,\u00a0<strong>emissionsarm<\/strong>.<\/p>\n<h2>Besonderheit<\/h2>\n<p><strong>Diese Abschirmfarbe ist erstmals ohne Graphit formuliert, was viele Vorteile hat:<\/strong><\/p>\n<ul>\n<li>F\u00e4rbt beim \u00dcberstreichen mit weisser Farbe nicht ab.<\/li>\n<li>St\u00f6\u00dfe gegen die wei\u00dfe Deckfarbe erzeugen keine schwarzen Streifen mehr.<\/li>\n<li>Die Oberfl\u00e4che des Farbfilms ist mikropor\u00f6s rauh und bietet Deckbeschichtungen einen griffigen Untergrund f\u00fcr eine hervorragende Haftung.<\/li>\n<li>Hat mit 4,8 N\/mm\u00b2 eine f\u00fcr Wandfarben extrem hohe Haftzugfestigkeit (Klebkraft auf dem Untergrund), die soppelt so hoch ist wie bei unseren Graphitfarben.<\/li>\n<\/ul>\n<p><strong>Das fehlen von Graphit hat nur einen einzigen Nachteil:<\/strong> Der elektrische Widerstand und damit die Schirmd\u00e4mpfung pro Anstrich ist um ca. 10 dB geringer. <strong>Wir empfehlen bei dieser Farbe deshalb immer einen zweilagigen Anstrich<\/strong>. Damit erreichen Sie die \u00fcblichen 35-40 dB Schirmd\u00e4mpfung. Die geringf\u00fcgig h\u00f6heren Kosten durch den zweilagigen Anstrich werden von den vielen Vorteilen wettgemacht.<\/p>\n<h2>Technische Daten<\/h2>\n<ul>\n<li><strong>Schirmd\u00e4mpfung:<\/strong> Einlagig <strong>25 dB (7,5 qm\/l) bis 30 dB (5 qm\/l)<\/strong>, zweilagig\u00a0<strong>35 dB (3,75 qm\/l) bis 40 dB (2,5 qm\/l)<\/strong>.\u00a0Die Schirmd\u00e4mpfung wird regelm\u00e4\u00dfig in unserem eigenen EMV-Labor gemessen. Wir haben Messaufbauten nach folgenden Standards: ASTM D4935-10, IEEE Std 299-2006, IEEEE Std 1128-1998, ASTM A698\/A698M-07.<\/li>\n<li><strong>Allgemein:<\/strong>\u00a0Unsere Abschirmfarben auf Basis von Kohlenstoffen haben viele Vorteile, siehe\u00a0<strong>Allgemeine Eigenschaften<\/strong>.<\/li>\n<li><strong>Ergiebigkeit:<\/strong>\u00a0Einlagig (5 &#8211; 7,5 m\u00b2\/l), zweilagig (2,5 &#8211; 3,75 m\u00b2\/l).<\/li>\n<li><strong>Untergrund:<\/strong> Innen und Au\u00dfen.\u00a0Hervorragende Haftung auf fast allen Untergr\u00fcnden wie alten Farbanstrichen, Gipskartonplatten, Tapeten, Putz, Beton, Styropor, Holz, usw.<\/li>\n<li><strong>Deckbeschichtung:<\/strong> \u00dcberarbeitbar vorzugsweise mit kunststoffgebundenen Dispersionsfarben, Dispersionssilikatfarben, Fassadenfarben oder Silikonharzfarben. Rein mineralische Farben (Lehm, Kalk, Reinsilikat) empfehlen wir nicht. Konkrete Produktempfehlungen finden Sie im technischen Merkblatt. Aufgrund der hohen Haftzugfestigkeit (nach ETAG 004 f\u00fcr WDVS mit mindestens 0,08 N\/mm\u00b2) direkt unter rein organischem Putz verwendbar, kein mineralischer Putz!<\/li>\n<li><strong>Erdung<\/strong>:\u00a0Muss geerdet werden! Wir empfehlen im Innenbereich das Erdungsband EB2 plus Erdungsplatte GW (GB) plus Erdungsstecker GP, im Aussenbereich das Faseradditiv AF3 plus Erdungsplatte GE.<\/li>\n<li><strong>Inhaltsstoffe:<\/strong>\u00a0Wasser, Reinacrylatdispersion, Carbonfasern, Carbon Black, Additive, Konservierungsmittel (MIT, BIT).<\/li>\n<li><strong>Technische Daten:<\/strong> VOC-Gehalt:\u00a00,2 g\/l (der EU-Grenzwert f\u00fcr Kategorie A\/a betr\u00e4gt 30 g\/l ab 2010). Sd-Wert: 0,1 m.\u00a0PH-Wert: 8.\u00a0Haftzugfestigkeit: 4,8 N\/mm\u00b2. Lagerstabilit\u00e4t:\u00a012 Monate.\u00a0Farbe:\u00a0Schwarz. <strong>Mehr technische Daten in der Tabellen\u00fcbersicht<\/strong>.<\/li>\n<\/ul>\n<\/div>\n","protected":false},"excerpt":{"rendered":"<h4>Downloads<br \/>\n<a href=\"http:\/\/helseforhandleren.no\/wp-content\/uploads\/2016\/11\/y-PRO54-DB.pdf\">Gutachten Abschirmung<\/a><br \/>\n<a href=\"http:\/\/helseforhandleren.no\/wp-content\/uploads\/2015\/04\/y-Farben-TMB.pdf\">Technisches Merkblatt<br \/>\n<\/a><a href=\"http:\/\/helseforhandleren.no\/wp-content\/uploads\/2014\/08\/y-Katalogseiten-Farben.pdf\">Katalogseiten<\/a><\/h4>\n<h4><\/h4>\n","protected":false},"featured_media":82547,"comment_status":"closed","ping_status":"closed","template":"","meta":[],"product_brand":[],"product_cat":[1036],"product_tag":[572],"class_list":{"0":"post-35761","1":"product","2":"type-product","3":"status-publish","4":"has-post-thumbnail","6":"product_cat-abschirmfarbe","7":"product_tag-straling-de","9":"first","10":"onbackorder","11":"taxable","12":"shipping-taxable","13":"purchasable","14":"product-type-variable"},"_links":{"self":[{"href":"https:\/\/helseforhandleren.no\/de\/wp-json\/wp\/v2\/product\/35761","targetHints":{"allow":["GET"]}}],"collection":[{"href":"https:\/\/helseforhandleren.no\/de\/wp-json\/wp\/v2\/product"}],"about":[{"href":"https:\/\/helseforhandleren.no\/de\/wp-json\/wp\/v2\/types\/product"}],"replies":[{"embeddable":true,"href":"https:\/\/helseforhandleren.no\/de\/wp-json\/wp\/v2\/comments?post=35761"}],"wp:featuredmedia":[{"embeddable":true,"href":"https:\/\/helseforhandleren.no\/de\/wp-json\/wp\/v2\/media\/82547"}],"wp:attachment":[{"href":"https:\/\/helseforhandleren.no\/de\/wp-json\/wp\/v2\/media?parent=35761"}],"wp:term":[{"taxonomy":"product_brand","embeddable":true,"href":"https:\/\/helseforhandleren.no\/de\/wp-json\/wp\/v2\/product_brand?post=35761"},{"taxonomy":"product_cat","embeddable":true,"href":"https:\/\/helseforhandleren.no\/de\/wp-json\/wp\/v2\/product_cat?post=35761"},{"taxonomy":"product_tag","embeddable":true,"href":"https:\/\/helseforhandleren.no\/de\/wp-json\/wp\/v2\/product_tag?post=35761"}],"curies":[{"name":"wp","href":"https:\/\/api.w.org\/{rel}","templated":true}]}}