{"id":35828,"date":"2016-12-01T12:01:53","date_gmt":"2016-12-01T12:01:53","guid":{"rendered":"http:\/\/helseforhandleren.no\/butikk\/uncategorized\/erdungsstab-gr-40-2\/"},"modified":"2024-04-05T09:37:38","modified_gmt":"2024-04-05T09:37:38","slug":"erdungsstab-gr-40-2","status":"publish","type":"product","link":"https:\/\/helseforhandleren.no\/de\/geschaeft\/abschirmung\/erdung-accessoires\/erdungsstab-gr-40-2\/","title":{"rendered":"Erdungsstab GR-40"},"content":{"rendered":"<p>Anwendung: Erdung<br \/>\nFarbe: Metallisch<br \/>\nEdelstahl-Erdungsstab 40 cm f\u00fcr erdbare Stoffprodukte. Dieser Erdungsstab eignet sich f\u00fcr ortsver\u00e4nderliche Produkte (Earthing-Produkte Exx, Baldachine Bxx, Bettw\u00e4sche, Schlafsack, usw.). Ortsfeste Abschirmprodukte (Farben, Gewebe, Tapeten, usw.) d\u00fcrfen damit nicht geerdet werden.<\/p>\n<p>Wir empfehlen diesen Erdungsstab speziell f\u00fcr unsere Earthing-Produkte Exx. Damit erreichen Sie einen echteren und nat\u00fcrlicheren Erdkontakt.<\/p>\n<p>Lieferumfang:Edelstahlstab 40 cm mit Anschlussst\u00fcck, Kappe, Schrumpfschlauch mit Kleber innen zur wasserdichten Versiegelung.<br \/>\nF\u00fcr eine Erdung mit unserem Klettsystem ben\u00f6tigen Sie zus\u00e4tzlich ein Kabel GC-1000 und den Klettanschluss GV, siehe Angebote &#8222;Erdung: &#8230;&#8220; unten auf dieser Seite.<\/p>\n","protected":false},"excerpt":{"rendered":"<p>Edelstahl-Erdungsstab f\u00fcr ortsver\u00e4nderliche Stoffprodukte.<\/p>\n<h4>Downloads<br \/>\n<a href=\"http:\/\/helseforhandleren.no\/wp-content\/uploads\/2014\/10\/y-Erdung-TMB.pdf\">Technisches Merkblatt<br \/>\n<\/a><a href=\"http:\/\/helseforhandleren.no\/wp-content\/uploads\/2017\/01\/y-Katalogseiten-Erdung.pdf\">Katalogseiten<\/a><a href=\"http:\/\/helseforhandleren.no\/wp-content\/uploads\/2014\/10\/y-Erdung-TMB.pdf\"><\/a><\/h4>\n","protected":false},"featured_media":82561,"comment_status":"closed","ping_status":"closed","template":"","meta":[],"product_brand":[],"product_cat":[1030],"product_tag":[],"class_list":{"0":"post-35828","1":"product","2":"type-product","3":"status-publish","4":"has-post-thumbnail","6":"product_cat-erdung-accessoires","8":"first","9":"outofstock","10":"taxable","11":"shipping-taxable","12":"purchasable","13":"product-type-simple"},"_links":{"self":[{"href":"https:\/\/helseforhandleren.no\/de\/wp-json\/wp\/v2\/product\/35828","targetHints":{"allow":["GET"]}}],"collection":[{"href":"https:\/\/helseforhandleren.no\/de\/wp-json\/wp\/v2\/product"}],"about":[{"href":"https:\/\/helseforhandleren.no\/de\/wp-json\/wp\/v2\/types\/product"}],"replies":[{"embeddable":true,"href":"https:\/\/helseforhandleren.no\/de\/wp-json\/wp\/v2\/comments?post=35828"}],"wp:featuredmedia":[{"embeddable":true,"href":"https:\/\/helseforhandleren.no\/de\/wp-json\/wp\/v2\/media\/82561"}],"wp:attachment":[{"href":"https:\/\/helseforhandleren.no\/de\/wp-json\/wp\/v2\/media?parent=35828"}],"wp:term":[{"taxonomy":"product_brand","embeddable":true,"href":"https:\/\/helseforhandleren.no\/de\/wp-json\/wp\/v2\/product_brand?post=35828"},{"taxonomy":"product_cat","embeddable":true,"href":"https:\/\/helseforhandleren.no\/de\/wp-json\/wp\/v2\/product_cat?post=35828"},{"taxonomy":"product_tag","embeddable":true,"href":"https:\/\/helseforhandleren.no\/de\/wp-json\/wp\/v2\/product_tag?post=35828"}],"curies":[{"name":"wp","href":"https:\/\/api.w.org\/{rel}","templated":true}]}}