{"id":35936,"date":"2016-12-09T18:59:29","date_gmt":"2016-12-09T18:59:29","guid":{"rendered":"http:\/\/helseforhandleren.no\/butikk\/uncategorized\/travel-filter-go-travel\/"},"modified":"2024-04-05T09:37:43","modified_gmt":"2024-04-05T09:37:43","slug":"travel-filter-go-travel","status":"publish","type":"product","link":"https:\/\/helseforhandleren.no\/de\/geschaeft\/wasser\/trinkwasser\/filtersystemer-de\/travel-filter-go-travel\/","title":{"rendered":"Reisefilter GO travel"},"content":{"rendered":"<table cellspacing=\"0\" cellpadding=\"0\">\n<tbody>\n<tr bgcolor=\"#FFFFFF\">\n<td height=\"20\">\n<h3>Teilenummer<\/h3>\n<\/td>\n<\/tr>\n<tr>\n<td height=\"20\">125GOTR<\/td>\n<\/tr>\n<tr bgcolor=\"#FFFFFF\">\n<td height=\"20\"><img class=\"lazyload\" decoding=\"async\" src=\"data:image\/gif;base64,R0lGODlhAQABAAAAACH5BAEKAAEALAAAAAABAAEAAAICTAEAOw==\" data-orig-src=\"http:\/\/www.carbonit.com\/images\/stories\/meinfilter\/gfx\/punktlinie.png\" alt=\"linie\" \/><\/td>\n<\/tr>\n<tr bgcolor=\"#FFFFFF\">\n<td height=\"20\">\n<h3><b>Anwendungsbereich<\/b><\/h3>\n<\/td>\n<\/tr>\n<tr>\n<td>Mobiler Reisefilter &#8211; sehr gut geeignet f\u00fcr die Zubereitung von Getr\u00e4nken, Zahnputzwasser und auch Kochwasser etc. Der normierte Anschluss l\u00e4sst sich an alle Standardwasserh\u00e4hne anschrauben; f\u00fcr innenliegende Gewinde liegt ein Adapter bei, weitere Adapter auf Anfrage.<\/td>\n<\/tr>\n<tr bgcolor=\"#FFFFFF\">\n<td height=\"20\"><img class=\"lazyload\" decoding=\"async\" src=\"data:image\/gif;base64,R0lGODlhAQABAAAAACH5BAEKAAEALAAAAAABAAEAAAICTAEAOw==\" data-orig-src=\"http:\/\/www.carbonit.com\/images\/stories\/meinfilter\/gfx\/punktlinie.png\" alt=\"linie\" \/><\/td>\n<\/tr>\n<tr bgcolor=\"#FFFFFF\">\n<td height=\"20\">\n<h3><b>Beschreibung<\/b>\/Ausf\u00fchrung<\/h3>\n<\/td>\n<\/tr>\n<tr>\n<td>Ger\u00e4t zum Befestigen am Wasserhahn mit Umschaltventil f\u00fcr Filter- oder Normalwasser und mit integriertem Strahlregler (Perlator). Vorhandene Strahlregler sind meist zu entfernen. Das Umschaltventil hat ein Innengewinde M22x1, ein Adapter auf Au\u00dfengewinde M24x1 ist enthalten. Das Geh\u00e4use besteht aus ABS.<\/td>\n<\/tr>\n<tr bgcolor=\"#FFFFFF\">\n<td height=\"20\"><img class=\"lazyload\" decoding=\"async\" src=\"data:image\/gif;base64,R0lGODlhAQABAAAAACH5BAEKAAEALAAAAAABAAEAAAICTAEAOw==\" data-orig-src=\"http:\/\/www.carbonit.com\/images\/stories\/meinfilter\/gfx\/punktlinie.png\" alt=\"linie\" \/><\/td>\n<\/tr>\n<tr bgcolor=\"#FFFFFF\">\n<td height=\"20\">\n<h3><b>Abmessungen<\/b><\/h3>\n<\/td>\n<\/tr>\n<tr>\n<td>Filtereinheit zusammengebaut<\/p>\n<p>(BxHxT) 116x105x73 (mm)<\/p>\n<p>&nbsp;<\/p>\n<p><b>Gewicht<\/b><\/p>\n<p>0,25kg (trocken)<\/p>\n<p>0,35kg (na\u00df)<\/td>\n<\/tr>\n<tr bgcolor=\"#FFFFFF\">\n<td height=\"20\"><img class=\"lazyload\" decoding=\"async\" src=\"data:image\/gif;base64,R0lGODlhAQABAAAAACH5BAEKAAEALAAAAAABAAEAAAICTAEAOw==\" data-orig-src=\"http:\/\/www.carbonit.com\/images\/stories\/meinfilter\/gfx\/punktlinie.png\" alt=\"linie\" \/><\/td>\n<\/tr>\n<tr bgcolor=\"#FFFFFF\">\n<td height=\"20\">\n<h3><b>Leistung<\/b><\/h3>\n<\/td>\n<\/tr>\n<tr>\n<td>Durchflu\u00df ca. 40 l\/h (bei 4bar Wasserdruck)<\/p>\n<p>&nbsp;<\/td>\n<\/tr>\n<tr bgcolor=\"#FFFFFF\">\n<td height=\"20\"><img class=\"lazyload\" decoding=\"async\" src=\"data:image\/gif;base64,R0lGODlhAQABAAAAACH5BAEKAAEALAAAAAABAAEAAAICTAEAOw==\" data-orig-src=\"http:\/\/www.carbonit.com\/images\/stories\/meinfilter\/gfx\/punktlinie.png\" alt=\"linie\" \/><\/td>\n<\/tr>\n<tr>\n<td bgcolor=\"#FFFFFF\" height=\"20\">\n<h3><b>Einsatzhinweise<\/b><\/h3>\n<\/td>\n<\/tr>\n<tr bgcolor=\"#FFFFFF\">\n<td>\n<ul>\n<li>nicht hinter drucklosen Boilern benutzen.<\/li>\n<\/ul>\n<\/td>\n<\/tr>\n<tr bgcolor=\"#FFFFFF\">\n<td height=\"20\"><img class=\"lazyload\" decoding=\"async\" src=\"data:image\/gif;base64,R0lGODlhAQABAAAAACH5BAEKAAEALAAAAAABAAEAAAICTAEAOw==\" data-orig-src=\"http:\/\/www.carbonit.com\/images\/stories\/meinfilter\/gfx\/punktlinie.png\" alt=\"linie\" \/><\/td>\n<\/tr>\n<tr bgcolor=\"#FFFFFF\">\n<td height=\"20\">\n<h3><b>Filterpatronen<\/b><\/h3>\n<\/td>\n<\/tr>\n<tr>\n<td>1 x CARBONIT\u00ae Monoblock RFP Premium D<\/td>\n<\/tr>\n<\/tbody>\n<\/table>\n<p>&nbsp;<\/p>\n","protected":false},"excerpt":{"rendered":"<p>Teilenummer 125GOTR Anwendungsbereich Mobiler Reisefilter &#8211; sehr gut geeignet f\u00fcr  [&#8230;]<\/p>\n","protected":false},"featured_media":82568,"comment_status":"closed","ping_status":"closed","template":"","meta":[],"product_brand":[],"product_cat":[1213],"product_tag":[],"class_list":{"0":"post-35936","1":"product","2":"type-product","3":"status-publish","4":"has-post-thumbnail","6":"product_cat-filtersystemer-de","8":"first","9":"instock","10":"taxable","11":"shipping-taxable","12":"purchasable","13":"product-type-simple"},"_links":{"self":[{"href":"https:\/\/helseforhandleren.no\/de\/wp-json\/wp\/v2\/product\/35936","targetHints":{"allow":["GET"]}}],"collection":[{"href":"https:\/\/helseforhandleren.no\/de\/wp-json\/wp\/v2\/product"}],"about":[{"href":"https:\/\/helseforhandleren.no\/de\/wp-json\/wp\/v2\/types\/product"}],"replies":[{"embeddable":true,"href":"https:\/\/helseforhandleren.no\/de\/wp-json\/wp\/v2\/comments?post=35936"}],"wp:featuredmedia":[{"embeddable":true,"href":"https:\/\/helseforhandleren.no\/de\/wp-json\/wp\/v2\/media\/82568"}],"wp:attachment":[{"href":"https:\/\/helseforhandleren.no\/de\/wp-json\/wp\/v2\/media?parent=35936"}],"wp:term":[{"taxonomy":"product_brand","embeddable":true,"href":"https:\/\/helseforhandleren.no\/de\/wp-json\/wp\/v2\/product_brand?post=35936"},{"taxonomy":"product_cat","embeddable":true,"href":"https:\/\/helseforhandleren.no\/de\/wp-json\/wp\/v2\/product_cat?post=35936"},{"taxonomy":"product_tag","embeddable":true,"href":"https:\/\/helseforhandleren.no\/de\/wp-json\/wp\/v2\/product_tag?post=35936"}],"curies":[{"name":"wp","href":"https:\/\/api.w.org\/{rel}","templated":true}]}}