{"id":35945,"date":"2016-12-12T09:37:58","date_gmt":"2016-12-12T09:37:58","guid":{"rendered":"http:\/\/helseforhandleren.no\/?post_type=product&#038;p=35945\/"},"modified":"2024-04-05T09:37:43","modified_gmt":"2024-04-05T09:37:43","slug":"alvitoring-startbox","status":"publish","type":"product","link":"https:\/\/helseforhandleren.no\/de\/geschaeft\/wasser\/trinkwasser\/wasser-reinigung-de\/alvitoring-startbox\/","title":{"rendered":"AlvitoRing Startbox"},"content":{"rendered":"<p>enth\u00e4lt AlvitoRing, Waschbeutel, 2 Messbecher, 2 Messl\u00f6ffel, WaschFibel, Kurzwaschanleitung und Sp\u00fclFibel.<\/p>\n<p>Der AlvitoRing nutzt die Prinzipien der physikalischen Wasserbehandlung f\u00fcr die Waschmaschine und wirkt dort auf die Strukturen des Wassers.<\/p>\n<p>Damit soll eine Reduzierung des Waschmittelverbrauchs und die Verhinderung von Kalkablagerungen erreicht werden. Der AlvitoRing ist f\u00fcr alle Temperaturen (auch Kochw\u00e4sche) und Schleuderg\u00e4nge geeignet.<\/p>\n<p><strong>Anwendung:<\/strong> Der AlvitoRing ist und bleibt fest verschlossen. Er enth\u00e4lt einen Magneten, nat\u00fcrliche Mineralien (physikalisch behandelt) und Wasser. In der Waschmaschine wird der AlvitoRing im Beutel mitgewaschen. Der Waschbeutel vermindert Ger\u00e4usche und sch\u00fctzt die W\u00e4sche. Bei der Handw\u00e4sche wird der AlvitoRing (ohne Beutel) ins Becken gelegt.<\/p>\n<p><strong>Haltbarkeit:<\/strong> 7 Jahre Garantie.<\/p>\n<p><strong>Lebensdauer:<\/strong> Der AlvitoRing nimmt in seiner Wirkung langsam ab. Empfehlenswert ist es deshalb, ihn alle 7 bis 10 Jahre zu ersetzen.<\/p>\n<h2>Physikalische Wasserbehandlung<\/h2>\n<p>Systeme zur physikalischen Wasserbehandlung (auch von Alvito) werden seit langem in H\u00e4usern und bei Industrieanlagen eingesetzt. Dort werden sie in der Regel fest an den Leitungen montiert. Sollten Sie bereits ein solches System nutzen, dann wird Ihr Wasser optimal f\u00fcr die Waschmaschine vorbereitet und die Wirkung des AlvitoRinges verst\u00e4rkt. Der wesentliche Vorteil gegen\u00fcber fest an der Leitung montierten Produkten liegt darin, dass der AlvitoRing w\u00e4hrend der gesamten Waschdauer im Waschwasser ist und somit sehr intensiv auf das Wasser einwirken kann.<\/p>\n<table>\n<tbody>\n<tr>\n<th>Produkt<\/th>\n<th>Abmessung (BxHxT)<\/th>\n<th>Gewicht<\/th>\n<th>GTIN<\/th>\n<\/tr>\n<tr id=\"product-6\">\n<td>AlvitoRing Startbox<\/td>\n<td>225x47x155 mm<\/td>\n<td>0,38 kg<\/td>\n<td>4250297600292<\/td>\n<\/tr>\n<\/tbody>\n<\/table>\n","protected":false},"excerpt":{"rendered":"<p>enth\u00e4lt AlvitoRing, Waschbeutel, 2 Messbecher, 2 Messl\u00f6ffel, WaschFibel, Kurzwaschanleitung und  [&#8230;]<\/p>\n","protected":false},"featured_media":0,"comment_status":"closed","ping_status":"closed","template":"","meta":[],"product_brand":[],"product_cat":[1094,1491,718,746],"product_tag":[],"class_list":{"0":"post-35945","1":"product","2":"type-product","3":"status-publish","5":"product_cat-trinkwasser","6":"product_cat-reinigungsmittel","7":"product_cat-wasser","8":"product_cat-wasser-reinigung-de","10":"first","11":"instock","12":"taxable","13":"shipping-taxable","14":"purchasable","15":"product-type-simple"},"_links":{"self":[{"href":"https:\/\/helseforhandleren.no\/de\/wp-json\/wp\/v2\/product\/35945","targetHints":{"allow":["GET"]}}],"collection":[{"href":"https:\/\/helseforhandleren.no\/de\/wp-json\/wp\/v2\/product"}],"about":[{"href":"https:\/\/helseforhandleren.no\/de\/wp-json\/wp\/v2\/types\/product"}],"replies":[{"embeddable":true,"href":"https:\/\/helseforhandleren.no\/de\/wp-json\/wp\/v2\/comments?post=35945"}],"wp:attachment":[{"href":"https:\/\/helseforhandleren.no\/de\/wp-json\/wp\/v2\/media?parent=35945"}],"wp:term":[{"taxonomy":"product_brand","embeddable":true,"href":"https:\/\/helseforhandleren.no\/de\/wp-json\/wp\/v2\/product_brand?post=35945"},{"taxonomy":"product_cat","embeddable":true,"href":"https:\/\/helseforhandleren.no\/de\/wp-json\/wp\/v2\/product_cat?post=35945"},{"taxonomy":"product_tag","embeddable":true,"href":"https:\/\/helseforhandleren.no\/de\/wp-json\/wp\/v2\/product_tag?post=35945"}],"curies":[{"name":"wp","href":"https:\/\/api.w.org\/{rel}","templated":true}]}}