{"id":35985,"date":"2014-08-10T09:58:12","date_gmt":"2014-08-10T09:58:12","guid":{"rendered":"http:\/\/helseforhandleren.no\/butikk\/uncategorized\/niederfrequenz-analyser-me3030b\/"},"modified":"2024-04-05T09:37:52","modified_gmt":"2024-04-05T09:37:52","slug":"niederfrequenz-analyser-me3030b","status":"publish","type":"product","link":"https:\/\/helseforhandleren.no\/de\/geschaeft\/strahlung-emf-de\/mess-emf\/messgeraete-lf\/niederfrequenz-analyser-me3030b\/","title":{"rendered":"Niederfrequenz-Analyser ME3030B"},"content":{"rendered":"<p class=\"description\">Ideal f\u00fcr technische Laien. Zur unkomplizierten Bewertung der Belastungssituation. Zur Festlegung geeigneter Sanierungsma\u00dfnahmen und zur Kontrolle von deren Wirksamkeit.<\/p>\n<p class=\"frequency-range\">Frequenzbereich: 16 Hz &#8211; 2 KHz (kompensiert, besser als -2 dB).<\/p>\n<div class=\"content--title\">Produktinformationen &#8222;Niederfrequenz-Analyser ME3030B&#8220;<\/div>\n<div class=\"product--description\">\n<div>Schon dieses einfachste Ger\u00e4t der Baureihe erf\u00fcllt alle &#8222;gemeinsamen Vorteile&#8220;, u.a. :<\/div>\n<ul class=\"common-advantages\">\n<li>Zeigt es die Summe der Belastung im relevanten Frequenzbereich ohne dass irgendwelche Berechnungen n\u00f6tig w\u00e4ren.<\/li>\n<li>Die Messwerte werden zuverl\u00e4ssig und direkt in den Einheiten der baubiologischen Vorsorgewerte angezeigt.<\/li>\n<li>Ein feldst\u00e4rkeproportionales Tonsignal mit &#8222;Geigerz\u00e4hlereffekt&#8220; hilft beim Auffinden von Bereichen mit erh\u00f6hter Belastung.<\/li>\n<li>Elektrische Feldst\u00e4rke: 1 bis 1999 V\/m (gegen Erdpotential, auch potentialfrei einsetzbar).<\/li>\n<li>Magnetische Flussdichte: 1 bis 1999 nT.<\/li>\n<\/ul>\n<\/div>\n","protected":false},"excerpt":{"rendered":"<p>Ideal f\u00fcr technische Laien. Zur unkomplizierten Bewertung der Belastungssituation. Zur  [&#8230;]<\/p>\n","protected":false},"featured_media":82584,"comment_status":"closed","ping_status":"closed","template":"","meta":[],"product_brand":[],"product_cat":[752,1063,559],"product_tag":[805,572],"class_list":{"0":"post-35985","1":"product","2":"type-product","3":"status-publish","4":"has-post-thumbnail","6":"product_cat-mess-emf","7":"product_cat-messgeraete-lf","8":"product_cat-strahlung-emf-de","9":"product_tag-gesundheit-de","10":"product_tag-straling-de","12":"first","13":"instock","14":"taxable","15":"shipping-taxable","16":"purchasable","17":"product-type-simple"},"_links":{"self":[{"href":"https:\/\/helseforhandleren.no\/de\/wp-json\/wp\/v2\/product\/35985","targetHints":{"allow":["GET"]}}],"collection":[{"href":"https:\/\/helseforhandleren.no\/de\/wp-json\/wp\/v2\/product"}],"about":[{"href":"https:\/\/helseforhandleren.no\/de\/wp-json\/wp\/v2\/types\/product"}],"replies":[{"embeddable":true,"href":"https:\/\/helseforhandleren.no\/de\/wp-json\/wp\/v2\/comments?post=35985"}],"wp:featuredmedia":[{"embeddable":true,"href":"https:\/\/helseforhandleren.no\/de\/wp-json\/wp\/v2\/media\/82584"}],"wp:attachment":[{"href":"https:\/\/helseforhandleren.no\/de\/wp-json\/wp\/v2\/media?parent=35985"}],"wp:term":[{"taxonomy":"product_brand","embeddable":true,"href":"https:\/\/helseforhandleren.no\/de\/wp-json\/wp\/v2\/product_brand?post=35985"},{"taxonomy":"product_cat","embeddable":true,"href":"https:\/\/helseforhandleren.no\/de\/wp-json\/wp\/v2\/product_cat?post=35985"},{"taxonomy":"product_tag","embeddable":true,"href":"https:\/\/helseforhandleren.no\/de\/wp-json\/wp\/v2\/product_tag?post=35985"}],"curies":[{"name":"wp","href":"https:\/\/api.w.org\/{rel}","templated":true}]}}