{"id":36006,"date":"2014-08-10T09:57:30","date_gmt":"2014-08-10T09:57:30","guid":{"rendered":"http:\/\/helseforhandleren.no\/butikk\/uncategorized\/3d-magnetfeld-analyser-mit-datenlogger-nfa30m\/"},"modified":"2024-04-05T09:37:57","modified_gmt":"2024-04-05T09:37:57","slug":"3d-magnetfeld-analyser-mit-datenlogger-nfa30m","status":"publish","type":"product","link":"https:\/\/helseforhandleren.no\/de\/geschaeft\/strahlung-emf-de\/mess-emf\/messgeraete-lf\/3d-magnetfeld-analyser-mit-datenlogger-nfa30m\/","title":{"rendered":"3D-NF-ANALYSER MIT DATENLOGGER NFA1000"},"content":{"rendered":"<div class=\"content--title\">Produktinformationen &#8220;3D-NF-Analyser mit Datenlogger NFA1000&#8221;<\/div>\n<div class=\"product--description\">\n<div>Exklusive Highlights zus\u00e4tzlich zur 3D-Magnetfeldmessung.<\/div>\n<\/div>\n<div><\/div>\n<div><strong>Beschreibung<\/strong>:<\/div>\n<div class=\"product--description\">\n<ul class=\"common-advantages\">\n<li>DREIdimensionale potentialfreie Messung des elektrischen Feldes &#8211; ganz ohne zus\u00e4tzlichen &#8220;W\u00fcrfel&#8221;: Die sprichw\u00f6rtliche &#8220;Quadratur des Kreises&#8221; gelang dank unserer Patente DE102008045360 und DE102007025911.<\/li>\n<li>Die potentialfreie Vermessung eines Schlafplatzes an 9 Punkten gem\u00e4\u00df der Vorschriften des VDB e.V. wird durch die Firmware des NFA1000 optimal unterst\u00fctzt, so dass diese in weniger als einer Minute vollst\u00e4ndig durchgef\u00fchrt werden kann. Die frequenz- und achsspezifische Visualisierung leistet NFAsoft mit einem Mausklick.<\/li>\n<li>Erdpotentialgebundene E-Feldmessung mit integrierter Sonde oder mit optional erh\u00e4ltlicher TCO-konformer Sonde TCO3.<\/li>\n<li>Eine integrierte Notizfunktion (Voicerecorder) zur einfachen Auswertung der Messung\/Aufzeichnung.<\/li>\n<li>Ausf\u00fchrliche Beschreibung des umfangreichen Leistungsspektrums, auch im Vergleich zu den anderen NFAs finden Sie im Datenblatt (unter &#8220;verf\u00fcgbare Downloads&#8221;).<\/li>\n<li>Die aktuelle Firmware zum Herunterladen finden Sie unter Downloads.<\/li>\n<\/ul>\n<p><strong>Technische Daten<\/strong>:<\/p>\n<ul>\n<li>Frequenzbereich\n<ul>\n<li>5 Hz &#8211; 1000 KHz (kompensiert)<\/li>\n<li>Umfasst auch moderne Schaltnetzteile<\/li>\n<li>Besser als im technischen Anhang der TCO-Richtlinie f\u00fcr Bildschirmarbeitspl\u00e4tze gefordert<\/li>\n<\/ul>\n<\/li>\n<li>Messbereich\n<ul>\n<li>Magnetische Flussdichte: 1 &#8211; 19.990 nT<\/li>\n<li>Elektrische Feldst\u00e4rke: 0,1 &#8211; 1999 V\/m<\/li>\n<\/ul>\n<\/li>\n<li>Genauigkeit\n<ul>\n<li>50\/ 60 Hz: +\/- 5 %<\/li>\n<li>16 Hz &#8211; 30 kHz: +\/- 1 dB<\/li>\n<li>5Hz &#8211; 1000 kHz: +\/- 2 dB<\/li>\n<li>Isotropie-Abweichung: +\/- 1,5 dB<\/li>\n<li>Offset +\/- 5 Digits<\/li>\n<\/ul>\n<\/li>\n<li>Sensor\n<ul>\n<li>Elektrische Feldst\u00e4rke, potentialfrei<\/li>\n<li>3D Elektrische Feldst\u00e4rke, potentialgebunden<\/li>\n<li>Magnetische Flussdichte, 3D<\/li>\n<\/ul>\n<\/li>\n<li>Audioanalyse\n<ul>\n<li>Feldst\u00e4rkeproportionales Tonsignal (mit &#8220;Geigerz\u00e4hler-Effekt&#8221;, zuschaltbar)<\/li>\n<\/ul>\n<\/li>\n<li>Signalbewertung\n<ul>\n<li>trueRMS<\/li>\n<li>Spitzenwert<\/li>\n<li>Peak Hold<\/li>\n<\/ul>\n<\/li>\n<li>Stromversorgung\n<ul>\n<li>7,4-Volt Li-Ionen-Hochleistungs-Akkupack (im Lieferumfang), mittlere Betriebsdauer im<\/li>\n<li>Aufzeichnungsmodus 36 h<\/li>\n<li>Low-Batt.-Anzeige<\/li>\n<li>Auto-Power-Off-Funktion (deaktiviert bei Langzeitmessungen)<\/li>\n<li>Netz-\/Ladeger\u00e4t (im Lieferumfang)<\/li>\n<\/ul>\n<\/li>\n<\/ul>\n<p><strong>Verf\u00fcgbare Downloads<\/strong>:<\/p>\n<ul>\n<li><a href=\"https:\/\/wordpress-1160125-4443598.cloudwaysapps.com\/wp-content\/uploads\/2014\/08\/350-027_datasheet_nfa30m-nfa400-nfa1000_de.pdf\">Datenblatt<\/a><\/li>\n<li><a href=\"https:\/\/wordpress-1160125-4443598.cloudwaysapps.com\/wp-content\/uploads\/2014\/08\/350-027_manual_nfa1000-400_rev-7-2_de.pdf\">Bedienungsanleitung<\/a><\/li>\n<\/ul>\n<\/div>\n","protected":false},"excerpt":{"rendered":"<div class=\"content--title\">\n<p>Der NFA1000 ist das Spitzenger\u00e4t der NFA-Baureihe. Selbstverst\u00e4ndlich sind darin s\u00e4mtliche gemeinsamen Alleinstellungsmerkmal der NFA-Baureihe umgesetzt.<\/p>\n<div class=\"product--buybox block\">\n<div class=\"product--base-description\">\n<ul>\n<li class=\"frequency-range\">Frequenzbereich: 5 Hz &#8211; 1000 KHz (kompensiert)\n<ul>\n<li class=\"frequency-range\">Umfasst auch moderne Schaltnetzteile<\/li>\n<li class=\"frequency-range\">Besser als im technischen Anhang der TCO-Richtlinie f\u00fcr Bildschirmarbeitspl\u00e4tze gefordert<\/li>\n<\/ul>\n<\/li>\n<\/ul>\n<\/div>\n<\/div>\n<p>&nbsp;<\/p>\n<\/div>\n","protected":false},"featured_media":82590,"comment_status":"closed","ping_status":"closed","template":"","meta":[],"product_brand":[],"product_cat":[752,1063,559],"product_tag":[],"class_list":{"0":"post-36006","1":"product","2":"type-product","3":"status-publish","4":"has-post-thumbnail","6":"product_cat-mess-emf","7":"product_cat-messgeraete-lf","8":"product_cat-strahlung-emf-de","10":"first","11":"onbackorder","12":"taxable","13":"shipping-taxable","14":"purchasable","15":"product-type-simple"},"_links":{"self":[{"href":"https:\/\/helseforhandleren.no\/de\/wp-json\/wp\/v2\/product\/36006","targetHints":{"allow":["GET"]}}],"collection":[{"href":"https:\/\/helseforhandleren.no\/de\/wp-json\/wp\/v2\/product"}],"about":[{"href":"https:\/\/helseforhandleren.no\/de\/wp-json\/wp\/v2\/types\/product"}],"replies":[{"embeddable":true,"href":"https:\/\/helseforhandleren.no\/de\/wp-json\/wp\/v2\/comments?post=36006"}],"wp:featuredmedia":[{"embeddable":true,"href":"https:\/\/helseforhandleren.no\/de\/wp-json\/wp\/v2\/media\/82590"}],"wp:attachment":[{"href":"https:\/\/helseforhandleren.no\/de\/wp-json\/wp\/v2\/media?parent=36006"}],"wp:term":[{"taxonomy":"product_brand","embeddable":true,"href":"https:\/\/helseforhandleren.no\/de\/wp-json\/wp\/v2\/product_brand?post=36006"},{"taxonomy":"product_cat","embeddable":true,"href":"https:\/\/helseforhandleren.no\/de\/wp-json\/wp\/v2\/product_cat?post=36006"},{"taxonomy":"product_tag","embeddable":true,"href":"https:\/\/helseforhandleren.no\/de\/wp-json\/wp\/v2\/product_tag?post=36006"}],"curies":[{"name":"wp","href":"https:\/\/api.w.org\/{rel}","templated":true}]}}