{"id":36099,"date":"2016-12-15T15:53:38","date_gmt":"2016-12-15T15:53:38","guid":{"rendered":"http:\/\/helseforhandleren.no\/?post_type=product&#038;p=36099\/"},"modified":"2024-04-05T09:38:14","modified_gmt":"2024-04-05T09:38:14","slug":"pc-auswertungs-und-konfigurationssoftware-nfasoft","status":"publish","type":"product","link":"https:\/\/helseforhandleren.no\/de\/geschaeft\/strahlung-emf-de\/mess-emf\/messgeraete-lf\/pc-auswertungs-und-konfigurationssoftware-nfasoft\/","title":{"rendered":"PC-Auswertungs- und Konfigurationssoftware NFAsoft"},"content":{"rendered":"<div class=\"content--title\">\n<div class=\"content--title\">Produktinformationen &#8222;PC-Auswertungs- und Konfigurationssoftware NFAsoft&#8220;<\/div>\n<div class=\"product--description\">\n<div>Revolutioniert die Auswertung von Einzelmessungen und Langzeitaufzeichnungen<\/div>\n<ul class=\"common-advantages\">\n<li>Kostenlos im Lieferumfang des NFA.<\/li>\n<li>Ben\u00f6tigt keine Installation, funktioniert ab Windows 98, mit Linux und mit dem MAC. Die Software ist f\u00fcr Windows entwickelt, Linux und Mac Versionen werden &#8222;as is&#8220; zur Verf\u00fcgung gestellt.<\/li>\n<li>Bietet zusammen mit dem NFA v\u00f6llig neue Analysem\u00f6glichkeiten: Insbesondere f\u00fcr sog. &#8222;Dirty Power&#8220;.<\/li>\n<li>Einfachste Handhabung, Echtzeitanzeige statistischer Werte f\u00fcr den gew\u00e4hlten Ausschnitt.<\/li>\n<li>Effiziente Unterst\u00fctzung f\u00fcr die Erstellung von aussagef\u00e4higen Messprotokollen.<\/li>\n<li>Mehrsprachig.<\/li>\n<li>Die aktuelle Version zum Herunterladen finden Sie unter &#8222;Downloads&#8220;<\/li>\n<\/ul>\n<\/div>\n<\/div>\n","protected":false},"excerpt":{"rendered":"<div class=\"content--title\"><\/div>\n","protected":false},"featured_media":82607,"comment_status":"closed","ping_status":"closed","template":"","meta":[],"product_brand":[],"product_cat":[1063],"product_tag":[],"class_list":{"0":"post-36099","1":"product","2":"type-product","3":"status-publish","4":"has-post-thumbnail","6":"product_cat-messgeraete-lf","8":"first","9":"instock","10":"taxable","11":"shipping-taxable","12":"purchasable","13":"product-type-simple"},"_links":{"self":[{"href":"https:\/\/helseforhandleren.no\/de\/wp-json\/wp\/v2\/product\/36099","targetHints":{"allow":["GET"]}}],"collection":[{"href":"https:\/\/helseforhandleren.no\/de\/wp-json\/wp\/v2\/product"}],"about":[{"href":"https:\/\/helseforhandleren.no\/de\/wp-json\/wp\/v2\/types\/product"}],"replies":[{"embeddable":true,"href":"https:\/\/helseforhandleren.no\/de\/wp-json\/wp\/v2\/comments?post=36099"}],"wp:featuredmedia":[{"embeddable":true,"href":"https:\/\/helseforhandleren.no\/de\/wp-json\/wp\/v2\/media\/82607"}],"wp:attachment":[{"href":"https:\/\/helseforhandleren.no\/de\/wp-json\/wp\/v2\/media?parent=36099"}],"wp:term":[{"taxonomy":"product_brand","embeddable":true,"href":"https:\/\/helseforhandleren.no\/de\/wp-json\/wp\/v2\/product_brand?post=36099"},{"taxonomy":"product_cat","embeddable":true,"href":"https:\/\/helseforhandleren.no\/de\/wp-json\/wp\/v2\/product_cat?post=36099"},{"taxonomy":"product_tag","embeddable":true,"href":"https:\/\/helseforhandleren.no\/de\/wp-json\/wp\/v2\/product_tag?post=36099"}],"curies":[{"name":"wp","href":"https:\/\/api.w.org\/{rel}","templated":true}]}}