{"id":36114,"date":"2016-12-15T17:23:54","date_gmt":"2016-12-15T17:23:54","guid":{"rendered":"http:\/\/helseforhandleren.no\/?post_type=product&#038;p=36114\/"},"modified":"2024-04-05T09:38:18","modified_gmt":"2024-04-05T09:38:18","slug":"elektrostatik-sonde-es-nfa","status":"publish","type":"product","link":"https:\/\/helseforhandleren.no\/de\/geschaeft\/strahlung-emf-de\/mess-emf\/messgeraete-lf\/elektrostatik-sonde-es-nfa\/","title":{"rendered":"Elektrostatik Sonde ES-NFA"},"content":{"rendered":"<div class=\"content--title\">Produktinformationen &#8222;Elektrostatik Sonde ES-NFA&#8220;<\/div>\n<div class=\"product--description\">\n<div>Produktmerkmale:<\/div>\n<ul class=\"common-advantages\">\n<li>Zur Messung der elektrostatischen Aufladung von Oberfl\u00e4chen. Hilft bei der Auswahl von raumklimaf\u00f6rderlichen Materialien f\u00fcr z. B. Teppiche, Vorh\u00e4nge oder andere Oberfl\u00e4chen.<\/li>\n<li>Zur Messung und Kontrolle elektrostatischer Aufladungen im Bereich der Elektronikfertigung sowie in der Papier-, Textil- und Kunststoffindustrie.<\/li>\n<li>Die Aufladespannung bis +\/- 10.000 Volt wird mit einer Aufl\u00f6sung von 1 V sowie ihrer Polarit\u00e4t angezeigt.<\/li>\n<li>Abstandshalter garantieren einen genauen Abstand zum Pr\u00fcfobjekt und erm\u00f6glichen so eine einfache und pr\u00e4zise Messung.<\/li>\n<li>Das verwendete Influenzmessverfahren kommt ohne bewegliche Teile aus und erm\u00f6glicht so ein robustes Ger\u00e4t von handlicher Gr\u00f6\u00dfe.<\/li>\n<li>Die Lieferung erfolgt in einer antistatischen Transportbox.<\/li>\n<\/ul>\n<\/div>\n","protected":false},"excerpt":{"rendered":"<p class=\"description\">Preiswerte Erweiterung des Einsatzbereichs Ihres NFA.<\/p>\n<p class=\"frequency-range\">Frequenzbereich: 0 Hz<\/p>\n","protected":false},"featured_media":82615,"comment_status":"closed","ping_status":"closed","template":"","meta":[],"product_brand":[],"product_cat":[1063],"product_tag":[],"class_list":{"0":"post-36114","1":"product","2":"type-product","3":"status-publish","4":"has-post-thumbnail","6":"product_cat-messgeraete-lf","8":"first","9":"instock","10":"taxable","11":"shipping-taxable","12":"purchasable","13":"product-type-simple"},"_links":{"self":[{"href":"https:\/\/helseforhandleren.no\/de\/wp-json\/wp\/v2\/product\/36114","targetHints":{"allow":["GET"]}}],"collection":[{"href":"https:\/\/helseforhandleren.no\/de\/wp-json\/wp\/v2\/product"}],"about":[{"href":"https:\/\/helseforhandleren.no\/de\/wp-json\/wp\/v2\/types\/product"}],"replies":[{"embeddable":true,"href":"https:\/\/helseforhandleren.no\/de\/wp-json\/wp\/v2\/comments?post=36114"}],"wp:featuredmedia":[{"embeddable":true,"href":"https:\/\/helseforhandleren.no\/de\/wp-json\/wp\/v2\/media\/82615"}],"wp:attachment":[{"href":"https:\/\/helseforhandleren.no\/de\/wp-json\/wp\/v2\/media?parent=36114"}],"wp:term":[{"taxonomy":"product_brand","embeddable":true,"href":"https:\/\/helseforhandleren.no\/de\/wp-json\/wp\/v2\/product_brand?post=36114"},{"taxonomy":"product_cat","embeddable":true,"href":"https:\/\/helseforhandleren.no\/de\/wp-json\/wp\/v2\/product_cat?post=36114"},{"taxonomy":"product_tag","embeddable":true,"href":"https:\/\/helseforhandleren.no\/de\/wp-json\/wp\/v2\/product_tag?post=36114"}],"curies":[{"name":"wp","href":"https:\/\/api.w.org\/{rel}","templated":true}]}}