{"id":36124,"date":"2016-12-15T17:48:39","date_gmt":"2016-12-15T17:48:39","guid":{"rendered":"http:\/\/helseforhandleren.no\/?post_type=product&#038;p=36124\/"},"modified":"2026-01-16T13:08:36","modified_gmt":"2026-01-16T12:08:36","slug":"3d-magnetostatik-sonde-ms3-nfa","status":"publish","type":"product","link":"https:\/\/helseforhandleren.no\/de\/geschaeft\/strahlung-emf-de\/mess-emf\/messgeraete-lf\/3d-magnetostatik-sonde-ms3-nfa\/","title":{"rendered":"3D-MAGNETOSTATIC SENSOR *MS3-NFA"},"content":{"rendered":"<div class=\"content--title\"><strong>Eigenschaften<\/strong>:<\/div>\n<ul>\n<li class=\"content--title\">Hochpr\u00e4zise eindimensionale Messung von konstanten Magnetfeldern<\/li>\n<li class=\"content--title\">Aufl\u00f6sung von nur 10 nT (daher k\u00f6nnen auch die kleinsten geomagnetischen Anomalien identifiziert werden)<\/li>\n<li class=\"content--title\">Umschalten auf absolute und relative Messungen<\/li>\n<li class=\"content--title\">Um an die CH4-Buchse Ihres NFA angeschlossen zu werden, w\u00e4hrend die Stromversorgung \u00fcber die<\/li>\n<li class=\"content--title\">Kopfh\u00f6rerbuchse erfolgt (keine Batterien erforderlich). Auf diese Weise k\u00f6nnen Messwerte auch \u00fcber den<\/li>\n<li class=\"content--title\">integrierten Sprachrekorder aufgezeichnet und kommentiert werden<\/li>\n<\/ul>\n<p><strong>Technische Daten<\/strong>:<\/p>\n<ul>\n<li>Frequenzbereich &#8211; 0 Hz<\/li>\n<li>Messbereich &#8211; 10 nT-100 \u03bcT<\/li>\n<li>Pr\u00e4zision &#8211; +\/- 10% (50% rF, 20 \u00b0 C)<\/li>\n<li>Sensor &#8211; Hall Sonde<\/li>\n<li>Audio-Analyse &#8211; Akustisches Signal proportional zur Feldst\u00e4rke (mit &#8222;Geiger-Counter-Effekt&#8220;, umschaltbar)<\/li>\n<li>Stromversorgung &#8211; \u00fcber die NFA<\/li>\n<\/ul>\n<p><strong>Verf\u00fcgbare Downloads<\/strong>:<\/p>\n<ul>\n<li><a href=\"https:\/\/wordpress-1160125-4443598.cloudwaysapps.com\/wp-content\/uploads\/2016\/12\/821-046_manual_ms3-nfa_rev-2-0_int-2.pdf\">Bedienungsanleitung<\/a><\/li>\n<\/ul>\n","protected":false},"excerpt":{"rendered":"<p>Eine kosteng\u00fcnstige M\u00f6glichkeit, den Messbereich Ihres NFA zu erweitern.<\/p>\n<p>Frequenzbereich: 0 Hz<\/p>\n<p><em>* Entworfen, um mit dem NFA400 \/ 1000 verbunden zu werden<\/em><\/p>\n","protected":false},"featured_media":82618,"comment_status":"closed","ping_status":"closed","template":"","meta":[],"product_brand":[],"product_cat":[1063],"product_tag":[],"class_list":{"0":"post-36124","1":"product","2":"type-product","3":"status-publish","4":"has-post-thumbnail","6":"product_cat-messgeraete-lf","8":"first","9":"onbackorder","10":"taxable","11":"shipping-taxable","12":"purchasable","13":"product-type-simple"},"_links":{"self":[{"href":"https:\/\/helseforhandleren.no\/de\/wp-json\/wp\/v2\/product\/36124","targetHints":{"allow":["GET"]}}],"collection":[{"href":"https:\/\/helseforhandleren.no\/de\/wp-json\/wp\/v2\/product"}],"about":[{"href":"https:\/\/helseforhandleren.no\/de\/wp-json\/wp\/v2\/types\/product"}],"replies":[{"embeddable":true,"href":"https:\/\/helseforhandleren.no\/de\/wp-json\/wp\/v2\/comments?post=36124"}],"wp:featuredmedia":[{"embeddable":true,"href":"https:\/\/helseforhandleren.no\/de\/wp-json\/wp\/v2\/media\/82618"}],"wp:attachment":[{"href":"https:\/\/helseforhandleren.no\/de\/wp-json\/wp\/v2\/media?parent=36124"}],"wp:term":[{"taxonomy":"product_brand","embeddable":true,"href":"https:\/\/helseforhandleren.no\/de\/wp-json\/wp\/v2\/product_brand?post=36124"},{"taxonomy":"product_cat","embeddable":true,"href":"https:\/\/helseforhandleren.no\/de\/wp-json\/wp\/v2\/product_cat?post=36124"},{"taxonomy":"product_tag","embeddable":true,"href":"https:\/\/helseforhandleren.no\/de\/wp-json\/wp\/v2\/product_tag?post=36124"}],"curies":[{"name":"wp","href":"https:\/\/api.w.org\/{rel}","templated":true}]}}