{"id":36140,"date":"2016-12-16T12:22:07","date_gmt":"2016-12-16T12:22:07","guid":{"rendered":"http:\/\/helseforhandleren.no\/?post_type=product&#038;p=36140\/"},"modified":"2024-04-05T09:38:23","modified_gmt":"2024-04-05T09:38:23","slug":"kalibrierungszertifikat-kal-nfa4001000","status":"publish","type":"product","link":"https:\/\/helseforhandleren.no\/de\/geschaeft\/strahlung-emf-de\/mess-emf\/messgeraete-lf\/kalibrierungszertifikat-kal-nfa4001000\/","title":{"rendered":"Kalibrierungszertifikat KAL-NFA400\/1000"},"content":{"rendered":"<ul class=\"common-advantages\">\n<li>F\u00fcr den Frequenzverlauf von 5 Hz bis 400 kHz mit ausf\u00fchrlichem Pr\u00fcfprotokoll. Warum nur bis 400 kHz? Ebenso wie das akkreditierte Kalibrierungslabor, welches f\u00fcr uns Referenz-Kalibrierungen der NFA 1000 durchf\u00fchrt, sto\u00dfen wir oberhalb dieser Frequenz an physikalische Grenzen beim Generieren entsprechend stabiler Pr\u00fcffeldst\u00e4rken. Beim Abgleich des Messger\u00e4ts in der Produktion stellt sich dieses Problem nicht.<\/li>\n<li>Ein Kalibrierungszertifikat im Rahmen einer sp\u00e4teren Nachkalibrierung kann nur nach einem vorangegangenen qualitativen Funktionstest erstellt werden und unterliegt einer zus\u00e4tzlichen Geb\u00fchr abh\u00e4ngig vom Alter des Ger\u00e4ts (EUR 67,50 bis zum Alter von f\u00fcnf Jahren, danach EUR 135,00).<\/li>\n<\/ul>\n","protected":false},"excerpt":{"rendered":"<p>F\u00fcr den Frequenzverlauf von 5 Hz bis 400 kHz mit  [&#8230;]<\/p>\n","protected":false},"featured_media":0,"comment_status":"closed","ping_status":"closed","template":"","meta":[],"product_brand":[],"product_cat":[1063],"product_tag":[],"class_list":{"0":"post-36140","1":"product","2":"type-product","3":"status-publish","5":"product_cat-messgeraete-lf","7":"first","8":"instock","9":"taxable","10":"shipping-taxable","11":"purchasable","12":"product-type-simple"},"_links":{"self":[{"href":"https:\/\/helseforhandleren.no\/de\/wp-json\/wp\/v2\/product\/36140","targetHints":{"allow":["GET"]}}],"collection":[{"href":"https:\/\/helseforhandleren.no\/de\/wp-json\/wp\/v2\/product"}],"about":[{"href":"https:\/\/helseforhandleren.no\/de\/wp-json\/wp\/v2\/types\/product"}],"replies":[{"embeddable":true,"href":"https:\/\/helseforhandleren.no\/de\/wp-json\/wp\/v2\/comments?post=36140"}],"wp:attachment":[{"href":"https:\/\/helseforhandleren.no\/de\/wp-json\/wp\/v2\/media?parent=36140"}],"wp:term":[{"taxonomy":"product_brand","embeddable":true,"href":"https:\/\/helseforhandleren.no\/de\/wp-json\/wp\/v2\/product_brand?post=36140"},{"taxonomy":"product_cat","embeddable":true,"href":"https:\/\/helseforhandleren.no\/de\/wp-json\/wp\/v2\/product_cat?post=36140"},{"taxonomy":"product_tag","embeddable":true,"href":"https:\/\/helseforhandleren.no\/de\/wp-json\/wp\/v2\/product_tag?post=36140"}],"curies":[{"name":"wp","href":"https:\/\/api.w.org\/{rel}","templated":true}]}}