{"id":36170,"date":"2014-08-10T09:53:41","date_gmt":"2014-08-10T09:53:41","guid":{"rendered":"http:\/\/helseforhandleren.no\/?post_type=product&#038;p=36170\/"},"modified":"2024-04-05T09:38:28","modified_gmt":"2024-04-05T09:38:28","slug":"hochfrequenz-analyser-hf32d","status":"publish","type":"product","link":"https:\/\/helseforhandleren.no\/de\/geschaeft\/strahlung-emf-de\/mess-emf\/messgeraete-hf\/hochfrequenz-analyser-hf32d\/","title":{"rendered":"Hochfrequenz-Analyser HF32D"},"content":{"rendered":"<div>Schon dieses einfachste Ger\u00e4t der Baureihe erf\u00fcllt alle &#8222;gemeinsamen Vorteile&#8220;.<\/div>\n<ul class=\"common-advantages\">\n<li>Die Messwerte im relevanten Frequenzbereich werden zuverl\u00e4ssig und direkt in der Einheit der baubiologischen Vorsorgewerte angezeigt. Ein feldst\u00e4rkeproportionales Tonsignal mit &#8222;Geigerz\u00e4hlereffekt&#8220; hilft beim Auffinden von Bereichen mit erh\u00f6hter Belastung. Erst mit der vollwertigen Audioanalyse (ab dem HF35C) ist die Anwendung spezifischer Korrekturfaktoren f\u00fcr Signale mit hohem Crestfaktor m\u00f6glich. Digitalanzeige von 1 \u00b5W\/m\u00b2 bis 1999 \u00b5W\/m\u00b2.<\/li>\n<\/ul>\n","protected":false},"excerpt":{"rendered":"<p class=\"description\">Ideal f\u00fcr technische Laien. Zur unkomplizierten Bewertung der Belastungssituation. Zur Festlegung geeigneter Sanierungsma\u00dfnahmen und zur Kontrolle von deren Wirksamkeit.<\/p>\n<p class=\"frequency-range\">Frequenzbereich: 800 MHz &#8211; 2,7 GHz<\/p>\n","protected":false},"featured_media":82624,"comment_status":"closed","ping_status":"closed","template":"","meta":[],"product_brand":[],"product_cat":[752,1062,559],"product_tag":[],"class_list":{"0":"post-36170","1":"product","2":"type-product","3":"status-publish","4":"has-post-thumbnail","6":"product_cat-mess-emf","7":"product_cat-messgeraete-hf","8":"product_cat-strahlung-emf-de","10":"first","11":"instock","12":"taxable","13":"shipping-taxable","14":"purchasable","15":"product-type-simple"},"_links":{"self":[{"href":"https:\/\/helseforhandleren.no\/de\/wp-json\/wp\/v2\/product\/36170","targetHints":{"allow":["GET"]}}],"collection":[{"href":"https:\/\/helseforhandleren.no\/de\/wp-json\/wp\/v2\/product"}],"about":[{"href":"https:\/\/helseforhandleren.no\/de\/wp-json\/wp\/v2\/types\/product"}],"replies":[{"embeddable":true,"href":"https:\/\/helseforhandleren.no\/de\/wp-json\/wp\/v2\/comments?post=36170"}],"wp:featuredmedia":[{"embeddable":true,"href":"https:\/\/helseforhandleren.no\/de\/wp-json\/wp\/v2\/media\/82624"}],"wp:attachment":[{"href":"https:\/\/helseforhandleren.no\/de\/wp-json\/wp\/v2\/media?parent=36170"}],"wp:term":[{"taxonomy":"product_brand","embeddable":true,"href":"https:\/\/helseforhandleren.no\/de\/wp-json\/wp\/v2\/product_brand?post=36170"},{"taxonomy":"product_cat","embeddable":true,"href":"https:\/\/helseforhandleren.no\/de\/wp-json\/wp\/v2\/product_cat?post=36170"},{"taxonomy":"product_tag","embeddable":true,"href":"https:\/\/helseforhandleren.no\/de\/wp-json\/wp\/v2\/product_tag?post=36170"}],"curies":[{"name":"wp","href":"https:\/\/api.w.org\/{rel}","templated":true}]}}