{"id":36207,"date":"2016-12-16T17:11:58","date_gmt":"2016-12-16T17:11:58","guid":{"rendered":"http:\/\/helseforhandleren.no\/?post_type=product&#038;p=36207\/"},"modified":"2024-04-05T09:38:33","modified_gmt":"2024-04-05T09:38:33","slug":"hochfrequenz-analyser-hf59b","status":"publish","type":"product","link":"https:\/\/helseforhandleren.no\/de\/geschaeft\/strahlung-emf-de\/mess-emf\/messgeraete-hf\/hochfrequenz-analyser-hf59b\/","title":{"rendered":"Hochfrequenz-Analyser HF59B"},"content":{"rendered":"<ul class=\"common-advantages\">\n<li>Frequenzbereich des Basisger\u00e4tes schon ab 27 MHz &#8211; geeignet zum Anschluss einer optional erh\u00e4ltlichen UBB-Antenne (im Lieferumfang enthalten ist die kompensierte LogPer-Antenne von 800 MHz bis 2,7 bzw. 3,3 GHz).<\/li>\n<li>Zus\u00e4tzlich, kalibrierter AC-Messausgang f\u00fcr das demodulierte Signal, skalierbarer DC-Ausgang.<\/li>\n<li>TIPP: Solange Sie nur oberhalb von 800 MHz messen m\u00f6chten sind Sie mit dem HF58B-r preisg\u00fcnstiger und besser beraten. Erst durch die UBB27 (z.B. im Set HF E 59B enthalten) k\u00f6nnen Sie praktisch die Frequenzen unterhalb von 800 MHz erschlie\u00dfen (z.B. digitales Fernsehen, TETRA, neue GSM-B\u00e4nder)<\/li>\n<\/ul>\n","protected":false},"excerpt":{"rendered":"<p class=\"description\">Der extrabreite Frequenzgang pr\u00e4destiniert das Basisger\u00e4t f\u00fcr die Erweiterung mit der UBB27 und umfassende, professionelle Analysen. Auf die baubiologische Praxis zugeschnittener Funktions- und Ausstattungsumfang. Durch seinen vergleichsweise g\u00fcnstigen Preis wird es aber &#8211; meist im Set als HF E 59B &#8211; gerne auch in Wissenschaft und Industrie und hier speziell im Bereich EMVU und Produktentwicklung (precompliance) eingesetzt.<\/p>\n<p class=\"frequency-range\">Frequenzbereich: 800 MHz &#8211; 2,7 GHz (3,3 GHz mit erh\u00f6hter Toleranz). Auslieferung mit LogPer-Antenne ab 800 MHz. Intern &#8222;offen&#8220; &#8211; hinunter auf 27 MHz, vorbereitet f\u00fcr Anschluss der UBB27)<\/p>\n","protected":false},"featured_media":82629,"comment_status":"closed","ping_status":"closed","template":"","meta":[],"product_brand":[],"product_cat":[1062],"product_tag":[],"class_list":{"0":"post-36207","1":"product","2":"type-product","3":"status-publish","4":"has-post-thumbnail","6":"product_cat-messgeraete-hf","8":"first","9":"onbackorder","10":"taxable","11":"shipping-taxable","12":"purchasable","13":"product-type-simple"},"_links":{"self":[{"href":"https:\/\/helseforhandleren.no\/de\/wp-json\/wp\/v2\/product\/36207","targetHints":{"allow":["GET"]}}],"collection":[{"href":"https:\/\/helseforhandleren.no\/de\/wp-json\/wp\/v2\/product"}],"about":[{"href":"https:\/\/helseforhandleren.no\/de\/wp-json\/wp\/v2\/types\/product"}],"replies":[{"embeddable":true,"href":"https:\/\/helseforhandleren.no\/de\/wp-json\/wp\/v2\/comments?post=36207"}],"wp:featuredmedia":[{"embeddable":true,"href":"https:\/\/helseforhandleren.no\/de\/wp-json\/wp\/v2\/media\/82629"}],"wp:attachment":[{"href":"https:\/\/helseforhandleren.no\/de\/wp-json\/wp\/v2\/media?parent=36207"}],"wp:term":[{"taxonomy":"product_brand","embeddable":true,"href":"https:\/\/helseforhandleren.no\/de\/wp-json\/wp\/v2\/product_brand?post=36207"},{"taxonomy":"product_cat","embeddable":true,"href":"https:\/\/helseforhandleren.no\/de\/wp-json\/wp\/v2\/product_cat?post=36207"},{"taxonomy":"product_tag","embeddable":true,"href":"https:\/\/helseforhandleren.no\/de\/wp-json\/wp\/v2\/product_tag?post=36207"}],"curies":[{"name":"wp","href":"https:\/\/api.w.org\/{rel}","templated":true}]}}