{"id":36280,"date":"2016-12-20T13:28:58","date_gmt":"2016-12-20T13:28:58","guid":{"rendered":"http:\/\/helseforhandleren.no\/?post_type=product&#038;p=36280\/"},"modified":"2024-04-05T09:38:51","modified_gmt":"2024-04-05T09:38:51","slug":"hochfrequenz-analyser-set-hfe59b","status":"publish","type":"product","link":"https:\/\/helseforhandleren.no\/de\/geschaeft\/strahlung-emf-de\/mess-emf\/messgeraete-hf\/hochfrequenz-analyser-set-hfe59b\/","title":{"rendered":"Hochfrequenz-Analyser-Set HFE59B"},"content":{"rendered":"<p>Set-Angebot aus HF59B und umfangreichem Zubeh\u00f6r:<br \/>\nHorizontal-isotrope Ultrabreitbandantenne UBB27_G3 von 27 MHz bis \u00fcber 3,3 GHz (begrenzt durch den Frequenzgang des HF59B)<br \/>\n800 MHz Hochpassfilter HP800_G3 zur Unterdr\u00fcckung niedriger Frequenzen beim Messen mit der LogPer-Antenne des HF59B<br \/>\nHF-Verst\u00e4rker HV10_27G3: Erh\u00f6ht die Aufl\u00f6sung um 10 dB (= Faktor 10) &#8211; wichtig zur Absenkung des systemimmanent h\u00f6heren Rauschlevels im Radar\/UMTS-Modus<br \/>\nD\u00e4mpfungsglied DG20_G10: Erh\u00f6ht den maximal messbaren Wert um 20 dB bzw. den Faktor 100 auf 1999 mW\/m\u00b2 (1,999 W\/m\u00b2)<br \/>\nKunststoffkoffer K2 mit Formschaumeinlage zum sicheren Transport aller Komponenten. Bietet Platz f\u00fcr ein weiteres Messger\u00e4t von Gigahertz-Solutions (HF oder NF).<\/p>\n","protected":false},"excerpt":{"rendered":"<p>Das Set auf der Basis des HF59B bietet mit ca. 93 dB eine \u00fcberragende Dynamik und Aufl\u00f6sung. Der innovative Funktionsumfang des Basisger\u00e4ts HF59B bietet zusammen mit dem breiten Frequenzgang der UBB27 herausragende Analysem\u00f6glichkeiten f\u00fcr die Hochfrequenz. Auf die baubiologische Praxis zugeschnittener Funktions- und Ausstattungsumfang. Durch seinen vergleichsweise g\u00fcnstigen Preis wird es aber gerne auch in Wissenschaft und Industrie und hier speziell im Bereich EMVU und Produktentwicklung (precompliance) eingesetzt.<\/p>\n<p>Frequenzbereich: 27 MHz bis \u00fcber 3,3 GHz<\/p>\n","protected":false},"featured_media":82648,"comment_status":"closed","ping_status":"closed","template":"","meta":[],"product_brand":[],"product_cat":[1062],"product_tag":[],"class_list":{"0":"post-36280","1":"product","2":"type-product","3":"status-publish","4":"has-post-thumbnail","6":"product_cat-messgeraete-hf","8":"first","9":"onbackorder","10":"taxable","11":"shipping-taxable","12":"purchasable","13":"product-type-simple"},"_links":{"self":[{"href":"https:\/\/helseforhandleren.no\/de\/wp-json\/wp\/v2\/product\/36280","targetHints":{"allow":["GET"]}}],"collection":[{"href":"https:\/\/helseforhandleren.no\/de\/wp-json\/wp\/v2\/product"}],"about":[{"href":"https:\/\/helseforhandleren.no\/de\/wp-json\/wp\/v2\/types\/product"}],"replies":[{"embeddable":true,"href":"https:\/\/helseforhandleren.no\/de\/wp-json\/wp\/v2\/comments?post=36280"}],"wp:featuredmedia":[{"embeddable":true,"href":"https:\/\/helseforhandleren.no\/de\/wp-json\/wp\/v2\/media\/82648"}],"wp:attachment":[{"href":"https:\/\/helseforhandleren.no\/de\/wp-json\/wp\/v2\/media?parent=36280"}],"wp:term":[{"taxonomy":"product_brand","embeddable":true,"href":"https:\/\/helseforhandleren.no\/de\/wp-json\/wp\/v2\/product_brand?post=36280"},{"taxonomy":"product_cat","embeddable":true,"href":"https:\/\/helseforhandleren.no\/de\/wp-json\/wp\/v2\/product_cat?post=36280"},{"taxonomy":"product_tag","embeddable":true,"href":"https:\/\/helseforhandleren.no\/de\/wp-json\/wp\/v2\/product_tag?post=36280"}],"curies":[{"name":"wp","href":"https:\/\/api.w.org\/{rel}","templated":true}]}}