{"id":36287,"date":"2016-12-20T15:59:57","date_gmt":"2016-12-20T15:59:57","guid":{"rendered":"http:\/\/helseforhandleren.no\/?post_type=product&#038;p=36287\/"},"modified":"2024-04-05T09:38:53","modified_gmt":"2024-04-05T09:38:53","slug":"hochfrequenz-analyser-hfw35c","status":"publish","type":"product","link":"https:\/\/helseforhandleren.no\/de\/geschaeft\/strahlung-emf-de\/mess-emf\/messgeraete-hf\/hochfrequenz-analyser-hfw35c\/","title":{"rendered":"Hochfrequenz-Analyser HFW35C"},"content":{"rendered":"<p>Funktions- und Ausstattungsumfang wie HF35C, allerdings:<br \/>\nFrequenzbereich von 2,4 bis 6 GHz.<br \/>\nSpeziell zur Strahlungsanalyse von Wireless-Anwendungen \/ PC-Netzwerken inklusive der neuen Standards (Bluetooth, WLAN, WiFi). Umfasst auch die in 2006 versteigerten WiMAX-Frequenzen sowie einige Radarfrequenzen.<br \/>\nInklusive einer speziell abgestimmten LogPer-Antenne mit sehr guter Richtcharakteristik (Patent im Pr\u00fcfungsverfahren AZ 10 2006 051 180.8 )<br \/>\nUnterdr\u00fcckt Mobilfunk- und DECT-Frequenzen durch ein in die Antenne integriertes, steilflankiges Hochpass-Filter zur verf\u00e4lschungsfreien Analyse des Frequenzbereiches von 2,4 bis 6 GHz.<br \/>\nDas Ger\u00e4t ist auch mit dem Puls-\/Voll-Selektionsschalter der Profiger\u00e4te ausgestattet.<\/p>\n","protected":false},"excerpt":{"rendered":"<p>Die &#8222;gemeinsamen Vorteile&#8220; werden auch f\u00fcr den speziellen Frequenzbereich dieses Ger\u00e4ts erf\u00fcllt. Ebenso einfach zu bedienen wie das HF35C. Auf die baubiologische Praxis zugeschnittener Funktions- und Ausstattungsumfang. Durch seinen vergleichsweise g\u00fcnstigen Preis wird es aber gerne auch von Systemh\u00e4usern, Beh\u00f6rden und Industrie f\u00fcr die Auslegung von WLAN-Netzwerken eingesetzt.<\/p>\n<p>Frequenzbereich: 2,4 &#8211; 6,0 GHz<\/p>\n","protected":false},"featured_media":82653,"comment_status":"closed","ping_status":"closed","template":"","meta":[],"product_brand":[],"product_cat":[1062],"product_tag":[],"class_list":{"0":"post-36287","1":"product","2":"type-product","3":"status-publish","4":"has-post-thumbnail","6":"product_cat-messgeraete-hf","8":"first","9":"onbackorder","10":"taxable","11":"shipping-taxable","12":"purchasable","13":"product-type-simple"},"_links":{"self":[{"href":"https:\/\/helseforhandleren.no\/de\/wp-json\/wp\/v2\/product\/36287","targetHints":{"allow":["GET"]}}],"collection":[{"href":"https:\/\/helseforhandleren.no\/de\/wp-json\/wp\/v2\/product"}],"about":[{"href":"https:\/\/helseforhandleren.no\/de\/wp-json\/wp\/v2\/types\/product"}],"replies":[{"embeddable":true,"href":"https:\/\/helseforhandleren.no\/de\/wp-json\/wp\/v2\/comments?post=36287"}],"wp:featuredmedia":[{"embeddable":true,"href":"https:\/\/helseforhandleren.no\/de\/wp-json\/wp\/v2\/media\/82653"}],"wp:attachment":[{"href":"https:\/\/helseforhandleren.no\/de\/wp-json\/wp\/v2\/media?parent=36287"}],"wp:term":[{"taxonomy":"product_brand","embeddable":true,"href":"https:\/\/helseforhandleren.no\/de\/wp-json\/wp\/v2\/product_brand?post=36287"},{"taxonomy":"product_cat","embeddable":true,"href":"https:\/\/helseforhandleren.no\/de\/wp-json\/wp\/v2\/product_cat?post=36287"},{"taxonomy":"product_tag","embeddable":true,"href":"https:\/\/helseforhandleren.no\/de\/wp-json\/wp\/v2\/product_tag?post=36287"}],"curies":[{"name":"wp","href":"https:\/\/api.w.org\/{rel}","templated":true}]}}