{"id":36296,"date":"2016-12-20T16:27:22","date_gmt":"2016-12-20T16:27:22","guid":{"rendered":"http:\/\/helseforhandleren.no\/?post_type=product&#038;p=36296\/"},"modified":"2024-04-05T09:38:55","modified_gmt":"2024-04-05T09:38:55","slug":"hochfrequenz-analyser-hfw59d","status":"publish","type":"product","link":"https:\/\/helseforhandleren.no\/de\/geschaeft\/strahlung-emf-de\/mess-emf\/messgeraete-hf\/hochfrequenz-analyser-hfw59d\/","title":{"rendered":"Hochfrequenz-Analyser HFW59D"},"content":{"rendered":"<p>Zuverl\u00e4ssig auch bei den oberen Radarfrequenzen (Flugsicherung, Schiffsnavigation, Milit\u00e4r, Wetter, Verkehrs\u00fcberwachung):<br \/>\nECHTE 10 GHz .<br \/>\nMaximale VBW zur Darstellung k\u00fcrzester Radarpulse (< 0,5 \u00b5s).\nOptimierte Peak Hold Funktion (Patent Nr. DE 103 34 886).\n1 \u00b5W\/m\u00b2 Displayaufl\u00f6sung (h\u00f6here Aufl\u00f6sung mit dem optionalen Vorverst\u00e4rker HV20_2400G10 z.B. zur Messung minimaler WLAN-Signale).\nInklusive einer speziell abgestimmten LogPer-Antenne mit sehr guter Richtcharakteristik.\nIntegrierter steilflankiger Hochpassfilter bei 2,4 GHz unterdr\u00fcckt zuverl\u00e4ssig die h\u00e4ufig dominanten GSM- und DECT-Frequenzen.\nKalibrierter AC-Messausgang f\u00fcr das demodulierte Signal, skalierbarer DC-Ausgang.\nDas Ger\u00e4t ist speziell auf die Spitzenwertmessung modulierter Signale ausgelegt (\"pulse\"-Modus).\n<\/p>\n","protected":false},"excerpt":{"rendered":"<p>Erschlie\u00dft die vielfach bew\u00e4hrten gemeinsamen Vorteile der breitbandigen Feldst\u00e4rkemesstechnik von Gigahertz Solutions erstmals auch f\u00fcr diesen Frequenzbereich.<\/p>\n<p>Frequenzbereich: 2,4 &#8211; 10,0 GHz<\/p>\n","protected":false},"featured_media":82656,"comment_status":"closed","ping_status":"closed","template":"","meta":[],"product_brand":[],"product_cat":[1062],"product_tag":[],"class_list":{"0":"post-36296","1":"product","2":"type-product","3":"status-publish","4":"has-post-thumbnail","6":"product_cat-messgeraete-hf","8":"first","9":"onbackorder","10":"taxable","11":"shipping-taxable","12":"purchasable","13":"product-type-simple"},"_links":{"self":[{"href":"https:\/\/helseforhandleren.no\/de\/wp-json\/wp\/v2\/product\/36296","targetHints":{"allow":["GET"]}}],"collection":[{"href":"https:\/\/helseforhandleren.no\/de\/wp-json\/wp\/v2\/product"}],"about":[{"href":"https:\/\/helseforhandleren.no\/de\/wp-json\/wp\/v2\/types\/product"}],"replies":[{"embeddable":true,"href":"https:\/\/helseforhandleren.no\/de\/wp-json\/wp\/v2\/comments?post=36296"}],"wp:featuredmedia":[{"embeddable":true,"href":"https:\/\/helseforhandleren.no\/de\/wp-json\/wp\/v2\/media\/82656"}],"wp:attachment":[{"href":"https:\/\/helseforhandleren.no\/de\/wp-json\/wp\/v2\/media?parent=36296"}],"wp:term":[{"taxonomy":"product_brand","embeddable":true,"href":"https:\/\/helseforhandleren.no\/de\/wp-json\/wp\/v2\/product_brand?post=36296"},{"taxonomy":"product_cat","embeddable":true,"href":"https:\/\/helseforhandleren.no\/de\/wp-json\/wp\/v2\/product_cat?post=36296"},{"taxonomy":"product_tag","embeddable":true,"href":"https:\/\/helseforhandleren.no\/de\/wp-json\/wp\/v2\/product_tag?post=36296"}],"curies":[{"name":"wp","href":"https:\/\/api.w.org\/{rel}","templated":true}]}}