{"id":36303,"date":"2016-12-20T16:38:15","date_gmt":"2016-12-20T16:38:15","guid":{"rendered":"http:\/\/helseforhandleren.no\/?post_type=product&#038;p=36303\/"},"modified":"2024-04-05T09:38:59","modified_gmt":"2024-04-05T09:38:59","slug":"hochfrequenz-analyser-set-hfw59d-plus","status":"publish","type":"product","link":"https:\/\/helseforhandleren.no\/de\/geschaeft\/strahlung-emf-de\/mess-emf\/messgeraete-hf\/hochfrequenz-analyser-set-hfw59d-plus\/","title":{"rendered":"Hochfrequenz-Analyser-Set HFW59D plus"},"content":{"rendered":"<p>ECHTE 10 GHz .<br \/>\nMaximale VBW zur Darstellung k\u00fcrzester Radarpulse (< 0,5 \u00b5s).\nOptimierte Peak Hold Funktion (Patent Nr. DE 103 34 886).\nVorverst\u00e4rker HV20_2400G10 im Lieferumfang f\u00fcr maximale Sensitivit\u00e4t \u00fcber den gesamten Frequenzbereich: 0,01 \u00b5W\/m\u00b2 Displayaufl\u00f6sung zur Messung minimaler WLAN-Signale.\nInklusive einer speziell abgestimmten LogPer-Antenne mit sehr guter Richtcharakteristik.\nIntegrierter steilflankiger Hochpassfilter bei 2,4 GHz unterdr\u00fcckt zuverl\u00e4ssig die h\u00e4ufig dominanten GSM- und DECT-Frequenzen.\nUmfasst zus\u00e4tzlich die 360\u00b0 Omniantenne, Grundlage f\u00fcr Langzeitaufzeichnungen, vorteilhaft insbesondere zur Identifikation von Radarbelastungen bei unbekanntem Senderstandort.\nKalibrierter AC-Messausgang f\u00fcr das demodulierte Signal, skalierbarer DC-Ausgang.\nDas Ger\u00e4t ist speziell auf die Spitzenwertmessung modulierter Signale ausgelegt (\"pulse\"-Modus).\n<\/p>\n","protected":false},"excerpt":{"rendered":"<p>Erschlie\u00dft die vielfach bew\u00e4hrten gemeinsamen Vorteile der breitbandigen Feldst\u00e4rkemesstechnik von Gigahertz Solutions erstmals auch f\u00fcr diesen Frequenzbereich. G\u00fcnstiger Set-Preis mit dem h\u00e4ufig mit bestellten Vorverst\u00e4rker und der erstmals f\u00fcr diesen Frequenzbereich verf\u00fcgbaren Omniantenne UBB2410.<\/p>\n<p>Frequenzbereich: 2,4 &#8211; 10,0 GHz<\/p>\n","protected":false},"featured_media":82659,"comment_status":"closed","ping_status":"closed","template":"","meta":[],"product_brand":[],"product_cat":[1062],"product_tag":[],"class_list":{"0":"post-36303","1":"product","2":"type-product","3":"status-publish","4":"has-post-thumbnail","6":"product_cat-messgeraete-hf","8":"first","9":"onbackorder","10":"taxable","11":"shipping-taxable","12":"purchasable","13":"product-type-simple"},"_links":{"self":[{"href":"https:\/\/helseforhandleren.no\/de\/wp-json\/wp\/v2\/product\/36303","targetHints":{"allow":["GET"]}}],"collection":[{"href":"https:\/\/helseforhandleren.no\/de\/wp-json\/wp\/v2\/product"}],"about":[{"href":"https:\/\/helseforhandleren.no\/de\/wp-json\/wp\/v2\/types\/product"}],"replies":[{"embeddable":true,"href":"https:\/\/helseforhandleren.no\/de\/wp-json\/wp\/v2\/comments?post=36303"}],"wp:featuredmedia":[{"embeddable":true,"href":"https:\/\/helseforhandleren.no\/de\/wp-json\/wp\/v2\/media\/82659"}],"wp:attachment":[{"href":"https:\/\/helseforhandleren.no\/de\/wp-json\/wp\/v2\/media?parent=36303"}],"wp:term":[{"taxonomy":"product_brand","embeddable":true,"href":"https:\/\/helseforhandleren.no\/de\/wp-json\/wp\/v2\/product_brand?post=36303"},{"taxonomy":"product_cat","embeddable":true,"href":"https:\/\/helseforhandleren.no\/de\/wp-json\/wp\/v2\/product_cat?post=36303"},{"taxonomy":"product_tag","embeddable":true,"href":"https:\/\/helseforhandleren.no\/de\/wp-json\/wp\/v2\/product_tag?post=36303"}],"curies":[{"name":"wp","href":"https:\/\/api.w.org\/{rel}","templated":true}]}}