{"id":36310,"date":"2014-08-10T09:57:30","date_gmt":"2014-08-10T09:57:30","guid":{"rendered":"http:\/\/helseforhandleren.no\/?post_type=product&#038;p=36310\/"},"modified":"2024-04-05T09:39:01","modified_gmt":"2024-04-05T09:39:01","slug":"ultrabreitband-hochfrequenz-analyser-set-hfew35c","status":"publish","type":"product","link":"https:\/\/helseforhandleren.no\/de\/geschaeft\/strahlung-emf-de\/mess-emf\/messgeraete-hf\/ultrabreitband-hochfrequenz-analyser-set-hfew35c\/","title":{"rendered":"Ultrabreitband Hochfrequenz-Analyser-Set HFEW35C"},"content":{"rendered":"<p>Basiert auf den bew\u00e4hrten HF-Analysern HFE 35C und HFW 35C.<br \/>\nFrequenzgang umfasst Radio, TV, TETRA, die \u00fcblichen Mobilfunkdienste, DECT, mehrere Radarfrequenzen und neue Dienste wie das obere WLAN-Band oder Wimax. Und alles was dazwischen liegt.<br \/>\nUmfasst auch die Profifunktion der quantitativen Differenzierung gepulste <> ungepulste Strahlung gem\u00e4\u00df den baubiologischen Empfehlungen f\u00fcr den Frequenzbereich von 2,7 GHz bis 6 GHz.<br \/>\nF\u00fcr detaillierte Informationen zu den beiden Ger\u00e4ten siehe dort.<br \/>\nKunststoffkoffer K5 zum sicheren Transport der Messger\u00e4te und Antennen.<\/p>\n","protected":false},"excerpt":{"rendered":"<p>Alle &#8222;gemeinsamen Vorteile&#8220; werden erf\u00fcllt (siehe dort). Der extrabreite Frequenzgang, sinnvoll aufgeteilt auf zwei separate Ger\u00e4te, und die quasiisotrope Empfangscharakteristik ergeben ein umfassendes Bild der Belastungssituation. Hilft Elektrosensiblen, ihre Umgebung zu bewerten um &#8222;ihren Platz&#8220; zu finden. Geeignet zur Festlegung geeigneter Sanierungsma\u00dfnahmen und zur Kontrolle von deren Wirksamkeit.<\/p>\n<p>Frequenzbereich: 27 MHz bis 6 GHz<\/p>\n","protected":false},"featured_media":82661,"comment_status":"closed","ping_status":"closed","template":"","meta":[],"product_brand":[],"product_cat":[1062,559],"product_tag":[],"class_list":{"0":"post-36310","1":"product","2":"type-product","3":"status-publish","4":"has-post-thumbnail","6":"product_cat-messgeraete-hf","7":"product_cat-strahlung-emf-de","9":"first","10":"onbackorder","11":"taxable","12":"shipping-taxable","13":"purchasable","14":"product-type-simple"},"_links":{"self":[{"href":"https:\/\/helseforhandleren.no\/de\/wp-json\/wp\/v2\/product\/36310","targetHints":{"allow":["GET"]}}],"collection":[{"href":"https:\/\/helseforhandleren.no\/de\/wp-json\/wp\/v2\/product"}],"about":[{"href":"https:\/\/helseforhandleren.no\/de\/wp-json\/wp\/v2\/types\/product"}],"replies":[{"embeddable":true,"href":"https:\/\/helseforhandleren.no\/de\/wp-json\/wp\/v2\/comments?post=36310"}],"wp:featuredmedia":[{"embeddable":true,"href":"https:\/\/helseforhandleren.no\/de\/wp-json\/wp\/v2\/media\/82661"}],"wp:attachment":[{"href":"https:\/\/helseforhandleren.no\/de\/wp-json\/wp\/v2\/media?parent=36310"}],"wp:term":[{"taxonomy":"product_brand","embeddable":true,"href":"https:\/\/helseforhandleren.no\/de\/wp-json\/wp\/v2\/product_brand?post=36310"},{"taxonomy":"product_cat","embeddable":true,"href":"https:\/\/helseforhandleren.no\/de\/wp-json\/wp\/v2\/product_cat?post=36310"},{"taxonomy":"product_tag","embeddable":true,"href":"https:\/\/helseforhandleren.no\/de\/wp-json\/wp\/v2\/product_tag?post=36310"}],"curies":[{"name":"wp","href":"https:\/\/api.w.org\/{rel}","templated":true}]}}