{"id":36311,"date":"2016-12-20T17:29:18","date_gmt":"2016-12-20T17:29:18","guid":{"rendered":"http:\/\/helseforhandleren.no\/?post_type=product&#038;p=36311\/"},"modified":"2024-04-05T09:39:02","modified_gmt":"2024-04-05T09:39:02","slug":"ultrabreitband-hochfrequenz-analyser-set-hfew59bd-plus","status":"publish","type":"product","link":"https:\/\/helseforhandleren.no\/de\/geschaeft\/strahlung-emf-de\/mess-emf\/messgeraete-hf\/ultrabreitband-hochfrequenz-analyser-set-hfew59bd-plus\/","title":{"rendered":"Ultrabreitband Hochfrequenz-Analyser-Set HFEW59BD plus"},"content":{"rendered":"<p>Basiert auf den professionellen HF-Analysern HFE59B und HFW59D plus mit dem entsprechenden Zubeh\u00f6r.<br \/>\nDer Frequenzgang umfasst Amateurfunk, Radio, TV, TETRA, die \u00fcblichen Mobilfunkdienste, DECT, Radar inklusive dem dicht belegten Band von 8,5 &#8211; 9,5 GHz sowie beide WLAN-B\u00e4nder, WiMAX usw.. Und alles was dazwischen liegt.<br \/>\nF\u00fcr detaillierte Informationen zu den beiden Ger\u00e4ten siehe dort.<br \/>\nDas im Lieferumfang enthaltene D\u00e4mpfungsglied DG20_G10 ist f\u00fcr beide Analyser einsetzbar.<br \/>\nKunststoffkoffer K2 zum sicheren Transport der Messger\u00e4te und Antennen.<\/p>\n","protected":false},"excerpt":{"rendered":"<p>Die Aufspaltung des extra breiten Frequenzgangs auf zwei Ger\u00e4te hat in der Praxis insbesondere f\u00fcr die Analyse des oberen Frequenzbereiches gro\u00dfe Vorteile, da diese oft unter den dominierenden Mobilfunk- und DECT-Frequenzen verborgen bleiben.<\/p>\n<p>Frequenzbereich: 27 MHz bis 10 GHz<\/p>\n","protected":false},"featured_media":82664,"comment_status":"closed","ping_status":"closed","template":"","meta":[],"product_brand":[],"product_cat":[1062],"product_tag":[],"class_list":{"0":"post-36311","1":"product","2":"type-product","3":"status-publish","4":"has-post-thumbnail","6":"product_cat-messgeraete-hf","8":"first","9":"onbackorder","10":"taxable","11":"shipping-taxable","12":"purchasable","13":"product-type-simple"},"_links":{"self":[{"href":"https:\/\/helseforhandleren.no\/de\/wp-json\/wp\/v2\/product\/36311","targetHints":{"allow":["GET"]}}],"collection":[{"href":"https:\/\/helseforhandleren.no\/de\/wp-json\/wp\/v2\/product"}],"about":[{"href":"https:\/\/helseforhandleren.no\/de\/wp-json\/wp\/v2\/types\/product"}],"replies":[{"embeddable":true,"href":"https:\/\/helseforhandleren.no\/de\/wp-json\/wp\/v2\/comments?post=36311"}],"wp:featuredmedia":[{"embeddable":true,"href":"https:\/\/helseforhandleren.no\/de\/wp-json\/wp\/v2\/media\/82664"}],"wp:attachment":[{"href":"https:\/\/helseforhandleren.no\/de\/wp-json\/wp\/v2\/media?parent=36311"}],"wp:term":[{"taxonomy":"product_brand","embeddable":true,"href":"https:\/\/helseforhandleren.no\/de\/wp-json\/wp\/v2\/product_brand?post=36311"},{"taxonomy":"product_cat","embeddable":true,"href":"https:\/\/helseforhandleren.no\/de\/wp-json\/wp\/v2\/product_cat?post=36311"},{"taxonomy":"product_tag","embeddable":true,"href":"https:\/\/helseforhandleren.no\/de\/wp-json\/wp\/v2\/product_tag?post=36311"}],"curies":[{"name":"wp","href":"https:\/\/api.w.org\/{rel}","templated":true}]}}