{"id":36335,"date":"2016-12-21T17:51:15","date_gmt":"2016-12-21T17:51:15","guid":{"rendered":"http:\/\/helseforhandleren.no\/?post_type=product&#038;p=36335\/"},"modified":"2024-04-05T09:39:11","modified_gmt":"2024-04-05T09:39:11","slug":"re-lux-glaslinse-i","status":"publish","type":"product","link":"https:\/\/helseforhandleren.no\/de\/geschaeft\/gesundheit-de\/energimedisin-de\/re-lux-de\/re-lux-glaslinse-i\/","title":{"rendered":"RE LUX Glaslinse I"},"content":{"rendered":"<p>Funktion und Anwendung<\/p>\n<p>Die RE LUX Glaslinse I wird in enger Zusammenarbeit mit Lichtblick e.V. Glaskunst-und Forschung in aufw\u00e4ndiger Handarbeit gefertigt.<\/p>\n<p>Dank der eigens f\u00fcr uns zusammengestellten Legierung des Glases, sowie seiner besonderen Form, k\u00f6nnen die Energien sehr stark und weit in den Raum getragen werden.<\/p>\n<p>Harmonisierung von Elektrosmog<\/p>\n<p>Die RE LUX Glaslinse I ist einsetzbar f\u00fcr die pers\u00f6nliche Anwendung bei Elektrosmog-Belastungen in Wohn- und Arbeitsr\u00e4umen durch W-Lan, schnurlose Telefone, Handys, Babyphone etc.<\/p>\n<p>Jedes Glas ist in aufw\u00e4ndiger Handarbeit gefertigt und ein ganz pers\u00f6nliches Kleinod. Die praktische Gr\u00f6\u00dfe und Form erlauben es, sie ohne weiteres im Alltag und auf Reisen mitzunehmen. Dadurch hat man z.B. auch im Auto einen sch\u00fctzenden, ausgleichenden Wegbegleiter.<\/p>\n","protected":false},"excerpt":{"rendered":"<p>Zur Anwendung bei Elektrosmog:<\/p>\n<p>Steigerung des Wohlbefindens<br \/>\nErh\u00f6hung der Konzentrationsf\u00e4higkeit<br \/>\nAbbau von Stress-Symptomen<\/p>\n<p>Inhaltsstoffe<\/p>\n<p>Spezialglas, Mineralienpulver<\/p>\n<p>Ma\u00dfe<\/p>\n<p>Rund, Durchmesser ca. 100 mm, H\u00f6he  ca. 45 mm, Gewicht ca. 0,5 kg<br \/>\nLieferung inklusive Filzuntersetzer.<\/p>\n","protected":false},"featured_media":82672,"comment_status":"closed","ping_status":"closed","template":"","meta":[],"product_brand":[],"product_cat":[555,1749],"product_tag":[],"class_list":{"0":"post-36335","1":"product","2":"type-product","3":"status-publish","4":"has-post-thumbnail","6":"product_cat-energimedisin-de","7":"product_cat-re-lux-de","9":"first","10":"onbackorder","11":"taxable","12":"shipping-taxable","13":"purchasable","14":"product-type-simple"},"_links":{"self":[{"href":"https:\/\/helseforhandleren.no\/de\/wp-json\/wp\/v2\/product\/36335","targetHints":{"allow":["GET"]}}],"collection":[{"href":"https:\/\/helseforhandleren.no\/de\/wp-json\/wp\/v2\/product"}],"about":[{"href":"https:\/\/helseforhandleren.no\/de\/wp-json\/wp\/v2\/types\/product"}],"replies":[{"embeddable":true,"href":"https:\/\/helseforhandleren.no\/de\/wp-json\/wp\/v2\/comments?post=36335"}],"wp:featuredmedia":[{"embeddable":true,"href":"https:\/\/helseforhandleren.no\/de\/wp-json\/wp\/v2\/media\/82672"}],"wp:attachment":[{"href":"https:\/\/helseforhandleren.no\/de\/wp-json\/wp\/v2\/media?parent=36335"}],"wp:term":[{"taxonomy":"product_brand","embeddable":true,"href":"https:\/\/helseforhandleren.no\/de\/wp-json\/wp\/v2\/product_brand?post=36335"},{"taxonomy":"product_cat","embeddable":true,"href":"https:\/\/helseforhandleren.no\/de\/wp-json\/wp\/v2\/product_cat?post=36335"},{"taxonomy":"product_tag","embeddable":true,"href":"https:\/\/helseforhandleren.no\/de\/wp-json\/wp\/v2\/product_tag?post=36335"}],"curies":[{"name":"wp","href":"https:\/\/api.w.org\/{rel}","templated":true}]}}