{"id":36350,"date":"2016-12-21T18:41:30","date_gmt":"2016-12-21T18:41:30","guid":{"rendered":"http:\/\/helseforhandleren.no\/?post_type=product&#038;p=36350\/"},"modified":"2024-04-05T09:39:17","modified_gmt":"2024-04-05T09:39:17","slug":"relux-energy-skulpture","status":"publish","type":"product","link":"https:\/\/helseforhandleren.no\/de\/geschaeft\/abschirmung\/re-lux-nb-de\/relux-energy-skulpture\/","title":{"rendered":"ReLux Energy-Skulpture"},"content":{"rendered":"<p>Zur Anwendung bei Elektrosmog:<\/p>\n<p>Steigerung des Wohlbefindens<br \/>\nErh\u00f6hung der Konzentrationsf\u00e4higkeit<br \/>\nAbbau von Stress-Symptomen<\/p>\n<p>Detailinformationen<\/p>\n<p>Inhaltsstoffe<\/p>\n<p>Eichenholz gebeizt, Fichtenholz, Plexiglas, Silicium, Magnesium, Bienenwachs, Gold.<\/p>\n<p>Ma\u00dfe und Gewicht<\/p>\n<p>40 x 40 x 176 cm. Gewicht ca. 20 kg.<\/p>\n","protected":false},"excerpt":{"rendered":"<p>Die optimale Harmonisierung von E-Smog und Wasseradern.<br \/>\nSteigerung des Wohlbefindens,<br \/>\nErh\u00f6hung der Konzentrationsf\u00e4higkeit,<br \/>\nAbbau von Stress-Symptomen<\/p>\n<p>Funktion und Anwendung<\/p>\n<p>Die Bildhauerwerkstatt Peter Kuhn realisiert f\u00fcr uns diese besondere Skulptur, jede ist ein Unikat.<\/p>\n<p>Als Tr\u00e4ger f\u00fcr drei RE LUX III erm\u00f6glicht sie es, die RE LUX-Energien in einer besonderen Qualit\u00e4t und St\u00e4rke in den Raum zu \u00fcbertragen und gleichzeitig einen \u00e4sthetischen Anziehungspunkt zu schaffen.<\/p>\n<p>Im Sockel ist eine speziell f\u00fcr diese Skulptur entwickelte Geometh-Platte mit einem sehr weiten Wirkungsbereich integriert.<\/p>\n<p>Somit ist die ReLux Energie-Skulptur II ideal geeignet, um in Foyers, L\u00e4den, B\u00fcros, Tagungs- oder Wohnr\u00e4umen einen originellen und sch\u00f6nen Kraftort entstehen zu lassen.<\/p>\n<p>Mehr zum Thema Elektrosmog und was Sie zu seiner Reduzierung beitragen k\u00f6nnen, finden Sie hier.<\/p>\n","protected":false},"featured_media":82679,"comment_status":"closed","ping_status":"closed","template":"","meta":[],"product_brand":[],"product_cat":[1184],"product_tag":[],"class_list":{"0":"post-36350","1":"product","2":"type-product","3":"status-publish","4":"has-post-thumbnail","6":"product_cat-re-lux-nb-de","8":"first","9":"outofstock","10":"taxable","11":"shipping-taxable","12":"purchasable","13":"product-type-simple"},"_links":{"self":[{"href":"https:\/\/helseforhandleren.no\/de\/wp-json\/wp\/v2\/product\/36350","targetHints":{"allow":["GET"]}}],"collection":[{"href":"https:\/\/helseforhandleren.no\/de\/wp-json\/wp\/v2\/product"}],"about":[{"href":"https:\/\/helseforhandleren.no\/de\/wp-json\/wp\/v2\/types\/product"}],"replies":[{"embeddable":true,"href":"https:\/\/helseforhandleren.no\/de\/wp-json\/wp\/v2\/comments?post=36350"}],"wp:featuredmedia":[{"embeddable":true,"href":"https:\/\/helseforhandleren.no\/de\/wp-json\/wp\/v2\/media\/82679"}],"wp:attachment":[{"href":"https:\/\/helseforhandleren.no\/de\/wp-json\/wp\/v2\/media?parent=36350"}],"wp:term":[{"taxonomy":"product_brand","embeddable":true,"href":"https:\/\/helseforhandleren.no\/de\/wp-json\/wp\/v2\/product_brand?post=36350"},{"taxonomy":"product_cat","embeddable":true,"href":"https:\/\/helseforhandleren.no\/de\/wp-json\/wp\/v2\/product_cat?post=36350"},{"taxonomy":"product_tag","embeddable":true,"href":"https:\/\/helseforhandleren.no\/de\/wp-json\/wp\/v2\/product_tag?post=36350"}],"curies":[{"name":"wp","href":"https:\/\/api.w.org\/{rel}","templated":true}]}}