{"id":36361,"date":"2014-08-10T09:58:00","date_gmt":"2014-08-10T09:58:00","guid":{"rendered":"http:\/\/helseforhandleren.no\/butikk\/uncategorized\/filtersystem-alvito-smart-basic-benkefilter-beholder-i-benk\/"},"modified":"2025-07-24T14:59:23","modified_gmt":"2025-07-24T12:59:23","slug":"filtersystem-alvito-smart-basic-benkefilter-beholder-i-benk","status":"publish","type":"product","link":"https:\/\/helseforhandleren.no\/de\/geschaeft\/wasser\/trinkwasser\/filtersystemer-de\/filtersystem-alvito-smart-basic-benkefilter-beholder-i-benk\/","title":{"rendered":"Alvito innebygget filtersystem Basic 2.2"},"content":{"rendered":"<h2>Alvito Basic innbyggingsfilter<\/h2>\n<h2>Benkefilter montert under benk med egen kran for filtrert vann.<\/h2>\n<ul>\n<li>Rask og enkel installasjon<\/li>\n<li>Tre mulige installasjonsvarianter<\/li>\n<li>Tilbakestr\u00f8mningssikring<\/li>\n<li>Enkel h\u00e5ndtering takket v\u00e6re plug-in-koblinger<\/li>\n<li>Valgfritt tilgjengelig med AquaStop<\/li>\n<\/ul>\n<p>Alvito Basic innbyggingsfilter er en gjennomtenkt l\u00f8sning for alle som \u00f8nsker \u00e5 filtrere tappevannet direkte under vasken. Enheten monteres plassbesparende i underskapet, og i kombinasjon med en passende filterinnsats s\u00f8rger den for merkbart bedre vann i hverdagen &#8211; uten synlig teknologi p\u00e5 benkeplaten.<\/p>\n<p>Skreddersydd filtrering<br \/>\nDet innebygde filteret er kompatibelt med alle 10-tommers filterinnsatser og kan derfor tilpasses individuelt til dine behov.<\/p>\n<p>Alvito-filterinnsatsene reduserer effektivt u\u00f8nskede stoffer som klor, medisinrester, plantevernmidler eller mikroplast &#8211; samtidig som verdifulle mineraler beholdes i vannet.<\/p>\n<p><strong>Merk: Filterinnsatser er ikke inkludert i leveringsomfanget og kan velges separat.<\/strong><\/p>\n<p><strong>Leter du etter et komplett sett?<\/strong><br \/>\n<strong>Hvis du er ute etter et helhetlig, samordnet system, kan du ogs\u00e5 finne praktiske komplette sett med filterinnsats, kran og alt tilbeh\u00f8r.<\/strong><\/p>\n<p>Plassbehov inkl. tilkoblinger (uten veggbrakett) minst ca. B x H x D: 350 \u00d7 315 \u00d7 123 mm.<\/p>\n<p>Med veggbrakett minst ca. B x H x D: 350 \u00d7 315 \u00d7 130 mm<\/p>\n<p>Passende filterinnsatser: alle 10-tommers blokkfiltre som ABF Primus SD, ABF Primus EM, ABF Primus CLC &#8211; filterinnsatsen er ikke inkludert i leveringsomfanget &#8211; bestill separat<\/p>\n<p>Dekorasjonsartikler er ikke inkludert i leveringsomfanget!<\/p>\n<p>OBS, viktig! M\u00e5 kun brukes med kaldt vann!<\/p>\n<p>Beskytt filteret mot sollys!<\/p>\n<p><a href=\"https:\/\/helseforhandleren.no\/wp-content\/uploads\/2020\/04\/Garantie_2023.pdf\">Garantie_2023<\/a><\/p>\n","protected":false},"excerpt":{"rendered":"<p>Alvito benkefilter til \u00e5 sette under benk, er en rimeligere utgave, men med samme h\u00f8ye kvalitet som filtrene til \u00e5 sette p\u00e5 benken. Filterbeholderen passer til h\u00f8ykvalitetsfilter av type aktivkull, med en s\u00e6rdeles h\u00f8y finhet og sikkerhet.\u00a0N\u00e5r filtereter fullt, avgir det ikke forurensning, men gjennomstr\u00f8mmingen blir d\u00e5rligere. B\u00f8r vanligvis skiftes en til to ganger pr. \u00e5r alt etter forbruk.\u00a0Selve filterbeholderen er meget enkel \u00e5 montere. Deler som trengs for montering under benken f\u00f8lger med.<br \/>\n225x365x190 mm 2,28 kg<\/p>\n<p>Her har du tre muligheter:<\/p>\n<ol>\n<li>Den koples til kaldtvannet og du filtrerer alt vannet.<\/li>\n<li>Du monterer en egen kran, slik at du bare filtrerer det du \u00f8nsker \u00e5 filtrere.<\/li>\n<li>Du monterer en kran med omsjalter slik at du har en kran, men bestemmer hva du vil filtrere.<\/li>\n<\/ol>\n<p><a href=\"http:\/\/helseforhandleren.no\/?s=kran&amp;lang=nb\" target=\"_blank\" rel=\"noopener\">Kraner<\/a> og <a href=\"http:\/\/helseforhandleren.no\/?s=filter&amp;lang=nb\" target=\"_blank\" rel=\"noopener\">filter<\/a> kj\u00f8pes separat etter \u00f8nske. Det finnes ulike typer og modeller.<\/p>\n<p>I tillegg er kan du vitalisere vannet med en vitaliseringsvirvler til \u00e5 sette p\u00e5 kranen. Alt vann som har g\u00e5tt gjennom r\u00f8rsystemer og filtrering er &#8222;trett&#8220;; det har lite vitalitet og friskhet. Den lille vannvirvleren som du setter p\u00e5 kranen, virvler vannet i begge retninger ved \u00a0avnnets egen bevegelse, uten bruk av magneter eller str\u00f8m. Virvleren \u00e5pner clustere (&#8222;klumper&#8220; av molekyler) \u00f8ker surstoffinnhold, bevegelighet og l\u00f8ser negativ p\u00e5virkning gjennom clusterstrukturene. Vannet blir mykere, friskere og lettere \u00e5 drikke.<\/p>\n<p>Alternativt kan man benytte en vannkaraffel fra <a href=\"http:\/\/helseforhandleren.no\/produktkategori\/vann\/tc-natures-design\/karafler\/\" target=\"_blank\" rel=\"noopener\">Natures design<\/a>. Karaflene har en linende positiv virkning p\u00e5 vannet. B\u00e5de virvlerne og karaflene har f\u00e5tt gode resultater i de tyske vannforskningsinstituttene. Det har ogs\u00e5 Alvitos filtersystemer.<\/p>\n<p>Alle produktene er produsert i Tyskland og holder h\u00f8y kvalitet.<\/p>\n<p>Alvito har en egen <a href=\"http:\/\/www.wasserfilter.info\/\" target=\"_blank\" rel=\"noopener\">informasjonsside<\/a> om filtrene, dessverre bare tilgjengelig p\u00e5 tysk forel\u00f8pig.<\/p>\n<p>Under the sink unit ready for installation at once<\/p>\n<p>* Easy connection<br \/>\n* Highly pressure-stable housing, made in Germany<br \/>\n* Ready for use with T-piece<br \/>\n* Wall bracket<br \/>\n* Mix-up-proof quick connector (Poka Yoke) for easy filter change at the top of the sink<br \/>\n* The normal pressure of your water-supply line is sufficient for the filtration<br \/>\n* Connections included<\/p>\n","protected":false},"featured_media":86164,"comment_status":"closed","ping_status":"closed","template":"","meta":[],"product_brand":[],"product_cat":[1907,1213],"product_tag":[1231],"class_list":{"0":"post-36361","1":"product","2":"type-product","3":"status-publish","4":"has-post-thumbnail","6":"product_cat-alvito-vannrensere-de","7":"product_cat-filtersystemer-de","8":"product_tag-vann-2-de","10":"first","11":"onbackorder","12":"taxable","13":"shipping-taxable","14":"purchasable","15":"product-type-simple"},"_links":{"self":[{"href":"https:\/\/helseforhandleren.no\/de\/wp-json\/wp\/v2\/product\/36361","targetHints":{"allow":["GET"]}}],"collection":[{"href":"https:\/\/helseforhandleren.no\/de\/wp-json\/wp\/v2\/product"}],"about":[{"href":"https:\/\/helseforhandleren.no\/de\/wp-json\/wp\/v2\/types\/product"}],"replies":[{"embeddable":true,"href":"https:\/\/helseforhandleren.no\/de\/wp-json\/wp\/v2\/comments?post=36361"}],"wp:featuredmedia":[{"embeddable":true,"href":"https:\/\/helseforhandleren.no\/de\/wp-json\/wp\/v2\/media\/86164"}],"wp:attachment":[{"href":"https:\/\/helseforhandleren.no\/de\/wp-json\/wp\/v2\/media?parent=36361"}],"wp:term":[{"taxonomy":"product_brand","embeddable":true,"href":"https:\/\/helseforhandleren.no\/de\/wp-json\/wp\/v2\/product_brand?post=36361"},{"taxonomy":"product_cat","embeddable":true,"href":"https:\/\/helseforhandleren.no\/de\/wp-json\/wp\/v2\/product_cat?post=36361"},{"taxonomy":"product_tag","embeddable":true,"href":"https:\/\/helseforhandleren.no\/de\/wp-json\/wp\/v2\/product_tag?post=36361"}],"curies":[{"name":"wp","href":"https:\/\/api.w.org\/{rel}","templated":true}]}}