{"id":36411,"date":"2017-01-17T10:06:30","date_gmt":"2017-01-17T10:06:30","guid":{"rendered":"http:\/\/helseforhandleren.no\/butikk\/uncategorized\/erdungsplatte-klett-gv\/"},"modified":"2026-02-22T16:23:56","modified_gmt":"2026-02-22T15:23:56","slug":"erdungsplatte-klett-gv","status":"publish","type":"product","link":"https:\/\/helseforhandleren.no\/de\/geschaeft\/abschirmung\/erdung-accessoires\/erdungsplatte-klett-gv\/","title":{"rendered":"Erdungsplatte Klett GV"},"content":{"rendered":"<div class=\"unterlinie\"><strong>Anwendung:<\/strong>\u00a0Erdung<\/div>\n<div class=\"unterlinie\"><strong>Farbe:<\/strong>\u00a0Silber<\/div>\n<div class=\"product--description\">\n<p><strong>Erdungsplatte mit versilbertem Klettverschluss \u201eHaken\u201c.\u00a0<\/strong>Alle unsere gen\u00e4hten erbaren Produkte (Baldachine, Bodenunterlagen, Decke, Schlafsack, Bettw\u00e4sche, usw.) haben 2-4 St\u00fccke versilberten Klettverschluss \u201eFlausch\u201c mit einem Silberfaden aufgen\u00e4ht. GV andr\u00fccken, fertig. 3 Anschlussbuchsen.<\/p>\n<ul>\n<li>Lieferumfang:\u00a0Erdungsplatte 34 x 28 mm mit 5 cm versilbertem Klettverschluss \u201eHaken\u201c, 3 L\u00f6tstecker.<\/li>\n<li>Kein Kabel im Lieferumfang, wir empfehlen unsere fertig konfektionierten Kabel GC.<\/li>\n<\/ul>\n<\/div>\n","protected":false},"excerpt":{"rendered":"<p>Erdungsplatte mit versilbertem Klettverschluss f\u00fcr alle unsere gen\u00e4hten Produkte mit Klett-Gegenst\u00fcck.<\/p>\n<h4>Downloads<br \/>\n<a href=\"http:\/\/helseforhandleren.no\/wp-content\/uploads\/2014\/10\/y-Erdung-TMB.pdf\">Technisches Merkblatt<br \/>\n<\/a><a href=\"http:\/\/helseforhandleren.no\/wp-content\/uploads\/2017\/01\/y-Katalogseiten-Erdung.pdf\">Katalogseiten<\/a><a href=\"http:\/\/helseforhandleren.no\/wp-content\/uploads\/2014\/10\/y-Erdung-TMB.pdf\"><\/a><\/h4>\n","protected":false},"featured_media":82700,"comment_status":"closed","ping_status":"closed","template":"","meta":[],"product_brand":[],"product_cat":[1030],"product_tag":[1339,1275,1293],"class_list":{"0":"post-36411","1":"product","2":"type-product","3":"status-publish","4":"has-post-thumbnail","6":"product_cat-erdung-accessoires","7":"product_tag-jording-de","8":"product_tag-skjerming-2","9":"product_tag-stoff-2","11":"first","12":"instock","13":"taxable","14":"shipping-taxable","15":"purchasable","16":"product-type-simple"},"_links":{"self":[{"href":"https:\/\/helseforhandleren.no\/de\/wp-json\/wp\/v2\/product\/36411","targetHints":{"allow":["GET"]}}],"collection":[{"href":"https:\/\/helseforhandleren.no\/de\/wp-json\/wp\/v2\/product"}],"about":[{"href":"https:\/\/helseforhandleren.no\/de\/wp-json\/wp\/v2\/types\/product"}],"replies":[{"embeddable":true,"href":"https:\/\/helseforhandleren.no\/de\/wp-json\/wp\/v2\/comments?post=36411"}],"wp:featuredmedia":[{"embeddable":true,"href":"https:\/\/helseforhandleren.no\/de\/wp-json\/wp\/v2\/media\/82700"}],"wp:attachment":[{"href":"https:\/\/helseforhandleren.no\/de\/wp-json\/wp\/v2\/media?parent=36411"}],"wp:term":[{"taxonomy":"product_brand","embeddable":true,"href":"https:\/\/helseforhandleren.no\/de\/wp-json\/wp\/v2\/product_brand?post=36411"},{"taxonomy":"product_cat","embeddable":true,"href":"https:\/\/helseforhandleren.no\/de\/wp-json\/wp\/v2\/product_cat?post=36411"},{"taxonomy":"product_tag","embeddable":true,"href":"https:\/\/helseforhandleren.no\/de\/wp-json\/wp\/v2\/product_tag?post=36411"}],"curies":[{"name":"wp","href":"https:\/\/api.w.org\/{rel}","templated":true}]}}