{"id":36603,"date":"2014-08-10T09:59:02","date_gmt":"2014-08-10T09:59:02","guid":{"rendered":"http:\/\/helseforhandleren.no\/butikk\/uncategorized\/sovepose-i-skjermende-stoff-naturell-enkeltseng-90-x225\/"},"modified":"2024-06-04T16:34:58","modified_gmt":"2024-06-04T14:34:58","slug":"sovepose-i-skjermende-stoff-naturell-enkeltseng-90-x225","status":"publish","type":"product","link":"https:\/\/helseforhandleren.no\/de\/geschaeft\/abschirmung\/abschirmung-bett-baldachine-canopy\/schlafsack\/sovepose-i-skjermende-stoff-naturell-enkeltseng-90-x225\/","title":{"rendered":"Sovepose i skjermende stoff, Naturell Ultima, Enkeltseng 90 x225"},"content":{"rendered":"<p>Sovepose i skjermende stoff, Naturell Ultima, med lang glidel\u00e5s og New Daylight foran ansiktet for at den skal kjennes bekvem og luftig \u00e5 sove i. Enkeltseng 90 x225. \u00a0Fin p\u00e5 reise.<\/p>\n","protected":false},"excerpt":{"rendered":"<p>Sovepose i skjermende stoff, Naturell, Enkeltseng 90 x225 med glidel\u00e5s og pustende stoff\u00a0 i New Daylight foran ansiktet. Enkel \u00e5 ta med p\u00e5 reise og overnattingsbes\u00f8k.<\/p>\n","protected":false},"featured_media":85663,"comment_status":"closed","ping_status":"closed","template":"","meta":[],"product_brand":[],"product_cat":[1269,1268],"product_tag":[1294,1275,1296,808],"class_list":{"0":"post-36603","1":"product","2":"type-product","3":"status-publish","4":"has-post-thumbnail","6":"product_cat-baldachine","7":"product_cat-schlafsack","8":"product_tag-baldakiner-de","9":"product_tag-skjerming-2","10":"product_tag-soveposer-etc-de","11":"product_tag-strahlung-emf-de","13":"first","14":"onbackorder","15":"taxable","16":"shipping-taxable","17":"purchasable","18":"product-type-simple"},"_links":{"self":[{"href":"https:\/\/helseforhandleren.no\/de\/wp-json\/wp\/v2\/product\/36603","targetHints":{"allow":["GET"]}}],"collection":[{"href":"https:\/\/helseforhandleren.no\/de\/wp-json\/wp\/v2\/product"}],"about":[{"href":"https:\/\/helseforhandleren.no\/de\/wp-json\/wp\/v2\/types\/product"}],"replies":[{"embeddable":true,"href":"https:\/\/helseforhandleren.no\/de\/wp-json\/wp\/v2\/comments?post=36603"}],"wp:featuredmedia":[{"embeddable":true,"href":"https:\/\/helseforhandleren.no\/de\/wp-json\/wp\/v2\/media\/85663"}],"wp:attachment":[{"href":"https:\/\/helseforhandleren.no\/de\/wp-json\/wp\/v2\/media?parent=36603"}],"wp:term":[{"taxonomy":"product_brand","embeddable":true,"href":"https:\/\/helseforhandleren.no\/de\/wp-json\/wp\/v2\/product_brand?post=36603"},{"taxonomy":"product_cat","embeddable":true,"href":"https:\/\/helseforhandleren.no\/de\/wp-json\/wp\/v2\/product_cat?post=36603"},{"taxonomy":"product_tag","embeddable":true,"href":"https:\/\/helseforhandleren.no\/de\/wp-json\/wp\/v2\/product_tag?post=36603"}],"curies":[{"name":"wp","href":"https:\/\/api.w.org\/{rel}","templated":true}]}}