{"id":36796,"date":"2014-08-10T09:59:53","date_gmt":"2014-08-10T09:59:53","guid":{"rendered":"http:\/\/helseforhandleren.no\/butikk\/uncategorized\/jordingssett-til-magnetfelt-skjermingsfolie\/"},"modified":"2024-04-05T09:41:02","modified_gmt":"2024-04-05T09:41:02","slug":"jordingssett-til-magnetfelt-skjermingsfolie","status":"publish","type":"product","link":"https:\/\/helseforhandleren.no\/de\/geschaeft\/abschirmung\/erdung-accessoires\/jordingssett-til-magnetfelt-skjermingsfolie\/","title":{"rendered":"Jordingssett Klassisk til skjermingsfolie for magnetfelt"},"content":{"rendered":"<p><strong>Jordingssett for bruk sammen med v\u00e5r skjermingsfolie for magnetfelt MCL61.<\/strong> Overflaten p\u00e5 MCL61 er elektrisk isolert. Skruene skrues gjennom polyesterfolien og s\u00f8rger p\u00e5 den m\u00e5ten for elektrisk kontakt for jording.<\/p>\n<p>Leveringsomfang: 10 x Skrue, 10 x plugger, 10 x tannskive, 10 x kabelskoen for 1,5-2,5 mm \u00b2<\/p>\n","protected":false},"excerpt":{"rendered":"<p>Jordingssett til skjermingsfolie for magnetfelt MCL61.<\/p>\n<p>&nbsp;<\/p>\n<p>&nbsp;<\/p>\n<p>&nbsp;<\/p>\n","protected":false},"featured_media":82802,"comment_status":"closed","ping_status":"closed","template":"","meta":[],"product_brand":[],"product_cat":[1030,731],"product_tag":[1339,1275,1351],"class_list":{"0":"post-36796","1":"product","2":"type-product","3":"status-publish","4":"has-post-thumbnail","6":"product_cat-erdung-accessoires","7":"product_cat-magnetfeldabschirmung-de","8":"product_tag-jording-de","9":"product_tag-skjerming-2","10":"product_tag-skjerming-magnetfelt-de","12":"first","13":"instock","14":"taxable","15":"shipping-taxable","16":"purchasable","17":"product-type-simple"},"_links":{"self":[{"href":"https:\/\/helseforhandleren.no\/de\/wp-json\/wp\/v2\/product\/36796","targetHints":{"allow":["GET"]}}],"collection":[{"href":"https:\/\/helseforhandleren.no\/de\/wp-json\/wp\/v2\/product"}],"about":[{"href":"https:\/\/helseforhandleren.no\/de\/wp-json\/wp\/v2\/types\/product"}],"replies":[{"embeddable":true,"href":"https:\/\/helseforhandleren.no\/de\/wp-json\/wp\/v2\/comments?post=36796"}],"wp:featuredmedia":[{"embeddable":true,"href":"https:\/\/helseforhandleren.no\/de\/wp-json\/wp\/v2\/media\/82802"}],"wp:attachment":[{"href":"https:\/\/helseforhandleren.no\/de\/wp-json\/wp\/v2\/media?parent=36796"}],"wp:term":[{"taxonomy":"product_brand","embeddable":true,"href":"https:\/\/helseforhandleren.no\/de\/wp-json\/wp\/v2\/product_brand?post=36796"},{"taxonomy":"product_cat","embeddable":true,"href":"https:\/\/helseforhandleren.no\/de\/wp-json\/wp\/v2\/product_cat?post=36796"},{"taxonomy":"product_tag","embeddable":true,"href":"https:\/\/helseforhandleren.no\/de\/wp-json\/wp\/v2\/product_tag?post=36796"}],"curies":[{"name":"wp","href":"https:\/\/api.w.org\/{rel}","templated":true}]}}