{"id":36808,"date":"2014-08-10T09:58:09","date_gmt":"2014-08-10T09:58:09","guid":{"rendered":"http:\/\/helseforhandleren.no\/butikk\/uncategorized\/mumetall-folie-nmf25-mot-magnetfelt-25-cm-bred\/"},"modified":"2024-04-05T09:41:09","modified_gmt":"2024-04-05T09:41:09","slug":"mumetall-folie-nmf25-mot-magnetfelt-25-cm-bred","status":"publish","type":"product","link":"https:\/\/helseforhandleren.no\/de\/geschaeft\/skjerming-straling-emf\/skjerming-magnetfelt\/mumetall-folie-nmf25-mot-magnetfelt-25-cm-bred\/","title":{"rendered":"Mumetall folie NMF25 mot magnetfelt (25 cm bred)"},"content":{"rendered":"<p>M\u00e5l:<br \/>0,1 mm tykk, 250 mm bredde.<\/p>\n<p>Leveres i ruller og bestilles metervis.<\/p>\n<p>Bruksomr\u00e5der:<\/p>\n<p>&#8211; avskjerming av transformatorer,&nbsp; ogs\u00e5 sm\u00e5 ladere \/trafo i huset&nbsp; som f.eks. i lysstoffr\u00f8r, halogenlamper, mobilladere &#8230;<br \/>&#8211; sikringsskap, str\u00f8minntak, etc.<br \/>&#8211; magnetfelt i bilen<br \/>&#8211; kabler<\/p>\n<p>Mu-metall brukes ogs\u00e5 i industrien: B\u00e5de for \u00e5 skjerme arbeideren mot felt fra motorer, trafoer etc &#8211; og for \u00e5 sikre maskiner og&nbsp; deler i apparaturer og utstyr mot interferens.<\/p>\n<p>Montering:<\/p>\n<p>For \u00e5 oppn\u00e5 maksimal effekt, monteres mu-metallfolien n\u00e6rmest mulig str\u00e5lekilden. <br \/>Magnetfeltet sprer seg i en radius rundt str\u00e5llingskilden, derfor b\u00f8r&nbsp; ogs\u00e5 alle sider av str\u00e5lekilden skjermes for \u00e5 oppn\u00e5&nbsp; full effekt.<br \/>NMF25 is a Mu-metal foil for shielding of low-frequency magnetic fields. Due to the low electrical resistance even for shielding low-frequency electric fields (LF) and high-frequency radiation (HF).<\/p>\n<p><\/p>\n","protected":false},"excerpt":{"rendered":"<p>Mu-metall er den enste virkelig efektive m\u00e5ten \u00e5 skjerme lavfrekvente magnetfelt p\u00e5.<br \/>Mu-metall<br \/>\n blir spesiallaget av ulike metaller og kommer i folier&nbsp; eller<br \/>\nferdiglagete plater. Foien er p\u00e5 25 cm bredde og lengden selges etter<br \/>\n\u00f8nsket m\u00e5ll.&nbsp; Folien kan kuttes med saks og b\u00f8yes, f.eks. rundt<br \/>\nmagnetfelt-kilden. Den kan enkelt festets med tosidet tape eller<br \/>\ndispersjonslim. Slik kan folien klistres p\u00e5 kildene til magnetfeltene.<\/p>\n<p><\/p>\n<p><\/p>\n","protected":false},"featured_media":82808,"comment_status":"closed","ping_status":"closed","template":"","meta":[],"product_brand":[],"product_cat":[728,15],"product_tag":[],"class_list":{"0":"post-36808","1":"product","2":"type-product","3":"status-publish","4":"has-post-thumbnail","6":"product_cat-skjerming-magnetfelt","7":"product_cat-straling-emf","9":"first","10":"instock","11":"taxable","12":"shipping-taxable","13":"purchasable","14":"product-type-simple"},"_links":{"self":[{"href":"https:\/\/helseforhandleren.no\/de\/wp-json\/wp\/v2\/product\/36808","targetHints":{"allow":["GET"]}}],"collection":[{"href":"https:\/\/helseforhandleren.no\/de\/wp-json\/wp\/v2\/product"}],"about":[{"href":"https:\/\/helseforhandleren.no\/de\/wp-json\/wp\/v2\/types\/product"}],"replies":[{"embeddable":true,"href":"https:\/\/helseforhandleren.no\/de\/wp-json\/wp\/v2\/comments?post=36808"}],"wp:featuredmedia":[{"embeddable":true,"href":"https:\/\/helseforhandleren.no\/de\/wp-json\/wp\/v2\/media\/82808"}],"wp:attachment":[{"href":"https:\/\/helseforhandleren.no\/de\/wp-json\/wp\/v2\/media?parent=36808"}],"wp:term":[{"taxonomy":"product_brand","embeddable":true,"href":"https:\/\/helseforhandleren.no\/de\/wp-json\/wp\/v2\/product_brand?post=36808"},{"taxonomy":"product_cat","embeddable":true,"href":"https:\/\/helseforhandleren.no\/de\/wp-json\/wp\/v2\/product_cat?post=36808"},{"taxonomy":"product_tag","embeddable":true,"href":"https:\/\/helseforhandleren.no\/de\/wp-json\/wp\/v2\/product_tag?post=36808"}],"curies":[{"name":"wp","href":"https:\/\/api.w.org\/{rel}","templated":true}]}}