{"id":36845,"date":"2014-08-10T09:58:29","date_gmt":"2014-08-10T09:58:29","guid":{"rendered":"http:\/\/helseforhandleren.no\/butikk\/uncategorized\/jordingsmatte-60x45-cm\/"},"modified":"2024-04-05T09:41:22","modified_gmt":"2024-04-05T09:41:22","slug":"jordingsmatte-60x45-cm","status":"publish","type":"product","link":"https:\/\/helseforhandleren.no\/de\/geschaeft\/abschirmung\/daten-mobile-de\/jordingsmatte-60x45-cm\/","title":{"rendered":"Jordingsmatte 60&#215;45 cm"},"content":{"rendered":"<p>Jordingsmatte 60&#215;45 cm som b\u00e5de skjermer og kan jordes meget effektivt. Laget av stoffet Silver Twin med 20 % s\u00f8lv. Jordingsutstyret m\u00e5 kj\u00f8pes separat til matten med kabel i valgfri lengde.<\/p>\n","protected":false},"excerpt":{"rendered":"<p>Jordingsmatte 60&#215;45 cm som b\u00e5de skjermer og kan jordes meget  [&#8230;]<\/p>\n","protected":false},"featured_media":0,"comment_status":"closed","ping_status":"closed","template":"","meta":[],"product_brand":[],"product_cat":[734],"product_tag":[],"class_list":{"0":"post-36845","1":"product","2":"type-product","3":"status-publish","5":"product_cat-daten-mobile-de","7":"first","8":"instock","9":"taxable","10":"shipping-taxable","11":"purchasable","12":"product-type-simple"},"_links":{"self":[{"href":"https:\/\/helseforhandleren.no\/de\/wp-json\/wp\/v2\/product\/36845","targetHints":{"allow":["GET"]}}],"collection":[{"href":"https:\/\/helseforhandleren.no\/de\/wp-json\/wp\/v2\/product"}],"about":[{"href":"https:\/\/helseforhandleren.no\/de\/wp-json\/wp\/v2\/types\/product"}],"replies":[{"embeddable":true,"href":"https:\/\/helseforhandleren.no\/de\/wp-json\/wp\/v2\/comments?post=36845"}],"wp:attachment":[{"href":"https:\/\/helseforhandleren.no\/de\/wp-json\/wp\/v2\/media?parent=36845"}],"wp:term":[{"taxonomy":"product_brand","embeddable":true,"href":"https:\/\/helseforhandleren.no\/de\/wp-json\/wp\/v2\/product_brand?post=36845"},{"taxonomy":"product_cat","embeddable":true,"href":"https:\/\/helseforhandleren.no\/de\/wp-json\/wp\/v2\/product_cat?post=36845"},{"taxonomy":"product_tag","embeddable":true,"href":"https:\/\/helseforhandleren.no\/de\/wp-json\/wp\/v2\/product_tag?post=36845"}],"curies":[{"name":"wp","href":"https:\/\/api.w.org\/{rel}","templated":true}]}}