{"id":36854,"date":"2014-08-10T09:57:34","date_gmt":"2014-08-10T09:57:34","guid":{"rendered":"http:\/\/helseforhandleren.no\/butikk\/uncategorized\/earth-fx-jordingsmatte-for-arbeidsplassen-fotmatte\/"},"modified":"2024-04-05T09:41:26","modified_gmt":"2024-04-05T09:41:26","slug":"earth-fx-jordingsmatte-for-arbeidsplassen-fotmatte","status":"publish","type":"product","link":"https:\/\/helseforhandleren.no\/de\/geschaeft\/strahlung-emf-de\/elektro-de\/data-de\/earth-fx-jordingsmatte-for-arbeidsplassen-fotmatte\/","title":{"rendered":"Earth FX Jordingsmatte for arbeidsplassen (fotmatte)"},"content":{"rendered":"<p>EarthFX jordingsmatte er f\u00f8rst og fremst beregnet p\u00e5 \u00e5 ha bena p\u00e5 den n\u00e5r du sitter i lengre tidsrom p\u00e5 kontoret. Effekten er den samme som om du st\u00e5r barfot i gresset; spenning i kroppen lades ut, og man trekker i tillegg elektroner fra jorden. Den fungerer best om du er barfot, men str\u00e5lingen ledes ogs\u00e5 ut fra kroppen om du har sokker p\u00e5. (Helst ikke syntetiske) Matten kan ogs\u00e5 brukes til andre form\u00e5l hvor det er \u00f8nskelig \u00e5 koble seg til jord.<\/p>\n<p>Jordingsmatten er en slitesterk og sv\u00e6rt ledende spesialgummimatte med trykknapptilkobling, og det medf\u00f8lger tilkoblingsledning med 100 kiloohm motstand p\u00e5 trykknappen, og jordspyd eller veggkontakt med 1 megaohm motstand. Du kan spesifisere i notatfeltet &#8222;Hvor fant du oss&#8220; ved bestilling at du \u00f8nsker veggkontakt uten motstand for \u00e5 f\u00e5 litt bedre jordingseffekt dersom du har f\u00e5tt testet at jordingen i bygget er god. Her kan du og spesifisere om du \u00f8nsker jordspyd istedenfor veggkontakt. Jordspyd gir bedre effekt, men forskjellen er ikke like stor p\u00e5 matten til dagbruk som p\u00e5 lakenet til nattesbruk. De fleste steder der jordingsmatte brukes er det vanskelig \u00e5 koble til ute i jorden, og derfor er veggkontakt standard sammen med en beskrivelse av hvordan jorden b\u00f8r testes.<\/p>\n","protected":false},"excerpt":{"rendered":"<p>Jordingsmatte til \u00e5 ha f\u00f8ttene p\u00e5, komplett med ledning og jordspyd eller sikret tilkoblingsst\u00f8psel til jordet stikkontakt.<\/p>\n<p>&nbsp;<\/p>\n","protected":false},"featured_media":82826,"comment_status":"closed","ping_status":"closed","template":"","meta":[],"product_brand":[],"product_cat":[1361,916,1050],"product_tag":[],"class_list":{"0":"post-36854","1":"product","2":"type-product","3":"status-publish","4":"has-post-thumbnail","6":"product_cat-arbeidsplassen-de","7":"product_cat-arbeitsplatz","8":"product_cat-data-de","10":"first","11":"outofstock","12":"taxable","13":"shipping-taxable","14":"purchasable","15":"product-type-simple"},"_links":{"self":[{"href":"https:\/\/helseforhandleren.no\/de\/wp-json\/wp\/v2\/product\/36854","targetHints":{"allow":["GET"]}}],"collection":[{"href":"https:\/\/helseforhandleren.no\/de\/wp-json\/wp\/v2\/product"}],"about":[{"href":"https:\/\/helseforhandleren.no\/de\/wp-json\/wp\/v2\/types\/product"}],"replies":[{"embeddable":true,"href":"https:\/\/helseforhandleren.no\/de\/wp-json\/wp\/v2\/comments?post=36854"}],"wp:featuredmedia":[{"embeddable":true,"href":"https:\/\/helseforhandleren.no\/de\/wp-json\/wp\/v2\/media\/82826"}],"wp:attachment":[{"href":"https:\/\/helseforhandleren.no\/de\/wp-json\/wp\/v2\/media?parent=36854"}],"wp:term":[{"taxonomy":"product_brand","embeddable":true,"href":"https:\/\/helseforhandleren.no\/de\/wp-json\/wp\/v2\/product_brand?post=36854"},{"taxonomy":"product_cat","embeddable":true,"href":"https:\/\/helseforhandleren.no\/de\/wp-json\/wp\/v2\/product_cat?post=36854"},{"taxonomy":"product_tag","embeddable":true,"href":"https:\/\/helseforhandleren.no\/de\/wp-json\/wp\/v2\/product_tag?post=36854"}],"curies":[{"name":"wp","href":"https:\/\/api.w.org\/{rel}","templated":true}]}}